{"id":4147,"date":"2025-03-14T14:53:10","date_gmt":"2025-03-14T06:53:10","guid":{"rendered":"https:\/\/ruishengglassco.com\/?post_type=product&#038;p=4147"},"modified":"2025-07-16T14:59:45","modified_gmt":"2025-07-16T06:59:45","slug":"rs125-16-oz-dekorative-glasflaschen-mit-deckeln","status":"publish","type":"product","link":"https:\/\/ruishengglassco.com\/de\/produkt\/rs125-16-oz-dekorative-glasflaschen-mit-deckeln","title":{"rendered":"RS125: 16 oz dekorative Glasflaschen mit Kappen"},"content":{"rendered":"<p><span data-preserver-spaces=\"true\">Diese 16 Unzen dekorative Glasflaschen Gro\u00dfhandel <\/span><span data-preserver-spaces=\"true\">gemacht werden<\/span><span data-preserver-spaces=\"true\"> aus Super-Flint-Glasmaterial. Diese Lik\u00f6rglasflasche hat einen dicken Boden, um ihre Qualit\u00e4t zu unterstreichen. Die 16-Unzen-Glasflaschen haben einen dicken Boden und eine schmale Schulter oben. Der Verschlusstyp dieser Glasflasche ist ein Gala-Deckel, und jedes Material ist verf\u00fcgbar, wie z.B. ein Plastikdeckel oder Metalldeckel.<\/span><\/p>\n<p><span data-preserver-spaces=\"true\">Diese 16 oz dekorativen Glasflaschen <\/span><span data-preserver-spaces=\"true\">gemacht werden<\/span><span data-preserver-spaces=\"true\"> im Kreis Yuncheng in der Provinz Shandong. Der Kreis Yuncheng ist ber\u00fchmt f\u00fcr seine Getr\u00e4nkeverpackungen. Hier finden Sie Weinglasflaschen, Verschl\u00fcsse, Papieretiketten, Kunststoffetiketten, Metalletiketten, Verpackungskartons und andere verwandte Produkte.<\/span><\/p>\n<p><span data-preserver-spaces=\"true\">Unser Unternehmen hat sich der Herstellung hochwertiger Glasflaschen verschrieben. Die Fabrik besch\u00e4ftigt etwa 500 Mitarbeiter und verf\u00fcgt \u00fcber 30 Mitarbeiter f\u00fcr die Qualit\u00e4tskontrolle. Wir werden die Glasflaschen viele Male kontrollieren. Nachdem die Flasche <\/span><span data-preserver-spaces=\"true\">wird geteilt<\/span><span data-preserver-spaces=\"true\"> aus der Form, werden wir sie zum ersten Mal pr\u00fcfen. Nachdem die Glasflasche aus der K\u00fchlmaschine gekommen ist, werden wir die Flasche erneut pr\u00fcfen. Wenn wir die Etiketten f\u00fcr die Flaschen erstellt haben, werden wir die Glasflaschen erneut pr\u00fcfen. Und wenn wir sie verpackt haben, \u00fcberpr\u00fcfen wir sie zum letzten Mal. <\/span><span data-preserver-spaces=\"true\">Dabei werden wir sicherstellen, dass alle unsere Produkte <\/span><span data-preserver-spaces=\"true\">sind von<\/span><span data-preserver-spaces=\"true\"> hohe Qualit\u00e4t, bevor sie an den Kunden verschickt werden.<\/span><\/p>\n<h2><span data-preserver-spaces=\"true\">Die Informationen \u00fcber 16 oz dekorative Glasflaschen<\/span><\/h2>\n<p><span data-preserver-spaces=\"true\">Diese 16 oz dekorativen Glasflaschen <\/span><span data-preserver-spaces=\"true\">gemacht werden<\/span><span data-preserver-spaces=\"true\"> aus kristallwei\u00dfem Glasmaterial. Es ist klar und glatt auf der Oberfl\u00e4che der Glasflaschen. Das Glasgewicht dieser Flaschen betr\u00e4gt 580g. <\/span><span data-preserver-spaces=\"true\">Wir <\/span><span data-preserver-spaces=\"true\">in der Regel<\/span><span data-preserver-spaces=\"true\"> die Glasflaschen verpacken <\/span><span data-preserver-spaces=\"true\">f\u00fcr<\/span><span data-preserver-spaces=\"true\"> 24 <\/span><span data-preserver-spaces=\"true\">St\u00fcck<\/span><span data-preserver-spaces=\"true\"> pro Standard-Exportkarton.<\/span><span data-preserver-spaces=\"true\"> Wenn Sie besondere Anforderungen haben, k\u00f6nnen wir diese ebenfalls erf\u00fcllen, z. B. farbige Kartons und rauchfreie Paletten.<\/span><\/p>\n<p><span data-preserver-spaces=\"true\">Wenn Sie sich \u00fcber unsere 16oz dekorativen Glasflaschen oder andere kundenspezifische Glasflaschen erkundigen m\u00f6chten, setzen Sie sich bitte mit uns in Verbindung, und wir werden Ihnen unseren besten Service bieten.<\/span><\/p>","protected":false},"excerpt":{"rendered":"<p>Wenn Sie an unseren 16 oz Glassaftflaschen interessiert sind, nehmen Sie bitte Kontakt mit uns auf. Wir werden Ihnen innerhalb von 24 Stunden antworten.<\/p>","protected":false},"featured_media":4149,"comment_status":"closed","ping_status":"closed","template":"","meta":[],"product_cat":[15],"class_list":{"0":"post-4147","1":"product","2":"type-product","3":"status-publish","4":"has-post-thumbnail","6":"product_cat-glass-liquor-spirit-bottles","8":"first","9":"instock","10":"shipping-taxable","11":"product-type-simple"},"yoast_head":"<!-- This site is optimized with the Yoast SEO plugin v22.0 - https:\/\/yoast.com\/wordpress\/plugins\/seo\/ -->\n<title>16 oz Decorative Glass Bottles Wholesale | Unique Liquor Bottles Supplier<\/title>\n<meta name=\"description\" content=\"Ruisheng, a professional liquor bottles manufacturer &amp; supplier, provide 16 oz decorative glass bottles wholesale in factory outlet price.\" \/>\n<meta name=\"robots\" content=\"index, follow, max-snippet:-1, max-image-preview:large, max-video-preview:-1\" \/>\n<link rel=\"canonical\" href=\"https:\/\/ruishengglassco.com\/de\/produkt\/rs125-16-oz-dekorative-glasflaschen-mit-deckeln\" \/>\n<meta property=\"og:locale\" content=\"de_DE\" \/>\n<meta property=\"og:type\" content=\"article\" \/>\n<meta property=\"og:title\" content=\"16 oz Decorative Glass Bottles Wholesale | Unique Liquor Bottles Supplier\" \/>\n<meta property=\"og:description\" content=\"Ruisheng, a professional liquor bottles manufacturer &amp; supplier, provide 16 oz decorative glass bottles wholesale in factory outlet price.\" \/>\n<meta property=\"og:url\" content=\"https:\/\/ruishengglassco.com\/de\/produkt\/rs125-16-oz-dekorative-glasflaschen-mit-deckeln\" \/>\n<meta property=\"article:publisher\" content=\"https:\/\/www.facebook.com\/ruishengglassbottles\" \/>\n<meta property=\"article:modified_time\" content=\"2025-07-16T06:59:45+00:00\" \/>\n<meta property=\"og:image\" content=\"https:\/\/ruishengglassco.com\/wp-content\/uploads\/2025\/03\/RS125-16-oz-decorative-glass-bottles-with-caps.webp\" \/>\n\t<meta property=\"og:image:width\" content=\"400\" \/>\n\t<meta property=\"og:image:height\" content=\"400\" \/>\n\t<meta property=\"og:image:type\" content=\"image\/webp\" \/>\n<meta name=\"twitter:card\" content=\"summary_large_image\" \/>\n<meta name=\"twitter:label1\" content=\"Gesch\u00e4tzte Lesezeit\" \/>\n\t<meta name=\"twitter:data1\" content=\"2\u00a0Minuten\" \/>\n<script type=\"application\/ld+json\" class=\"yoast-schema-graph\">{\"@context\":\"https:\/\/schema.org\",\"@graph\":[{\"@type\":\"WebPage\",\"@id\":\"https:\/\/ruishengglassco.com\/product\/rs125-16-oz-decorative-glass-bottles-with-caps\",\"url\":\"https:\/\/ruishengglassco.com\/product\/rs125-16-oz-decorative-glass-bottles-with-caps\",\"name\":\"16 oz Decorative Glass Bottles Wholesale | Unique Liquor Bottles Supplier\",\"isPartOf\":{\"@id\":\"https:\/\/ruishengglassco.com\/#website\"},\"datePublished\":\"2025-03-14T06:53:10+00:00\",\"dateModified\":\"2025-07-16T06:59:45+00:00\",\"description\":\"Ruisheng, a professional liquor bottles manufacturer & supplier, provide 16 oz decorative glass bottles wholesale in factory outlet price.\",\"breadcrumb\":{\"@id\":\"https:\/\/ruishengglassco.com\/product\/rs125-16-oz-decorative-glass-bottles-with-caps#breadcrumb\"},\"inLanguage\":\"de\",\"potentialAction\":[{\"@type\":\"ReadAction\",\"target\":[\"https:\/\/ruishengglassco.com\/product\/rs125-16-oz-decorative-glass-bottles-with-caps\"]}]},{\"@type\":\"BreadcrumbList\",\"@id\":\"https:\/\/ruishengglassco.com\/product\/rs125-16-oz-decorative-glass-bottles-with-caps#breadcrumb\",\"itemListElement\":[{\"@type\":\"ListItem\",\"position\":1,\"name\":\"Home\",\"item\":\"https:\/\/ruishengglassco.com\/\"},{\"@type\":\"ListItem\",\"position\":2,\"name\":\"Products\",\"item\":\"https:\/\/ruishengglassco.com\/products\"},{\"@type\":\"ListItem\",\"position\":3,\"name\":\"RS125: 16 oz Decorative Glass Bottles With Caps\"}]},{\"@type\":\"WebSite\",\"@id\":\"https:\/\/ruishengglassco.com\/#website\",\"url\":\"https:\/\/ruishengglassco.com\/\",\"name\":\"Ruisheng Glass\",\"description\":\"\",\"publisher\":{\"@id\":\"https:\/\/ruishengglassco.com\/#organization\"},\"potentialAction\":[{\"@type\":\"SearchAction\",\"target\":{\"@type\":\"EntryPoint\",\"urlTemplate\":\"https:\/\/ruishengglassco.com\/?s={search_term_string}\"},\"query-input\":\"required name=search_term_string\"}],\"inLanguage\":\"de\"},{\"@type\":\"Organization\",\"@id\":\"https:\/\/ruishengglassco.com\/#organization\",\"name\":\"Shandong Yuncheng Ruisheng Glass Co., Ltd\",\"url\":\"https:\/\/ruishengglassco.com\/\",\"logo\":{\"@type\":\"ImageObject\",\"inLanguage\":\"de\",\"@id\":\"https:\/\/ruishengglassco.com\/#\/schema\/logo\/image\/\",\"url\":\"https:\/\/ruishengglassco.com\/wp-content\/uploads\/2023\/09\/ruisheng_logo_icon.webp\",\"contentUrl\":\"https:\/\/ruishengglassco.com\/wp-content\/uploads\/2023\/09\/ruisheng_logo_icon.webp\",\"width\":400,\"height\":233,\"caption\":\"Shandong Yuncheng Ruisheng Glass Co., Ltd\"},\"image\":{\"@id\":\"https:\/\/ruishengglassco.com\/#\/schema\/logo\/image\/\"},\"sameAs\":[\"https:\/\/www.facebook.com\/ruishengglassbottles\",\"https:\/\/www.instagram.com\/Ruishengglassbottlewholesales\/\",\"https:\/\/www.youtube.com\/channel\/UCMmbMNGwsL-XrtjfSFLCdVQ\"]}]}<\/script>\n<!-- \/ Yoast SEO plugin. -->","yoast_head_json":{"title":"16 oz Decorative Glass Bottles Wholesale | Unique Liquor Bottles Supplier","description":"Ruisheng, a professional liquor bottles manufacturer & supplier, provide 16 oz decorative glass bottles wholesale in factory outlet price.","robots":{"index":"index","follow":"follow","max-snippet":"max-snippet:-1","max-image-preview":"max-image-preview:large","max-video-preview":"max-video-preview:-1"},"canonical":"https:\/\/ruishengglassco.com\/de\/produkt\/rs125-16-oz-dekorative-glasflaschen-mit-deckeln","og_locale":"de_DE","og_type":"article","og_title":"16 oz Decorative Glass Bottles Wholesale | Unique Liquor Bottles Supplier","og_description":"Ruisheng, a professional liquor bottles manufacturer & supplier, provide 16 oz decorative glass bottles wholesale in factory outlet price.","og_url":"https:\/\/ruishengglassco.com\/de\/produkt\/rs125-16-oz-dekorative-glasflaschen-mit-deckeln","article_publisher":"https:\/\/www.facebook.com\/ruishengglassbottles","article_modified_time":"2025-07-16T06:59:45+00:00","og_image":[{"width":400,"height":400,"url":"https:\/\/ruishengglassco.com\/wp-content\/uploads\/2025\/03\/RS125-16-oz-decorative-glass-bottles-with-caps.webp","type":"image\/webp"}],"twitter_card":"summary_large_image","twitter_misc":{"Gesch\u00e4tzte Lesezeit":"2\u00a0Minuten"},"schema":{"@context":"https:\/\/schema.org","@graph":[{"@type":"WebPage","@id":"https:\/\/ruishengglassco.com\/product\/rs125-16-oz-decorative-glass-bottles-with-caps","url":"https:\/\/ruishengglassco.com\/product\/rs125-16-oz-decorative-glass-bottles-with-caps","name":"16 oz Decorative Glass Bottles Wholesale | Unique Liquor Bottles Supplier","isPartOf":{"@id":"https:\/\/ruishengglassco.com\/#website"},"datePublished":"2025-03-14T06:53:10+00:00","dateModified":"2025-07-16T06:59:45+00:00","description":"Ruisheng, a professional liquor bottles manufacturer & supplier, provide 16 oz decorative glass bottles wholesale in factory outlet price.","breadcrumb":{"@id":"https:\/\/ruishengglassco.com\/product\/rs125-16-oz-decorative-glass-bottles-with-caps#breadcrumb"},"inLanguage":"de","potentialAction":[{"@type":"ReadAction","target":["https:\/\/ruishengglassco.com\/product\/rs125-16-oz-decorative-glass-bottles-with-caps"]}]},{"@type":"BreadcrumbList","@id":"https:\/\/ruishengglassco.com\/product\/rs125-16-oz-decorative-glass-bottles-with-caps#breadcrumb","itemListElement":[{"@type":"ListItem","position":1,"name":"Home","item":"https:\/\/ruishengglassco.com\/"},{"@type":"ListItem","position":2,"name":"Products","item":"https:\/\/ruishengglassco.com\/products"},{"@type":"ListItem","position":3,"name":"RS125: 16 oz Decorative Glass Bottles With Caps"}]},{"@type":"WebSite","@id":"https:\/\/ruishengglassco.com\/#website","url":"https:\/\/ruishengglassco.com\/","name":"Ruisheng Glass","description":"","publisher":{"@id":"https:\/\/ruishengglassco.com\/#organization"},"potentialAction":[{"@type":"SearchAction","target":{"@type":"EntryPoint","urlTemplate":"https:\/\/ruishengglassco.com\/?s={search_term_string}"},"query-input":"required name=search_term_string"}],"inLanguage":"de"},{"@type":"Organization","@id":"https:\/\/ruishengglassco.com\/#organization","name":"Shandong Yuncheng Ruisheng Glass Co., Ltd","url":"https:\/\/ruishengglassco.com\/","logo":{"@type":"ImageObject","inLanguage":"de","@id":"https:\/\/ruishengglassco.com\/#\/schema\/logo\/image\/","url":"https:\/\/ruishengglassco.com\/wp-content\/uploads\/2023\/09\/ruisheng_logo_icon.webp","contentUrl":"https:\/\/ruishengglassco.com\/wp-content\/uploads\/2023\/09\/ruisheng_logo_icon.webp","width":400,"height":233,"caption":"Shandong Yuncheng Ruisheng Glass Co., Ltd"},"image":{"@id":"https:\/\/ruishengglassco.com\/#\/schema\/logo\/image\/"},"sameAs":["https:\/\/www.facebook.com\/ruishengglassbottles","https:\/\/www.instagram.com\/Ruishengglassbottlewholesales\/","https:\/\/www.youtube.com\/channel\/UCMmbMNGwsL-XrtjfSFLCdVQ"]}]}},"_links":{"self":[{"href":"https:\/\/ruishengglassco.com\/de\/wp-json\/wp\/v2\/product\/4147","targetHints":{"allow":["GET"]}}],"collection":[{"href":"https:\/\/ruishengglassco.com\/de\/wp-json\/wp\/v2\/product"}],"about":[{"href":"https:\/\/ruishengglassco.com\/de\/wp-json\/wp\/v2\/types\/product"}],"replies":[{"embeddable":true,"href":"https:\/\/ruishengglassco.com\/de\/wp-json\/wp\/v2\/comments?post=4147"}],"wp:featuredmedia":[{"embeddable":true,"href":"https:\/\/ruishengglassco.com\/de\/wp-json\/wp\/v2\/media\/4149"}],"wp:attachment":[{"href":"https:\/\/ruishengglassco.com\/de\/wp-json\/wp\/v2\/media?parent=4147"}],"wp:term":[{"taxonomy":"product_cat","embeddable":true,"href":"https:\/\/ruishengglassco.com\/de\/wp-json\/wp\/v2\/product_cat?post=4147"}],"curies":[{"name":"wp","href":"https:\/\/api.w.org\/{rel}","templated":true}]}}