{"id":4141,"date":"2025-03-14T11:15:14","date_gmt":"2025-03-14T03:15:14","guid":{"rendered":"https:\/\/ruishengglassco.com\/?post_type=product&#038;p=4141"},"modified":"2025-09-12T08:37:31","modified_gmt":"2025-09-12T00:37:31","slug":"rs128-transparente-750ml-xo-flasche","status":"publish","type":"product","link":"https:\/\/ruishengglassco.com\/de\/produkt\/rs128-transparente-750ml-xo-flasche","title":{"rendered":"RS128: Transparente 750ml XO-Flasche"},"content":{"rendered":"<p>Diese transparente 750ml XO Flasche mit Korken ist eine unserer hei\u00dfen Verk\u00e4ufe 750ml Glasflaschen Gro\u00dfhandel in der Welt. Es ist eine vertraute Form in der 750ml XO Glasflaschen.<\/p>\n<p>Unsere transparente 750ml XO-Flasche wird aus hochwertigen Rohstoffen hergestellt. Die Lik\u00f6rglasflaschen sind klar, glatt und nicht so zerbrechlich wie andere Glasflaschen. Ohne Frost, ist es sehr klar.<\/p>\n<p>Diese 750-ml-XO-Flasche ist keine leichte Glasflasche; Sie werden ihre Beschaffenheit erkennen, wenn Sie sie in der Hand halten.<\/p>\n<h4>Die Details der transparenten 750ml XO-Flasche<\/h4>\n<p>Die Information der Glasflasche als Br\u00fcllen:<\/p>\n<ul>\n<li>Hauptmaterial: Superflintglas<\/li>\n<li>Kappe: Kork<\/li>\n<li>Referenz: RS128<\/li>\n<li>MOQ: 10000<\/li>\n<li>Fassungsverm\u00f6gen:750ml<\/li>\n<li>St\u00fcck\/Gebinde: 24 St\u00fcck<\/li>\n<li>Herkunft des Ortes: Shandong, China<\/li>\n<li>Besonderheit: Umweltfreundlich<\/li>\n<\/ul>\n<h4>Die Korken f\u00fcr diese 750ML XO-Flaschen<\/h4>\n<p><span data-preserver-spaces=\"true\">Was die Korken betrifft, die f\u00fcr diese 750-ml-XO-Flaschen verwendet werden, so stellt unsere Fabrik eine Vielzahl von Typen her. Verschiedene Materialien umfassen <\/span><span data-preserver-spaces=\"true\">Kork, wie zum Beispiel<\/span><span data-preserver-spaces=\"true\"> Hochpolymer-Kork, komplexer Kork und Holzkork. Verschiedene Farben von Kork, wie goldener Kork, silberner Kork, schwarzer Kork, und andere Farben Kork.<\/span><\/p>\n<p><span data-preserver-spaces=\"true\">Dieses Glas ist f\u00fcr die Verwendung in vielen L\u00e4ndern geeignet, unter anderem in den Vereinigten Staaten, Europa, Australien und Russland. <\/span><span data-preserver-spaces=\"true\">Wir haben festgestellt <\/span><span data-preserver-spaces=\"true\">Zusammenarbeit<\/span><span data-preserver-spaces=\"true\"> mit <\/span><span data-preserver-spaces=\"true\">viele<\/span><span data-preserver-spaces=\"true\"> Kunden weltweit und haben sich bei ihnen einen guten Ruf erworben.<\/span><\/p>\n<p><span data-preserver-spaces=\"true\">Unser Unternehmen hat in folgende Bereiche investiert:<\/span><\/p>\n<ul>\n<li><span data-preserver-spaces=\"true\">Zwei Produktionslinien mit modernen vollautomatischen 8S-Maschinen.<\/span><\/li>\n<li><span data-preserver-spaces=\"true\">Drei Produktionslinien f\u00fcr manuelle CNC-Maschinen.<\/span><\/li>\n<li><span data-preserver-spaces=\"true\">Vier Produktionslinien mit halbautomatischen CNC-Maschinen.<\/span><\/li>\n<\/ul>\n<p><span data-preserver-spaces=\"true\">Unser Werk verf\u00fcgt auch \u00fcber zwei S\u00e4tze IS-Maschinen. Die 8S-Maschine und die CNC-Maschinen <\/span><span data-preserver-spaces=\"true\">verwendet werden<\/span><span data-preserver-spaces=\"true\"> zur Herstellung von Glasflaschen erster G\u00fcte - Supper Flint Glasflaschen. Die Tagesproduktion betr\u00e4gt 120.000 St\u00fcck. Die IS-Maschinen <\/span><span data-preserver-spaces=\"true\">verwendet werden<\/span><span data-preserver-spaces=\"true\"> Glasflaschen mittlerer Qualit\u00e4t zu produzieren, mit einer t\u00e4glichen <\/span><span data-preserver-spaces=\"true\">Ausgabe<\/span><span data-preserver-spaces=\"true\"> von 200.000 St\u00fcck.<\/span><\/p>\n<p><span data-preserver-spaces=\"true\">Wir sind Experten f\u00fcr die Herstellung von Fl\u00fcssigglasflaschen. Wir k\u00f6nnen auch individuelle Glasflaschen nach den W\u00fcnschen unserer Kunden herstellen. Sagen Sie uns, was Sie wollen, und wir lassen es von unserem Designer f\u00fcr Sie anfertigen.<\/span><\/p>\n<p><span data-preserver-spaces=\"true\">Wenn Sie diese transparente 750-ml-XO-Flasche bestellen oder sich nach individuellen Glasflaschen erkundigen m\u00f6chten, <\/span><span data-preserver-spaces=\"true\">Bitte kontaktieren Sie uns<\/span><span data-preserver-spaces=\"true\">und wir kreieren die Flasche, die Sie brauchen.<\/span><\/p>\n<p><span data-preserver-spaces=\"true\">Neben den 750ml XO-Flaschen bieten wir auch 100ml-Glasflaschen f\u00fcr den Gro\u00dfhandel, 250ml-Glasflaschen mit Stopfen,\u00a0<\/span><a class=\"editor-rtfLink\" href=\"https:\/\/glassbottlewholesale.com\/375ml-long-neck-glass-bottles-with-t-cork\/\" target=\"_blank\" rel=\"noopener\"><span data-preserver-spaces=\"true\">Klarglasflaschen (375ml)<\/span><\/a><span data-preserver-spaces=\"true\">, kleine Glasflaschen (50cl),<\/span><a class=\"editor-rtfLink\" href=\"https:\/\/glassbottlewholesale.com\/products\/1000ml-glass-bottles\/\" target=\"_blank\" rel=\"noopener\"><span data-preserver-spaces=\"true\"> 1000ml Spirituosenflaschen<\/span><\/a><span data-preserver-spaces=\"true\">und mehr. Wenn Sie sich \u00fcber unsere Glasflaschen f\u00fcr den Gro\u00dfhandel erkundigen m\u00f6chten, setzen Sie sich bitte mit uns in Verbindung. Wir werden Ihnen so schnell wie m\u00f6glich antworten. <\/span><span data-preserver-spaces=\"true\">Unser <\/span><span data-preserver-spaces=\"true\">Ziel<\/span><span data-preserver-spaces=\"true\"> soll <\/span><span data-preserver-spaces=\"true\">ein<\/span><span data-preserver-spaces=\"true\"> hochwertiges Glas <\/span><span data-preserver-spaces=\"true\">Flasche<\/span><span data-preserver-spaces=\"true\"> und <\/span><span data-preserver-spaces=\"true\">Angebot<\/span><span data-preserver-spaces=\"true\"> der beste Service <\/span><span data-preserver-spaces=\"true\">f\u00fcr<\/span><span data-preserver-spaces=\"true\"> Kunden <\/span><span data-preserver-spaces=\"true\">aus allen Teilen der Welt<\/span><span data-preserver-spaces=\"true\">.<\/span><\/p>","protected":false},"excerpt":{"rendered":"<p>Unsere transparente 750ml XO-Flasche wird aus hochwertigem Rohmaterial hergestellt. Die Lik\u00f6rglasflaschen sind sehr klar, glatt und weniger zerbrechlich als andere Glasflaschen. Ohne Zuckerguss, ist es sehr klar. Diese transparente 750ml XO-Flasche ist keine leichte Glasflasche; Sie werden ihre Beschaffenheit erkennen, wenn Sie sie in die Hand nehmen.<\/p>","protected":false},"featured_media":4142,"comment_status":"closed","ping_status":"closed","template":"","meta":[],"product_cat":[40,58],"class_list":{"0":"post-4141","1":"product","2":"type-product","3":"status-publish","4":"has-post-thumbnail","6":"product_cat-750ml-liquor-bottle-manufacturer","7":"product_cat-brandy-bottle","9":"first","10":"instock","11":"shipping-taxable","12":"product-type-simple"},"yoast_head":"<!-- This site is optimized with the Yoast SEO plugin v22.0 - https:\/\/yoast.com\/wordpress\/plugins\/seo\/ -->\n<title>Transparent 750ml XO Bottle Price | Cognac Bottle Supplier<\/title>\n<meta name=\"description\" content=\"Ruisheng, a professional cognac bottle manufacturer, wholesale empty glass bottle for XO, Cognac. Get wholesale transparent 750ml xo bottle price here.\" \/>\n<meta name=\"robots\" content=\"index, follow, max-snippet:-1, max-image-preview:large, max-video-preview:-1\" \/>\n<link rel=\"canonical\" href=\"https:\/\/ruishengglassco.com\/de\/produkt\/rs128-transparente-750ml-xo-flasche\" \/>\n<meta property=\"og:locale\" content=\"de_DE\" \/>\n<meta property=\"og:type\" content=\"article\" \/>\n<meta property=\"og:title\" content=\"Transparent 750ml XO Bottle Price | Cognac Bottle Supplier\" \/>\n<meta property=\"og:description\" content=\"Ruisheng, a professional cognac bottle manufacturer, wholesale empty glass bottle for XO, Cognac. Get wholesale transparent 750ml xo bottle price here.\" \/>\n<meta property=\"og:url\" content=\"https:\/\/ruishengglassco.com\/de\/produkt\/rs128-transparente-750ml-xo-flasche\" \/>\n<meta property=\"article:publisher\" content=\"https:\/\/www.facebook.com\/ruishengglassbottles\" \/>\n<meta property=\"article:modified_time\" content=\"2025-09-12T00:37:31+00:00\" \/>\n<meta property=\"og:image\" content=\"https:\/\/ruishengglassco.com\/wp-content\/uploads\/2025\/03\/Transparent-750ml-XO-Bottle.webp\" \/>\n\t<meta property=\"og:image:width\" content=\"800\" \/>\n\t<meta property=\"og:image:height\" content=\"800\" \/>\n\t<meta property=\"og:image:type\" content=\"image\/webp\" \/>\n<meta name=\"twitter:card\" content=\"summary_large_image\" \/>\n<meta name=\"twitter:label1\" content=\"Gesch\u00e4tzte Lesezeit\" \/>\n\t<meta name=\"twitter:data1\" content=\"3\u00a0Minuten\" \/>\n<script type=\"application\/ld+json\" class=\"yoast-schema-graph\">{\"@context\":\"https:\/\/schema.org\",\"@graph\":[{\"@type\":\"WebPage\",\"@id\":\"https:\/\/ruishengglassco.com\/product\/rs128-transparent-750ml-xo-bottle\",\"url\":\"https:\/\/ruishengglassco.com\/product\/rs128-transparent-750ml-xo-bottle\",\"name\":\"Transparent 750ml XO Bottle Price | Cognac Bottle Supplier\",\"isPartOf\":{\"@id\":\"https:\/\/ruishengglassco.com\/#website\"},\"datePublished\":\"2025-03-14T03:15:14+00:00\",\"dateModified\":\"2025-09-12T00:37:31+00:00\",\"description\":\"Ruisheng, a professional cognac bottle manufacturer, wholesale empty glass bottle for XO, Cognac. Get wholesale transparent 750ml xo bottle price here.\",\"breadcrumb\":{\"@id\":\"https:\/\/ruishengglassco.com\/product\/rs128-transparent-750ml-xo-bottle#breadcrumb\"},\"inLanguage\":\"de\",\"potentialAction\":[{\"@type\":\"ReadAction\",\"target\":[\"https:\/\/ruishengglassco.com\/product\/rs128-transparent-750ml-xo-bottle\"]}]},{\"@type\":\"BreadcrumbList\",\"@id\":\"https:\/\/ruishengglassco.com\/product\/rs128-transparent-750ml-xo-bottle#breadcrumb\",\"itemListElement\":[{\"@type\":\"ListItem\",\"position\":1,\"name\":\"Home\",\"item\":\"https:\/\/ruishengglassco.com\/\"},{\"@type\":\"ListItem\",\"position\":2,\"name\":\"Products\",\"item\":\"https:\/\/ruishengglassco.com\/products\"},{\"@type\":\"ListItem\",\"position\":3,\"name\":\"RS128: Transparent 750ml XO Bottle\"}]},{\"@type\":\"WebSite\",\"@id\":\"https:\/\/ruishengglassco.com\/#website\",\"url\":\"https:\/\/ruishengglassco.com\/\",\"name\":\"Ruisheng Glass\",\"description\":\"\",\"publisher\":{\"@id\":\"https:\/\/ruishengglassco.com\/#organization\"},\"potentialAction\":[{\"@type\":\"SearchAction\",\"target\":{\"@type\":\"EntryPoint\",\"urlTemplate\":\"https:\/\/ruishengglassco.com\/?s={search_term_string}\"},\"query-input\":\"required name=search_term_string\"}],\"inLanguage\":\"de\"},{\"@type\":\"Organization\",\"@id\":\"https:\/\/ruishengglassco.com\/#organization\",\"name\":\"Shandong Yuncheng Ruisheng Glass Co., Ltd\",\"url\":\"https:\/\/ruishengglassco.com\/\",\"logo\":{\"@type\":\"ImageObject\",\"inLanguage\":\"de\",\"@id\":\"https:\/\/ruishengglassco.com\/#\/schema\/logo\/image\/\",\"url\":\"https:\/\/ruishengglassco.com\/wp-content\/uploads\/2023\/09\/ruisheng_logo_icon.webp\",\"contentUrl\":\"https:\/\/ruishengglassco.com\/wp-content\/uploads\/2023\/09\/ruisheng_logo_icon.webp\",\"width\":400,\"height\":233,\"caption\":\"Shandong Yuncheng Ruisheng Glass Co., Ltd\"},\"image\":{\"@id\":\"https:\/\/ruishengglassco.com\/#\/schema\/logo\/image\/\"},\"sameAs\":[\"https:\/\/www.facebook.com\/ruishengglassbottles\",\"https:\/\/www.instagram.com\/Ruishengglassbottlewholesales\/\",\"https:\/\/www.youtube.com\/channel\/UCMmbMNGwsL-XrtjfSFLCdVQ\"]}]}<\/script>\n<!-- \/ Yoast SEO plugin. -->","yoast_head_json":{"title":"Transparent 750ml XO Bottle Price | Cognac Bottle Supplier","description":"Ruisheng, a professional cognac bottle manufacturer, wholesale empty glass bottle for XO, Cognac. Get wholesale transparent 750ml xo bottle price here.","robots":{"index":"index","follow":"follow","max-snippet":"max-snippet:-1","max-image-preview":"max-image-preview:large","max-video-preview":"max-video-preview:-1"},"canonical":"https:\/\/ruishengglassco.com\/de\/produkt\/rs128-transparente-750ml-xo-flasche","og_locale":"de_DE","og_type":"article","og_title":"Transparent 750ml XO Bottle Price | Cognac Bottle Supplier","og_description":"Ruisheng, a professional cognac bottle manufacturer, wholesale empty glass bottle for XO, Cognac. Get wholesale transparent 750ml xo bottle price here.","og_url":"https:\/\/ruishengglassco.com\/de\/produkt\/rs128-transparente-750ml-xo-flasche","article_publisher":"https:\/\/www.facebook.com\/ruishengglassbottles","article_modified_time":"2025-09-12T00:37:31+00:00","og_image":[{"width":800,"height":800,"url":"https:\/\/ruishengglassco.com\/wp-content\/uploads\/2025\/03\/Transparent-750ml-XO-Bottle.webp","type":"image\/webp"}],"twitter_card":"summary_large_image","twitter_misc":{"Gesch\u00e4tzte Lesezeit":"3\u00a0Minuten"},"schema":{"@context":"https:\/\/schema.org","@graph":[{"@type":"WebPage","@id":"https:\/\/ruishengglassco.com\/product\/rs128-transparent-750ml-xo-bottle","url":"https:\/\/ruishengglassco.com\/product\/rs128-transparent-750ml-xo-bottle","name":"Transparent 750ml XO Bottle Price | Cognac Bottle Supplier","isPartOf":{"@id":"https:\/\/ruishengglassco.com\/#website"},"datePublished":"2025-03-14T03:15:14+00:00","dateModified":"2025-09-12T00:37:31+00:00","description":"Ruisheng, a professional cognac bottle manufacturer, wholesale empty glass bottle for XO, Cognac. Get wholesale transparent 750ml xo bottle price here.","breadcrumb":{"@id":"https:\/\/ruishengglassco.com\/product\/rs128-transparent-750ml-xo-bottle#breadcrumb"},"inLanguage":"de","potentialAction":[{"@type":"ReadAction","target":["https:\/\/ruishengglassco.com\/product\/rs128-transparent-750ml-xo-bottle"]}]},{"@type":"BreadcrumbList","@id":"https:\/\/ruishengglassco.com\/product\/rs128-transparent-750ml-xo-bottle#breadcrumb","itemListElement":[{"@type":"ListItem","position":1,"name":"Home","item":"https:\/\/ruishengglassco.com\/"},{"@type":"ListItem","position":2,"name":"Products","item":"https:\/\/ruishengglassco.com\/products"},{"@type":"ListItem","position":3,"name":"RS128: Transparent 750ml XO Bottle"}]},{"@type":"WebSite","@id":"https:\/\/ruishengglassco.com\/#website","url":"https:\/\/ruishengglassco.com\/","name":"Ruisheng Glass","description":"","publisher":{"@id":"https:\/\/ruishengglassco.com\/#organization"},"potentialAction":[{"@type":"SearchAction","target":{"@type":"EntryPoint","urlTemplate":"https:\/\/ruishengglassco.com\/?s={search_term_string}"},"query-input":"required name=search_term_string"}],"inLanguage":"de"},{"@type":"Organization","@id":"https:\/\/ruishengglassco.com\/#organization","name":"Shandong Yuncheng Ruisheng Glass Co., Ltd","url":"https:\/\/ruishengglassco.com\/","logo":{"@type":"ImageObject","inLanguage":"de","@id":"https:\/\/ruishengglassco.com\/#\/schema\/logo\/image\/","url":"https:\/\/ruishengglassco.com\/wp-content\/uploads\/2023\/09\/ruisheng_logo_icon.webp","contentUrl":"https:\/\/ruishengglassco.com\/wp-content\/uploads\/2023\/09\/ruisheng_logo_icon.webp","width":400,"height":233,"caption":"Shandong Yuncheng Ruisheng Glass Co., Ltd"},"image":{"@id":"https:\/\/ruishengglassco.com\/#\/schema\/logo\/image\/"},"sameAs":["https:\/\/www.facebook.com\/ruishengglassbottles","https:\/\/www.instagram.com\/Ruishengglassbottlewholesales\/","https:\/\/www.youtube.com\/channel\/UCMmbMNGwsL-XrtjfSFLCdVQ"]}]}},"_links":{"self":[{"href":"https:\/\/ruishengglassco.com\/de\/wp-json\/wp\/v2\/product\/4141","targetHints":{"allow":["GET"]}}],"collection":[{"href":"https:\/\/ruishengglassco.com\/de\/wp-json\/wp\/v2\/product"}],"about":[{"href":"https:\/\/ruishengglassco.com\/de\/wp-json\/wp\/v2\/types\/product"}],"replies":[{"embeddable":true,"href":"https:\/\/ruishengglassco.com\/de\/wp-json\/wp\/v2\/comments?post=4141"}],"wp:featuredmedia":[{"embeddable":true,"href":"https:\/\/ruishengglassco.com\/de\/wp-json\/wp\/v2\/media\/4142"}],"wp:attachment":[{"href":"https:\/\/ruishengglassco.com\/de\/wp-json\/wp\/v2\/media?parent=4141"}],"wp:term":[{"taxonomy":"product_cat","embeddable":true,"href":"https:\/\/ruishengglassco.com\/de\/wp-json\/wp\/v2\/product_cat?post=4141"}],"curies":[{"name":"wp","href":"https:\/\/api.w.org\/{rel}","templated":true}]}}