{"id":4139,"date":"2025-03-14T11:01:03","date_gmt":"2025-03-14T03:01:03","guid":{"rendered":"https:\/\/ruishengglassco.com\/?post_type=product&#038;p=4139"},"modified":"2025-07-17T13:31:36","modified_gmt":"2025-07-17T05:31:36","slug":"rs129-700ml-alte-xo-brandy-flasche-preis","status":"publish","type":"product","link":"https:\/\/ruishengglassco.com\/de\/produkt\/rs129-700ml-alte-xo-brandy-flasche-preis","title":{"rendered":"RS129: 700ml Flasche alter XO Brandy Preis"},"content":{"rendered":"<p data-block-id=\"1f146316-4f09-4f44-9bd2-33bc381dabee\" data-pm-slice=\"1 1 []\">M\u00f6chten Sie einen Gro\u00dfhandel 700ml Brandy Flasche Preis von einem professionellen Brandy Flasche Hersteller mit mehr als 10 Jahren Erfahrung zu bekommen? Ruisheng ist der f\u00fchrende Hersteller und Lieferant von Brandy-Flaschen in China. Wir sind spezialisiert auf die Erstellung und den Verkauf einer Vielzahl von Spirituosenflaschen f\u00fcr Marken und Unternehmen.<\/p>\n<p data-block-id=\"94458085-fbcc-42ea-bbe0-be3f014eef85\">Die Farbe dieser Lik\u00f6rglasflasche ist transparent. Wenn Sie eine andere Farbe w\u00fcnschen, k\u00f6nnen wir sie f\u00fcr Sie mischen. Wenn Ihnen das Design dieser Flasche gef\u00e4llt, Sie aber mit ihrem Fassungsverm\u00f6gen nicht zufrieden sind, k\u00f6nnen wir das Fassungsverm\u00f6gen an Ihre Bed\u00fcrfnisse anpassen.<\/p>\n<p data-block-id=\"68110036-dd20-468b-9576-5ac12c15e1de\">Wir bieten hochwertige Glasflaschen mit Korken an. Unser Angebot umfasst unter anderem Wodka-, Brandy-, Whiskey-, Lik\u00f6r- und Marmeladenflaschen. Wir k\u00f6nnen auch Braunglasflaschen, gr\u00fcne Flaschen und Wasserflaschen anbieten. Unser Hauptmarkt ist Europa, die USA, Australien, Amerika usw. Alle Produkte genie\u00dfen ein hohes Ansehen f\u00fcr Innovation und Funktionalit\u00e4t.<\/p>\n<p data-block-id=\"b9fecb48-2151-4fab-8558-7a109161325a\">Wir w\u00e4hlen die Materialien f\u00fcr die XO-Brandy-Flasche sorgf\u00e4ltig aus. Wir beziehen sie aus ihrem Herkunftsland. Au\u00dferdem verwenden wir fortschrittliche Maschinen zur Herstellung der Glasflasche.<\/p>\n<h4><span data-preserver-spaces=\"true\">\u00a0<\/span><\/h4>\n<p><span style=\"color: #333333; font-size: 14.4px;\">Die Informationen von 700ml Old XO Brandy Flasche Preis wie unten:<\/span><\/p>\n<ul>\n<li>Hauptmaterial: Glas mit hohem Feuersteinanteil<\/li>\n<li>Verschluss: Kork<\/li>\n<li>Referenz: RS129<\/li>\n<li>MOQ: 10000 PCS<\/li>\n<li>Fassungsverm\u00f6gen: 700ml<\/li>\n<li>St\u00fcck\/Gebinde: 24 St\u00fcck<\/li>\n<li>Herkunft des Ortes: Shandong, China<\/li>\n<li>Besonderheit: Umweltfreundlich<\/li>\n<\/ul>\n<p>Bei dieser einzigartigen Glasflasche mit Deckel k\u00f6nnen wir die M\u00fcndung ver\u00e4ndern; wir k\u00f6nnen sie in etwas anderes verwandeln.<\/p>\n<p>Wir k\u00f6nnen Ihr Logo auf dieser Flasche anbringen. Wir k\u00f6nnen Artikel in dieser Flasche verarbeiten, wie z.B. bedrucken, glasieren, bemalen, und andere. Wir hei\u00dfen Freunde aus der ganzen Welt willkommen, uns zu besuchen! Wir werden einen Empfang f\u00fcr Sie organisieren.<\/p>\n<p>Wenn Sie mit dieser 700ml Old XO Brandy Flasche zufrieden sind, nehmen Sie bitte rechtzeitig Kontakt mit mir auf. Wenn sie Ihnen nicht gef\u00e4llt, k\u00f6nnen Sie sich unsere anderen Flaschen ansehen. Oder ich gebe Ihnen den Katalog, Sie k\u00f6nnen w\u00e4hlen, was Sie m\u00f6gen. Wenn Sie den Preis f\u00fcr die Brandy-Flasche erfahren m\u00f6chten, setzen Sie sich bitte mit uns in Verbindung. Wir werden Ihnen innerhalb von 24 Stunden antworten.<\/p>","protected":false},"excerpt":{"rendered":"<p>Diese einzigartige Glasflasche mit Deckel k\u00f6nnen wir seine \u00d6ffnung \u00e4ndern, k\u00f6nnen wir es zu etwas anderem \u00e4ndern. Wir k\u00f6nnen Ihr Logo auf diese Flasche setzen. Wir bieten verschiedene Bearbeitungsm\u00f6glichkeiten wie Druck, Glasur und Malerei. Wir laden Freunde aus der ganzen Welt ein, uns zu besuchen! Wir richten einen herzlichen Empfang f\u00fcr Sie ein.<\/p>","protected":false},"featured_media":4140,"comment_status":"closed","ping_status":"closed","template":"","meta":[],"product_cat":[44,58],"class_list":{"0":"post-4139","1":"product","2":"type-product","3":"status-publish","4":"has-post-thumbnail","6":"product_cat-700ml-liquor-bottle-manufacturer","7":"product_cat-brandy-bottle","9":"first","10":"instock","11":"shipping-taxable","12":"product-type-simple"},"yoast_head":"<!-- This site is optimized with the Yoast SEO plugin v22.0 - https:\/\/yoast.com\/wordpress\/plugins\/seo\/ -->\n<title>Wholesale 700ml Brandy Bottle Price | Brandy Bottle Manufacturer<\/title>\n<meta name=\"description\" content=\"Ruisheng, a professional brandy bottle manufacturer, provide wholesale 700ml Brandy bottle price for brandy, XO, Brandy. Factory Outlet&amp;Bulk Price.\" \/>\n<meta name=\"robots\" content=\"index, follow, max-snippet:-1, max-image-preview:large, max-video-preview:-1\" \/>\n<link rel=\"canonical\" href=\"https:\/\/ruishengglassco.com\/de\/produkt\/rs129-700ml-alte-xo-brandy-flasche-preis\" \/>\n<meta property=\"og:locale\" content=\"de_DE\" \/>\n<meta property=\"og:type\" content=\"article\" \/>\n<meta property=\"og:title\" content=\"Wholesale 700ml Brandy Bottle Price | Brandy Bottle Manufacturer\" \/>\n<meta property=\"og:description\" content=\"Ruisheng, a professional brandy bottle manufacturer, provide wholesale 700ml Brandy bottle price for brandy, XO, Brandy. Factory Outlet&amp;Bulk Price.\" \/>\n<meta property=\"og:url\" content=\"https:\/\/ruishengglassco.com\/de\/produkt\/rs129-700ml-alte-xo-brandy-flasche-preis\" \/>\n<meta property=\"article:publisher\" content=\"https:\/\/www.facebook.com\/ruishengglassbottles\" \/>\n<meta property=\"article:modified_time\" content=\"2025-07-17T05:31:36+00:00\" \/>\n<meta property=\"og:image\" content=\"https:\/\/ruishengglassco.com\/wp-content\/uploads\/2025\/03\/700ml-Old-XO-Brandy-Bottle.webp\" \/>\n\t<meta property=\"og:image:width\" content=\"800\" \/>\n\t<meta property=\"og:image:height\" content=\"800\" \/>\n\t<meta property=\"og:image:type\" content=\"image\/webp\" \/>\n<meta name=\"twitter:card\" content=\"summary_large_image\" \/>\n<meta name=\"twitter:label1\" content=\"Gesch\u00e4tzte Lesezeit\" \/>\n\t<meta name=\"twitter:data1\" content=\"2\u00a0Minuten\" \/>\n<script type=\"application\/ld+json\" class=\"yoast-schema-graph\">{\"@context\":\"https:\/\/schema.org\",\"@graph\":[{\"@type\":\"WebPage\",\"@id\":\"https:\/\/ruishengglassco.com\/product\/rs129-700ml-old-xo-brandy-bottle-price\",\"url\":\"https:\/\/ruishengglassco.com\/product\/rs129-700ml-old-xo-brandy-bottle-price\",\"name\":\"Wholesale 700ml Brandy Bottle Price | Brandy Bottle Manufacturer\",\"isPartOf\":{\"@id\":\"https:\/\/ruishengglassco.com\/#website\"},\"datePublished\":\"2025-03-14T03:01:03+00:00\",\"dateModified\":\"2025-07-17T05:31:36+00:00\",\"description\":\"Ruisheng, a professional brandy bottle manufacturer, provide wholesale 700ml Brandy bottle price for brandy, XO, Brandy. Factory Outlet&Bulk Price.\",\"breadcrumb\":{\"@id\":\"https:\/\/ruishengglassco.com\/product\/rs129-700ml-old-xo-brandy-bottle-price#breadcrumb\"},\"inLanguage\":\"de\",\"potentialAction\":[{\"@type\":\"ReadAction\",\"target\":[\"https:\/\/ruishengglassco.com\/product\/rs129-700ml-old-xo-brandy-bottle-price\"]}]},{\"@type\":\"BreadcrumbList\",\"@id\":\"https:\/\/ruishengglassco.com\/product\/rs129-700ml-old-xo-brandy-bottle-price#breadcrumb\",\"itemListElement\":[{\"@type\":\"ListItem\",\"position\":1,\"name\":\"Home\",\"item\":\"https:\/\/ruishengglassco.com\/\"},{\"@type\":\"ListItem\",\"position\":2,\"name\":\"Products\",\"item\":\"https:\/\/ruishengglassco.com\/products\"},{\"@type\":\"ListItem\",\"position\":3,\"name\":\"RS129: 700ml Old XO Brandy Bottle Price\"}]},{\"@type\":\"WebSite\",\"@id\":\"https:\/\/ruishengglassco.com\/#website\",\"url\":\"https:\/\/ruishengglassco.com\/\",\"name\":\"Ruisheng Glass\",\"description\":\"\",\"publisher\":{\"@id\":\"https:\/\/ruishengglassco.com\/#organization\"},\"potentialAction\":[{\"@type\":\"SearchAction\",\"target\":{\"@type\":\"EntryPoint\",\"urlTemplate\":\"https:\/\/ruishengglassco.com\/?s={search_term_string}\"},\"query-input\":\"required name=search_term_string\"}],\"inLanguage\":\"de\"},{\"@type\":\"Organization\",\"@id\":\"https:\/\/ruishengglassco.com\/#organization\",\"name\":\"Shandong Yuncheng Ruisheng Glass Co., Ltd\",\"url\":\"https:\/\/ruishengglassco.com\/\",\"logo\":{\"@type\":\"ImageObject\",\"inLanguage\":\"de\",\"@id\":\"https:\/\/ruishengglassco.com\/#\/schema\/logo\/image\/\",\"url\":\"https:\/\/ruishengglassco.com\/wp-content\/uploads\/2023\/09\/ruisheng_logo_icon.webp\",\"contentUrl\":\"https:\/\/ruishengglassco.com\/wp-content\/uploads\/2023\/09\/ruisheng_logo_icon.webp\",\"width\":400,\"height\":233,\"caption\":\"Shandong Yuncheng Ruisheng Glass Co., Ltd\"},\"image\":{\"@id\":\"https:\/\/ruishengglassco.com\/#\/schema\/logo\/image\/\"},\"sameAs\":[\"https:\/\/www.facebook.com\/ruishengglassbottles\",\"https:\/\/www.instagram.com\/Ruishengglassbottlewholesales\/\",\"https:\/\/www.youtube.com\/channel\/UCMmbMNGwsL-XrtjfSFLCdVQ\"]}]}<\/script>\n<!-- \/ Yoast SEO plugin. -->","yoast_head_json":{"title":"Wholesale 700ml Brandy Bottle Price | Brandy Bottle Manufacturer","description":"Ruisheng, a professional brandy bottle manufacturer, provide wholesale 700ml Brandy bottle price for brandy, XO, Brandy. Factory Outlet&Bulk Price.","robots":{"index":"index","follow":"follow","max-snippet":"max-snippet:-1","max-image-preview":"max-image-preview:large","max-video-preview":"max-video-preview:-1"},"canonical":"https:\/\/ruishengglassco.com\/de\/produkt\/rs129-700ml-alte-xo-brandy-flasche-preis","og_locale":"de_DE","og_type":"article","og_title":"Wholesale 700ml Brandy Bottle Price | Brandy Bottle Manufacturer","og_description":"Ruisheng, a professional brandy bottle manufacturer, provide wholesale 700ml Brandy bottle price for brandy, XO, Brandy. Factory Outlet&Bulk Price.","og_url":"https:\/\/ruishengglassco.com\/de\/produkt\/rs129-700ml-alte-xo-brandy-flasche-preis","article_publisher":"https:\/\/www.facebook.com\/ruishengglassbottles","article_modified_time":"2025-07-17T05:31:36+00:00","og_image":[{"width":800,"height":800,"url":"https:\/\/ruishengglassco.com\/wp-content\/uploads\/2025\/03\/700ml-Old-XO-Brandy-Bottle.webp","type":"image\/webp"}],"twitter_card":"summary_large_image","twitter_misc":{"Gesch\u00e4tzte Lesezeit":"2\u00a0Minuten"},"schema":{"@context":"https:\/\/schema.org","@graph":[{"@type":"WebPage","@id":"https:\/\/ruishengglassco.com\/product\/rs129-700ml-old-xo-brandy-bottle-price","url":"https:\/\/ruishengglassco.com\/product\/rs129-700ml-old-xo-brandy-bottle-price","name":"Wholesale 700ml Brandy Bottle Price | Brandy Bottle Manufacturer","isPartOf":{"@id":"https:\/\/ruishengglassco.com\/#website"},"datePublished":"2025-03-14T03:01:03+00:00","dateModified":"2025-07-17T05:31:36+00:00","description":"Ruisheng, a professional brandy bottle manufacturer, provide wholesale 700ml Brandy bottle price for brandy, XO, Brandy. Factory Outlet&Bulk Price.","breadcrumb":{"@id":"https:\/\/ruishengglassco.com\/product\/rs129-700ml-old-xo-brandy-bottle-price#breadcrumb"},"inLanguage":"de","potentialAction":[{"@type":"ReadAction","target":["https:\/\/ruishengglassco.com\/product\/rs129-700ml-old-xo-brandy-bottle-price"]}]},{"@type":"BreadcrumbList","@id":"https:\/\/ruishengglassco.com\/product\/rs129-700ml-old-xo-brandy-bottle-price#breadcrumb","itemListElement":[{"@type":"ListItem","position":1,"name":"Home","item":"https:\/\/ruishengglassco.com\/"},{"@type":"ListItem","position":2,"name":"Products","item":"https:\/\/ruishengglassco.com\/products"},{"@type":"ListItem","position":3,"name":"RS129: 700ml Old XO Brandy Bottle Price"}]},{"@type":"WebSite","@id":"https:\/\/ruishengglassco.com\/#website","url":"https:\/\/ruishengglassco.com\/","name":"Ruisheng Glass","description":"","publisher":{"@id":"https:\/\/ruishengglassco.com\/#organization"},"potentialAction":[{"@type":"SearchAction","target":{"@type":"EntryPoint","urlTemplate":"https:\/\/ruishengglassco.com\/?s={search_term_string}"},"query-input":"required name=search_term_string"}],"inLanguage":"de"},{"@type":"Organization","@id":"https:\/\/ruishengglassco.com\/#organization","name":"Shandong Yuncheng Ruisheng Glass Co., Ltd","url":"https:\/\/ruishengglassco.com\/","logo":{"@type":"ImageObject","inLanguage":"de","@id":"https:\/\/ruishengglassco.com\/#\/schema\/logo\/image\/","url":"https:\/\/ruishengglassco.com\/wp-content\/uploads\/2023\/09\/ruisheng_logo_icon.webp","contentUrl":"https:\/\/ruishengglassco.com\/wp-content\/uploads\/2023\/09\/ruisheng_logo_icon.webp","width":400,"height":233,"caption":"Shandong Yuncheng Ruisheng Glass Co., Ltd"},"image":{"@id":"https:\/\/ruishengglassco.com\/#\/schema\/logo\/image\/"},"sameAs":["https:\/\/www.facebook.com\/ruishengglassbottles","https:\/\/www.instagram.com\/Ruishengglassbottlewholesales\/","https:\/\/www.youtube.com\/channel\/UCMmbMNGwsL-XrtjfSFLCdVQ"]}]}},"_links":{"self":[{"href":"https:\/\/ruishengglassco.com\/de\/wp-json\/wp\/v2\/product\/4139","targetHints":{"allow":["GET"]}}],"collection":[{"href":"https:\/\/ruishengglassco.com\/de\/wp-json\/wp\/v2\/product"}],"about":[{"href":"https:\/\/ruishengglassco.com\/de\/wp-json\/wp\/v2\/types\/product"}],"replies":[{"embeddable":true,"href":"https:\/\/ruishengglassco.com\/de\/wp-json\/wp\/v2\/comments?post=4139"}],"wp:featuredmedia":[{"embeddable":true,"href":"https:\/\/ruishengglassco.com\/de\/wp-json\/wp\/v2\/media\/4140"}],"wp:attachment":[{"href":"https:\/\/ruishengglassco.com\/de\/wp-json\/wp\/v2\/media?parent=4139"}],"wp:term":[{"taxonomy":"product_cat","embeddable":true,"href":"https:\/\/ruishengglassco.com\/de\/wp-json\/wp\/v2\/product_cat?post=4139"}],"curies":[{"name":"wp","href":"https:\/\/api.w.org\/{rel}","templated":true}]}}