{"id":4137,"date":"2025-03-14T10:54:15","date_gmt":"2025-03-14T02:54:15","guid":{"rendered":"https:\/\/ruishengglassco.com\/?post_type=product&#038;p=4137"},"modified":"2025-07-16T14:55:02","modified_gmt":"2025-07-16T06:55:02","slug":"rs130-700ml-xo-glasflaschen-in-glasflaschenmanufakturen","status":"publish","type":"product","link":"https:\/\/ruishengglassco.com\/de\/produkt\/rs130-700ml-xo-glasflaschen-in-glasflaschenmanufakturen","title":{"rendered":"RS130: 700ml XO Glasflaschen in Glasflaschenmanufakturen"},"content":{"rendered":"<div class=\"\" data-block=\"true\" data-editor=\"fi8h\" data-offset-key=\"3a0tk-0-0\">\n<div class=\"public-DraftStyleDefault-block public-DraftStyleDefault-ltr\" data-offset-key=\"3a0tk-0-0\">\n<p data-block-id=\"cafb4497-87ab-4d2b-9fa1-90b8eb0f9f7d\" data-pm-slice=\"1 1 []\">Beim Kauf der 700-ml-XO-Flasche, vor allem in gro\u00dfen Mengen, m\u00fcssen wir den richtigen Hersteller w\u00e4hlen. Die besten Anbieter von Brandy-Flaschen bieten Qualit\u00e4tsprodukte und gew\u00e4hrleisten die Standards f\u00fcr Brandy-Flaschen. Wir alle wissen, wie wichtig die richtige Flasche und die Qualit\u00e4t der Flasche f\u00fcr unseren Brandy ist.<\/p>\n<h4 data-block-id=\"b623d5e1-c8ba-4efb-af60-07317a13eeca\">\u00dcber Ruisheng<\/h4>\n<p data-block-id=\"1b2bb5dd-064f-4597-8113-1bae6b3800f2\">Ruisheng, ein bekannter chinesischer Hersteller von Spirituosenflaschen, verwendet f\u00fcr seine Schnapsflaschen hochwertiges Flintglas. Dies ist das hochwertigste Material f\u00fcr die Glasflaschen. Die 700-ml-XO-Flasche aus hochwertigem Flintglas ist klarer, haltbarer und glatter.<\/p>\n<p data-block-id=\"2445b869-99ff-4e97-bf15-24357e21d124\">Als einer der gr\u00f6\u00dften Hersteller von 700ML XO-Flaschen besch\u00e4ftigt Ruisheng \u00fcber 500 Mitarbeiter und ein Team von qualifizierten Ingenieuren. Mit unserer reichen Erfahrung haben wir uns weltweit einen guten Ruf erworben.<\/p>\n<h4 data-block-id=\"275d7b67-29f2-4aeb-b09d-7d6c5a68fb6a\">\u00dcber 700ML XO-Flasche Preis<\/h4>\n<p data-block-id=\"adb17fef-1ed1-44eb-80c6-3989b60c6b26\">Wir bieten hochwertige Spirituosenflaschen aus Glas an. Unser Angebot umfasst Brandy, Wodka, Whiskey, Rum und mehr. Wir k\u00f6nnen auch andere farbige Glasflaschen anbieten, wie gr\u00fcne Glasflaschen, dunkelgr\u00fcne Flaschen und andere bemalte Glasflaschen. Unser Hauptmarkt f\u00fcr die 700ml XO-Flasche ist Europa, die USA, Australien und andere Regionen. Alle Produkte genie\u00dfen ein hohes Ansehen f\u00fcr Innovation und Funktionalit\u00e4t. Wenn Sie den Preis f\u00fcr die 700ml XO-Flasche erfragen m\u00f6chten, hinterlassen Sie uns bitte eine Nachricht.<\/p>\n<\/div>\n<\/div>\n<div class=\"\" data-block=\"true\" data-editor=\"fi8h\" data-offset-key=\"d41bq-0-0\">\n<div class=\"public-DraftStyleDefault-block public-DraftStyleDefault-ltr\" data-offset-key=\"d41bq-0-0\"><span data-offset-key=\"d41bq-0-0\">\u00a0<\/span><\/div>\n<\/div>\n<h4 class=\"public-DraftStyleDefault-block public-DraftStyleDefault-ltr\" data-offset-key=\"d5v0s-0-0\"><span data-offset-key=\"d5v0s-0-0\">Die Details dieser Brandyflasche zum Verkauf<\/span><\/h4>\n<div class=\"\" data-block=\"true\" data-editor=\"fi8h\" data-offset-key=\"5ffko-0-0\">\n<div class=\"public-DraftStyleDefault-block public-DraftStyleDefault-ltr\" data-offset-key=\"5ffko-0-0\"><span data-offset-key=\"5ffko-0-0\">\u00a0<\/span><\/div>\n<\/div>\n<ul class=\"public-DraftStyleDefault-ul\" data-offset-key=\"43ngp-0-0\">\n<li class=\"public-DraftStyleDefault-unorderedListItem public-DraftStyleDefault-reset public-DraftStyleDefault-depth0 public-DraftStyleDefault-listLTR\" data-block=\"true\" data-editor=\"fi8h\" data-offset-key=\"43ngp-0-0\">\n<div class=\"public-DraftStyleDefault-block public-DraftStyleDefault-ltr\" data-offset-key=\"43ngp-0-0\"><span data-offset-key=\"43ngp-0-0\">Hauptmaterial: Glas mit hohem Feuersteinanteil<\/span><\/div>\n<\/li>\n<\/ul>\n<div class=\"\" data-block=\"true\" data-editor=\"fi8h\" data-offset-key=\"cgnt9-0-0\">\n<div class=\"public-DraftStyleDefault-block public-DraftStyleDefault-ltr\" data-offset-key=\"cgnt9-0-0\"><span data-offset-key=\"cgnt9-0-0\">\u00a0<\/span><\/div>\n<\/div>\n<ul class=\"public-DraftStyleDefault-ul\" data-offset-key=\"fjugc-0-0\">\n<li class=\"public-DraftStyleDefault-unorderedListItem public-DraftStyleDefault-reset public-DraftStyleDefault-depth0 public-DraftStyleDefault-listLTR\" data-block=\"true\" data-editor=\"fi8h\" data-offset-key=\"fjugc-0-0\">\n<div class=\"public-DraftStyleDefault-block public-DraftStyleDefault-ltr\" data-offset-key=\"fjugc-0-0\"><span data-offset-key=\"fjugc-0-0\">Referenz: RS130<\/span><\/div>\n<\/li>\n<\/ul>\n<div class=\"\" data-block=\"true\" data-editor=\"fi8h\" data-offset-key=\"epk0b-0-0\">\n<div class=\"public-DraftStyleDefault-block public-DraftStyleDefault-ltr\" data-offset-key=\"epk0b-0-0\"><span data-offset-key=\"epk0b-0-0\">\u00a0<\/span><\/div>\n<\/div>\n<ul class=\"public-DraftStyleDefault-ul\" data-offset-key=\"cf45v-0-0\">\n<li class=\"public-DraftStyleDefault-unorderedListItem public-DraftStyleDefault-reset public-DraftStyleDefault-depth0 public-DraftStyleDefault-listLTR\" data-block=\"true\" data-editor=\"fi8h\" data-offset-key=\"cf45v-0-0\">\n<div class=\"public-DraftStyleDefault-block public-DraftStyleDefault-ltr\" data-offset-key=\"cf45v-0-0\"><span data-offset-key=\"cf45v-0-0\">MOQ: 10000 PCS<\/span><\/div>\n<\/li>\n<\/ul>\n<div class=\"\" data-block=\"true\" data-editor=\"fi8h\" data-offset-key=\"ft4ih-0-0\">\n<div class=\"public-DraftStyleDefault-block public-DraftStyleDefault-ltr\" data-offset-key=\"ft4ih-0-0\"><span data-offset-key=\"ft4ih-0-0\">\u00a0<\/span><\/div>\n<\/div>\n<ul class=\"public-DraftStyleDefault-ul\" data-offset-key=\"40v8m-0-0\">\n<li class=\"public-DraftStyleDefault-unorderedListItem public-DraftStyleDefault-reset public-DraftStyleDefault-depth0 public-DraftStyleDefault-listLTR\" data-block=\"true\" data-editor=\"fi8h\" data-offset-key=\"40v8m-0-0\">\n<div class=\"public-DraftStyleDefault-block public-DraftStyleDefault-ltr\" data-offset-key=\"40v8m-0-0\"><span data-offset-key=\"40v8m-0-0\">Fassungsverm\u00f6gen: 700ml<\/span><\/div>\n<\/li>\n<\/ul>\n<div class=\"\" data-block=\"true\" data-editor=\"fi8h\" data-offset-key=\"28d71-0-0\">\n<div class=\"public-DraftStyleDefault-block public-DraftStyleDefault-ltr\" data-offset-key=\"28d71-0-0\"><span data-offset-key=\"28d71-0-0\">\u00a0<\/span><\/div>\n<\/div>\n<ul class=\"public-DraftStyleDefault-ul\" data-offset-key=\"74udu-0-0\">\n<li class=\"public-DraftStyleDefault-unorderedListItem public-DraftStyleDefault-reset public-DraftStyleDefault-depth0 public-DraftStyleDefault-listLTR\" data-block=\"true\" data-editor=\"fi8h\" data-offset-key=\"74udu-0-0\">\n<div class=\"public-DraftStyleDefault-block public-DraftStyleDefault-ltr\" data-offset-key=\"74udu-0-0\"><span data-offset-key=\"74udu-0-0\">St\u00fcck\/Gebinde: 24 St\u00fcck<\/span><\/div>\n<\/li>\n<\/ul>\n<div class=\"\" data-block=\"true\" data-editor=\"fi8h\" data-offset-key=\"brga9-0-0\">\n<div class=\"public-DraftStyleDefault-block public-DraftStyleDefault-ltr\" data-offset-key=\"brga9-0-0\"><span data-offset-key=\"brga9-0-0\">\u00a0<\/span><\/div>\n<\/div>\n<ul class=\"public-DraftStyleDefault-ul\" data-offset-key=\"4fp1t-0-0\">\n<li class=\"public-DraftStyleDefault-unorderedListItem public-DraftStyleDefault-reset public-DraftStyleDefault-depth0 public-DraftStyleDefault-listLTR\" data-block=\"true\" data-editor=\"fi8h\" data-offset-key=\"4fp1t-0-0\">\n<div class=\"public-DraftStyleDefault-block public-DraftStyleDefault-ltr\" data-offset-key=\"4fp1t-0-0\"><span data-offset-key=\"4fp1t-0-0\">Herkunft des Ortes: Shandong, China<\/span><\/div>\n<\/li>\n<\/ul>\n<div class=\"\" data-block=\"true\" data-editor=\"fi8h\" data-offset-key=\"29k1f-0-0\">\n<div class=\"public-DraftStyleDefault-block public-DraftStyleDefault-ltr\" data-offset-key=\"29k1f-0-0\"><span data-offset-key=\"29k1f-0-0\">\u00a0<\/span><\/div>\n<\/div>\n<ul class=\"public-DraftStyleDefault-ul\" data-offset-key=\"7jph2-0-0\">\n<li class=\"public-DraftStyleDefault-unorderedListItem public-DraftStyleDefault-reset public-DraftStyleDefault-depth0 public-DraftStyleDefault-listLTR\" data-block=\"true\" data-editor=\"fi8h\" data-offset-key=\"7jph2-0-0\">\n<div class=\"public-DraftStyleDefault-block public-DraftStyleDefault-ltr\" data-offset-key=\"7jph2-0-0\"><span data-offset-key=\"7jph2-0-0\">Merkmal: <\/span><span class=\"adverb\"><span data-offset-key=\"7jph2-1-0\">Umweltfreundlich<\/span><\/span><\/div>\n<\/li>\n<\/ul>\n<div class=\"\" data-block=\"true\" data-editor=\"fi8h\" data-offset-key=\"eaha3-0-0\">\n<div class=\"public-DraftStyleDefault-block public-DraftStyleDefault-ltr\" data-offset-key=\"eaha3-0-0\">Als gro\u00dfer Flaschenhersteller bieten wir auch personalisierte Brandy-Flaschen und OEM-Dienstleistungen an. Unsere Kunden k\u00f6nnen Flaschen, Louis 13 Brandy-Flaschen, Remy Martin Brandy-Flaschen, etc. bestellen.<\/div>\n<div class=\"public-DraftStyleDefault-block public-DraftStyleDefault-ltr\" data-offset-key=\"eaha3-0-0\">Wenn Sie den Preis unserer XO-Flaschen oder den Gro\u00dfhandelspreis f\u00fcr Brandy-Flaschen von Ruishneg, einem Hersteller von 700ml XO-Flaschen, wissen m\u00f6chten, kontaktieren Sie uns bitte. Wir werden Ihnen so schnell wie m\u00f6glich antworten und unser Bestes f\u00fcr Sie tun.<\/div>\n<\/div>","protected":false},"excerpt":{"rendered":"<table class=\"tg\">\n<tbody>\n<tr>\n<th class=\"tg-24i8\" colspan=\"2\">700ml XO Glasflaschen in Glasflaschenmanufakturen<\/th>\n<\/tr>\n<tr>\n<td class=\"tg-b7b8\">Referenz:<\/td>\n<td class=\"tg-b7b8\">RS130<\/td>\n<\/tr>\n<tr>\n<td class=\"tg-yw4l\">Hauptmaterial:<\/td>\n<td class=\"tg-yw4l\">Hochwertiges Flintglas<\/td>\n<\/tr>\n<tr>\n<td class=\"tg-b7b8\">Kappe:<\/td>\n<td class=\"tg-b7b8\">Kork<\/td>\n<\/tr>\n<tr>\n<td class=\"tg-yw4l\">Kapazit\u00e4t:<\/td>\n<td class=\"tg-yw4l\">250ml 500ml 750ml 1000ml<\/td>\n<\/tr>\n<tr>\n<td class=\"tg-b7b8\">Merkmal:<\/td>\n<td class=\"tg-b7b8\">Umweltfreundlich<\/td>\n<\/tr>\n<tr>\n<td class=\"tg-yw4l\">MOQ:<\/td>\n<td class=\"tg-yw4l\">10000 PCS<\/td>\n<\/tr>\n<tr>\n<td class=\"tg-b7b8\">Versandart:<\/td>\n<td class=\"tg-b7b8\">Schiff,Express<\/td>\n<\/tr>\n<tr>\n<td class=\"tg-yw4l\">OEM\/ODM:<\/td>\n<td class=\"tg-yw4l\">Willkommen<\/td>\n<\/tr>\n<tr>\n<td class=\"tg-b7b8\">Herkunft des Ortes:<\/td>\n<td class=\"tg-b7b8\">Shandong, China<\/td>\n<\/tr>\n<tr>\n<td class=\"tg-yw4l\">Stck.\/Ktn:<\/td>\n<td class=\"tg-yw4l\">24St\u00fcck<\/td>\n<\/tr>\n<\/tbody>\n<\/table>","protected":false},"featured_media":4138,"comment_status":"closed","ping_status":"closed","template":"","meta":[],"product_cat":[44,58],"class_list":{"0":"post-4137","1":"product","2":"type-product","3":"status-publish","4":"has-post-thumbnail","6":"product_cat-700ml-liquor-bottle-manufacturer","7":"product_cat-brandy-bottle","9":"first","10":"instock","11":"shipping-taxable","12":"product-type-simple"},"yoast_head":"<!-- This site is optimized with the Yoast SEO plugin v22.0 - https:\/\/yoast.com\/wordpress\/plugins\/seo\/ -->\n<title>700ml XO Bottle Price | Brandy Bottle For Sale<\/title>\n<meta name=\"description\" content=\"Do you want to get 700ml XO Bottle Price From China Liquor Bottle Manufacturer? Ruisheng, wholesale Brandy bottle for sale with factory outlet price.\" \/>\n<meta name=\"robots\" content=\"index, follow, max-snippet:-1, max-image-preview:large, max-video-preview:-1\" \/>\n<link rel=\"canonical\" href=\"https:\/\/ruishengglassco.com\/de\/produkt\/rs130-700ml-xo-glasflaschen-in-glasflaschenmanufakturen\" \/>\n<meta property=\"og:locale\" content=\"de_DE\" \/>\n<meta property=\"og:type\" content=\"article\" \/>\n<meta property=\"og:title\" content=\"700ml XO Bottle Price | Brandy Bottle For Sale\" \/>\n<meta property=\"og:description\" content=\"Do you want to get 700ml XO Bottle Price From China Liquor Bottle Manufacturer? Ruisheng, wholesale Brandy bottle for sale with factory outlet price.\" \/>\n<meta property=\"og:url\" content=\"https:\/\/ruishengglassco.com\/de\/produkt\/rs130-700ml-xo-glasflaschen-in-glasflaschenmanufakturen\" \/>\n<meta property=\"article:publisher\" content=\"https:\/\/www.facebook.com\/ruishengglassbottles\" \/>\n<meta property=\"article:modified_time\" content=\"2025-07-16T06:55:02+00:00\" \/>\n<meta property=\"og:image\" content=\"https:\/\/ruishengglassco.com\/wp-content\/uploads\/2025\/03\/700ml-XO-Glass-Bottles-in-Glass-Bottle-Manufactures.webp\" \/>\n\t<meta property=\"og:image:width\" content=\"800\" \/>\n\t<meta property=\"og:image:height\" content=\"800\" \/>\n\t<meta property=\"og:image:type\" content=\"image\/webp\" \/>\n<meta name=\"twitter:card\" content=\"summary_large_image\" \/>\n<meta name=\"twitter:label1\" content=\"Gesch\u00e4tzte Lesezeit\" \/>\n\t<meta name=\"twitter:data1\" content=\"2\u00a0Minuten\" \/>\n<script type=\"application\/ld+json\" class=\"yoast-schema-graph\">{\"@context\":\"https:\/\/schema.org\",\"@graph\":[{\"@type\":\"WebPage\",\"@id\":\"https:\/\/ruishengglassco.com\/product\/rs130-700ml-xo-glass-bottles-in-glass-bottle-manufactures\",\"url\":\"https:\/\/ruishengglassco.com\/product\/rs130-700ml-xo-glass-bottles-in-glass-bottle-manufactures\",\"name\":\"700ml XO Bottle Price | Brandy Bottle For Sale\",\"isPartOf\":{\"@id\":\"https:\/\/ruishengglassco.com\/#website\"},\"datePublished\":\"2025-03-14T02:54:15+00:00\",\"dateModified\":\"2025-07-16T06:55:02+00:00\",\"description\":\"Do you want to get 700ml XO Bottle Price From China Liquor Bottle Manufacturer? Ruisheng, wholesale Brandy bottle for sale with factory outlet price.\",\"breadcrumb\":{\"@id\":\"https:\/\/ruishengglassco.com\/product\/rs130-700ml-xo-glass-bottles-in-glass-bottle-manufactures#breadcrumb\"},\"inLanguage\":\"de\",\"potentialAction\":[{\"@type\":\"ReadAction\",\"target\":[\"https:\/\/ruishengglassco.com\/product\/rs130-700ml-xo-glass-bottles-in-glass-bottle-manufactures\"]}]},{\"@type\":\"BreadcrumbList\",\"@id\":\"https:\/\/ruishengglassco.com\/product\/rs130-700ml-xo-glass-bottles-in-glass-bottle-manufactures#breadcrumb\",\"itemListElement\":[{\"@type\":\"ListItem\",\"position\":1,\"name\":\"Home\",\"item\":\"https:\/\/ruishengglassco.com\/\"},{\"@type\":\"ListItem\",\"position\":2,\"name\":\"Products\",\"item\":\"https:\/\/ruishengglassco.com\/products\"},{\"@type\":\"ListItem\",\"position\":3,\"name\":\"RS130: 700ml XO Glass Bottles in Glass Bottle Manufactures\"}]},{\"@type\":\"WebSite\",\"@id\":\"https:\/\/ruishengglassco.com\/#website\",\"url\":\"https:\/\/ruishengglassco.com\/\",\"name\":\"Ruisheng Glass\",\"description\":\"\",\"publisher\":{\"@id\":\"https:\/\/ruishengglassco.com\/#organization\"},\"potentialAction\":[{\"@type\":\"SearchAction\",\"target\":{\"@type\":\"EntryPoint\",\"urlTemplate\":\"https:\/\/ruishengglassco.com\/?s={search_term_string}\"},\"query-input\":\"required name=search_term_string\"}],\"inLanguage\":\"de\"},{\"@type\":\"Organization\",\"@id\":\"https:\/\/ruishengglassco.com\/#organization\",\"name\":\"Shandong Yuncheng Ruisheng Glass Co., Ltd\",\"url\":\"https:\/\/ruishengglassco.com\/\",\"logo\":{\"@type\":\"ImageObject\",\"inLanguage\":\"de\",\"@id\":\"https:\/\/ruishengglassco.com\/#\/schema\/logo\/image\/\",\"url\":\"https:\/\/ruishengglassco.com\/wp-content\/uploads\/2023\/09\/ruisheng_logo_icon.webp\",\"contentUrl\":\"https:\/\/ruishengglassco.com\/wp-content\/uploads\/2023\/09\/ruisheng_logo_icon.webp\",\"width\":400,\"height\":233,\"caption\":\"Shandong Yuncheng Ruisheng Glass Co., Ltd\"},\"image\":{\"@id\":\"https:\/\/ruishengglassco.com\/#\/schema\/logo\/image\/\"},\"sameAs\":[\"https:\/\/www.facebook.com\/ruishengglassbottles\",\"https:\/\/www.instagram.com\/Ruishengglassbottlewholesales\/\",\"https:\/\/www.youtube.com\/channel\/UCMmbMNGwsL-XrtjfSFLCdVQ\"]}]}<\/script>\n<!-- \/ Yoast SEO plugin. -->","yoast_head_json":{"title":"700ml XO Bottle Price | Brandy Bottle For Sale","description":"Do you want to get 700ml XO Bottle Price From China Liquor Bottle Manufacturer? Ruisheng, wholesale Brandy bottle for sale with factory outlet price.","robots":{"index":"index","follow":"follow","max-snippet":"max-snippet:-1","max-image-preview":"max-image-preview:large","max-video-preview":"max-video-preview:-1"},"canonical":"https:\/\/ruishengglassco.com\/de\/produkt\/rs130-700ml-xo-glasflaschen-in-glasflaschenmanufakturen","og_locale":"de_DE","og_type":"article","og_title":"700ml XO Bottle Price | Brandy Bottle For Sale","og_description":"Do you want to get 700ml XO Bottle Price From China Liquor Bottle Manufacturer? Ruisheng, wholesale Brandy bottle for sale with factory outlet price.","og_url":"https:\/\/ruishengglassco.com\/de\/produkt\/rs130-700ml-xo-glasflaschen-in-glasflaschenmanufakturen","article_publisher":"https:\/\/www.facebook.com\/ruishengglassbottles","article_modified_time":"2025-07-16T06:55:02+00:00","og_image":[{"width":800,"height":800,"url":"https:\/\/ruishengglassco.com\/wp-content\/uploads\/2025\/03\/700ml-XO-Glass-Bottles-in-Glass-Bottle-Manufactures.webp","type":"image\/webp"}],"twitter_card":"summary_large_image","twitter_misc":{"Gesch\u00e4tzte Lesezeit":"2\u00a0Minuten"},"schema":{"@context":"https:\/\/schema.org","@graph":[{"@type":"WebPage","@id":"https:\/\/ruishengglassco.com\/product\/rs130-700ml-xo-glass-bottles-in-glass-bottle-manufactures","url":"https:\/\/ruishengglassco.com\/product\/rs130-700ml-xo-glass-bottles-in-glass-bottle-manufactures","name":"700ml XO Bottle Price | Brandy Bottle For Sale","isPartOf":{"@id":"https:\/\/ruishengglassco.com\/#website"},"datePublished":"2025-03-14T02:54:15+00:00","dateModified":"2025-07-16T06:55:02+00:00","description":"Do you want to get 700ml XO Bottle Price From China Liquor Bottle Manufacturer? Ruisheng, wholesale Brandy bottle for sale with factory outlet price.","breadcrumb":{"@id":"https:\/\/ruishengglassco.com\/product\/rs130-700ml-xo-glass-bottles-in-glass-bottle-manufactures#breadcrumb"},"inLanguage":"de","potentialAction":[{"@type":"ReadAction","target":["https:\/\/ruishengglassco.com\/product\/rs130-700ml-xo-glass-bottles-in-glass-bottle-manufactures"]}]},{"@type":"BreadcrumbList","@id":"https:\/\/ruishengglassco.com\/product\/rs130-700ml-xo-glass-bottles-in-glass-bottle-manufactures#breadcrumb","itemListElement":[{"@type":"ListItem","position":1,"name":"Home","item":"https:\/\/ruishengglassco.com\/"},{"@type":"ListItem","position":2,"name":"Products","item":"https:\/\/ruishengglassco.com\/products"},{"@type":"ListItem","position":3,"name":"RS130: 700ml XO Glass Bottles in Glass Bottle Manufactures"}]},{"@type":"WebSite","@id":"https:\/\/ruishengglassco.com\/#website","url":"https:\/\/ruishengglassco.com\/","name":"Ruisheng Glass","description":"","publisher":{"@id":"https:\/\/ruishengglassco.com\/#organization"},"potentialAction":[{"@type":"SearchAction","target":{"@type":"EntryPoint","urlTemplate":"https:\/\/ruishengglassco.com\/?s={search_term_string}"},"query-input":"required name=search_term_string"}],"inLanguage":"de"},{"@type":"Organization","@id":"https:\/\/ruishengglassco.com\/#organization","name":"Shandong Yuncheng Ruisheng Glass Co., Ltd","url":"https:\/\/ruishengglassco.com\/","logo":{"@type":"ImageObject","inLanguage":"de","@id":"https:\/\/ruishengglassco.com\/#\/schema\/logo\/image\/","url":"https:\/\/ruishengglassco.com\/wp-content\/uploads\/2023\/09\/ruisheng_logo_icon.webp","contentUrl":"https:\/\/ruishengglassco.com\/wp-content\/uploads\/2023\/09\/ruisheng_logo_icon.webp","width":400,"height":233,"caption":"Shandong Yuncheng Ruisheng Glass Co., Ltd"},"image":{"@id":"https:\/\/ruishengglassco.com\/#\/schema\/logo\/image\/"},"sameAs":["https:\/\/www.facebook.com\/ruishengglassbottles","https:\/\/www.instagram.com\/Ruishengglassbottlewholesales\/","https:\/\/www.youtube.com\/channel\/UCMmbMNGwsL-XrtjfSFLCdVQ"]}]}},"_links":{"self":[{"href":"https:\/\/ruishengglassco.com\/de\/wp-json\/wp\/v2\/product\/4137","targetHints":{"allow":["GET"]}}],"collection":[{"href":"https:\/\/ruishengglassco.com\/de\/wp-json\/wp\/v2\/product"}],"about":[{"href":"https:\/\/ruishengglassco.com\/de\/wp-json\/wp\/v2\/types\/product"}],"replies":[{"embeddable":true,"href":"https:\/\/ruishengglassco.com\/de\/wp-json\/wp\/v2\/comments?post=4137"}],"wp:featuredmedia":[{"embeddable":true,"href":"https:\/\/ruishengglassco.com\/de\/wp-json\/wp\/v2\/media\/4138"}],"wp:attachment":[{"href":"https:\/\/ruishengglassco.com\/de\/wp-json\/wp\/v2\/media?parent=4137"}],"wp:term":[{"taxonomy":"product_cat","embeddable":true,"href":"https:\/\/ruishengglassco.com\/de\/wp-json\/wp\/v2\/product_cat?post=4137"}],"curies":[{"name":"wp","href":"https:\/\/api.w.org\/{rel}","templated":true}]}}