{"id":4135,"date":"2025-03-14T10:31:42","date_gmt":"2025-03-14T02:31:42","guid":{"rendered":"https:\/\/ruishengglassco.com\/?post_type=product&#038;p=4135"},"modified":"2025-07-16T14:50:10","modified_gmt":"2025-07-16T06:50:10","slug":"rs134-recycelte-50cl-glasflaschen-hersteller","status":"publish","type":"product","link":"https:\/\/ruishengglassco.com\/de\/produkt\/rs134-recycelte-50cl-glasflaschen-hersteller","title":{"rendered":"RS134: Recycelte 50cl Glasflaschen Hersteller"},"content":{"rendered":"<p><span data-preserver-spaces=\"true\">Recycelte Spirituosenflaschen sind eines unserer meistverkauften Produkte. Diese Glasflaschen sind in einer Standardform erh\u00e4ltlich, aber ihre Anwendungen sind sehr vielf\u00e4ltig. <\/span><span data-preserver-spaces=\"true\">Diese leere Schnapsflasche kann verwendet werden<\/span><span data-preserver-spaces=\"true\"> zur Aufnahme von Wodka, Whiskey, Brandy, Oliven\u00f6l, Wasser und anderen Fl\u00fcssigkeiten.<\/span><\/p>\n<p><span data-preserver-spaces=\"true\">Diese recycelte Glasflasche ist aus kristallwei\u00dfem Glas gefertigt. Es ist sehr klar und glatt auf der Oberfl\u00e4che der Glasflasche. Und diese 50cl Glasflasche Gro\u00dfhandel ist sehr langlebig. Die Bruchrate ist die niedrigste im Vergleich zu anderen Glasflaschen w\u00e4hrend des Transports.<\/span><\/p>\n<h4><span data-preserver-spaces=\"true\">Die Details dieser 50cl Recycled Liquor Flaschen Bulk.<\/span><\/h4>\n<p><span data-preserver-spaces=\"true\">Diese recycelte leere Schnapsflasche im Gro\u00dfhandel wiegt 580 g. Mit einem schweren Boden wirken die Glasflaschen hochwertig, was auch Ihr Produkt hochwertig aussehen l\u00e4sst.<\/span><\/p>\n<p><span data-preserver-spaces=\"true\">Die Gr\u00f6\u00dfe der wiederverwendbaren Glasflasche betr\u00e4gt 71,2 x 250 mm. Der Durchmesser des Verschlusses betr\u00e4gt 19,2 mm. Dieser Flaschenhals aus recyceltem Glas <\/span><span data-preserver-spaces=\"true\">ist konzipiert<\/span><span data-preserver-spaces=\"true\"> zur Verwendung mit dem 18,5 mm T-Korken.<\/span><\/p>\n<p><span data-preserver-spaces=\"true\">Die Standardverpackungsmethode f\u00fcr diese Lik\u00f6rglasflasche ist der Exportkarton. In der Regel sind es 24, 20, 12 oder 6 St\u00fcck pro Karton, je nachdem, ob der Kunde eine individuell gef\u00e4rbte Schachtel w\u00fcnscht.<\/span><\/p>\n<p><span data-preserver-spaces=\"true\">Wenn Sie Zeit und Arbeitskraft sparen wollen, k\u00f6nnen wir die Palette zum Verpacken der Glasflaschen verwenden. Unsere Palette ist unbegast und hat eine Gr\u00f6\u00dfe von ca. 100 x 120 cm.  Die H\u00f6he der Palette <\/span><span data-preserver-spaces=\"true\">basiert<\/span><span data-preserver-spaces=\"true\"> auf die H\u00f6he der Glasflasche und des Beh\u00e4lters.<\/span><\/p>\n<p><span data-preserver-spaces=\"true\">Wir k\u00f6nnen die Klarglasflaschen entweder allein auf der Palette oder mit dem Karton und der Palette verpacken. <\/span><span data-preserver-spaces=\"true\">Diese<\/span><span data-preserver-spaces=\"true\"> richtet sich nach der Kundennachfrage.<\/span><\/p>\n<p><span data-preserver-spaces=\"true\">Da es in unserer Fabrik viele Designer gibt, k\u00f6nnen wir auch OEM-Auftr\u00e4ge annehmen. Sie k\u00f6nnen Ihre Idee oder Zeichnung der recycelten 50cl Glasflaschen mit uns teilen, und wir k\u00f6nnen es f\u00fcr Sie entwerfen und herstellen.<\/span><\/p>\n<p><span data-preserver-spaces=\"true\">Wenn Sie an diesem Preis f\u00fcr 50 recycelte Schnapsflaschen interessiert sind oder eine <\/span><a class=\"editor-rtfLink\" href=\"https:\/\/rsglassbottle.com\/product-detail\/500ml-round-shape-painted-spirits-glass-bottles\/\" target=\"_blank\" rel=\"noopener\"><span data-preserver-spaces=\"true\">individuelle Glasflasche<\/span><\/a><span data-preserver-spaces=\"true\">setzen Sie sich bitte mit uns in Verbindung.<\/span><\/p>","protected":false},"excerpt":{"rendered":"<table class=\"tg\">\n<tbody>\n<tr>\n<th class=\"tg-yw4l\" colspan=\"2\">Recycelte 50cl Glasflaschen Gro\u00dfhandel<\/th>\n<\/tr>\n<tr>\n<td class=\"tg-b7b8\">Referenz:<\/td>\n<td class=\"tg-b7b8\">RS134<\/td>\n<\/tr>\n<tr>\n<td class=\"tg-yw4l\">Hauptmaterial:<\/td>\n<td class=\"tg-yw4l\">Hochflintglas (dieses Material wird auch als kristallwei\u00dfes Glas bezeichnet)<\/td>\n<\/tr>\n<tr>\n<td class=\"tg-b7b8\">Kappe:<\/td>\n<td class=\"tg-b7b8\">Kork\/Kr\u00e4henkappe<\/td>\n<\/tr>\n<tr>\n<td class=\"tg-yw4l\">Kapazit\u00e4t:<\/td>\n<td class=\"tg-yw4l\">700ml<\/td>\n<\/tr>\n<tr>\n<td class=\"tg-b7b8\">Merkmal:<\/td>\n<td class=\"tg-b7b8\">Umweltfreundlich<\/td>\n<\/tr>\n<tr>\n<td class=\"tg-yw4l\">MOQ:<\/td>\n<td class=\"tg-yw4l\">10000 PCS<\/td>\n<\/tr>\n<tr>\n<td class=\"tg-b7b8\">Art der Verpackung:<\/td>\n<td class=\"tg-b7b8\">Export Standardkarton\/Palette\/Export Standardkarton und Palette<\/td>\n<\/tr>\n<tr>\n<td class=\"tg-yw4l\">OEM\/ODM:<\/td>\n<td class=\"tg-yw4l\">Willkommen<\/td>\n<\/tr>\n<tr>\n<td class=\"tg-b7b8\">Herkunft des Ortes:<\/td>\n<td class=\"tg-b7b8\">Shandong, China<\/td>\n<\/tr>\n<tr>\n<td class=\"tg-yw4l\">Stck.\/Ktn:<\/td>\n<td class=\"tg-yw4l\">24 St\u00fcck oder nach Kundenwunsch<\/td>\n<\/tr>\n<\/tbody>\n<\/table>","protected":false},"featured_media":4136,"comment_status":"closed","ping_status":"closed","template":"","meta":[],"product_cat":[15,48],"class_list":{"0":"post-4135","1":"product","2":"type-product","3":"status-publish","4":"has-post-thumbnail","6":"product_cat-glass-liquor-spirit-bottles","7":"product_cat-50ml-mini-liquor-bottle-manufacturer","9":"first","10":"instock","11":"shipping-taxable","12":"product-type-simple"},"yoast_head":"<!-- This site is optimized with the Yoast SEO plugin v22.0 - https:\/\/yoast.com\/wordpress\/plugins\/seo\/ -->\n<title>50cl Recycled Liquor Bottles | Empty Glass Bottles Manufacturer<\/title>\n<meta name=\"description\" content=\"Do you want to buy 50cl Recycled Liquor Bottles Bulk from China Empty Glass Bottles Manufacturer? Factory Outlet&amp;Wholesale Price. Get Quote Now.\" \/>\n<meta name=\"robots\" content=\"index, follow, max-snippet:-1, max-image-preview:large, max-video-preview:-1\" \/>\n<link rel=\"canonical\" href=\"https:\/\/ruishengglassco.com\/de\/produkt\/rs134-recycelte-50cl-glasflaschen-hersteller\" \/>\n<meta property=\"og:locale\" content=\"de_DE\" \/>\n<meta property=\"og:type\" content=\"article\" \/>\n<meta property=\"og:title\" content=\"50cl Recycled Liquor Bottles | Empty Glass Bottles Manufacturer\" \/>\n<meta property=\"og:description\" content=\"Do you want to buy 50cl Recycled Liquor Bottles Bulk from China Empty Glass Bottles Manufacturer? Factory Outlet&amp;Wholesale Price. Get Quote Now.\" \/>\n<meta property=\"og:url\" content=\"https:\/\/ruishengglassco.com\/de\/produkt\/rs134-recycelte-50cl-glasflaschen-hersteller\" \/>\n<meta property=\"article:publisher\" content=\"https:\/\/www.facebook.com\/ruishengglassbottles\" \/>\n<meta property=\"article:modified_time\" content=\"2025-07-16T06:50:10+00:00\" \/>\n<meta property=\"og:image\" content=\"https:\/\/ruishengglassco.com\/wp-content\/uploads\/2025\/03\/Recycled-50cl-Glass-Bottles-Manufacturer.webp\" \/>\n\t<meta property=\"og:image:width\" content=\"400\" \/>\n\t<meta property=\"og:image:height\" content=\"400\" \/>\n\t<meta property=\"og:image:type\" content=\"image\/webp\" \/>\n<meta name=\"twitter:card\" content=\"summary_large_image\" \/>\n<meta name=\"twitter:label1\" content=\"Gesch\u00e4tzte Lesezeit\" \/>\n\t<meta name=\"twitter:data1\" content=\"2\u00a0Minuten\" \/>\n<script type=\"application\/ld+json\" class=\"yoast-schema-graph\">{\"@context\":\"https:\/\/schema.org\",\"@graph\":[{\"@type\":\"WebPage\",\"@id\":\"https:\/\/ruishengglassco.com\/product\/rs134-recycled-50cl-glass-bottles-manufacturer\",\"url\":\"https:\/\/ruishengglassco.com\/product\/rs134-recycled-50cl-glass-bottles-manufacturer\",\"name\":\"50cl Recycled Liquor Bottles | Empty Glass Bottles Manufacturer\",\"isPartOf\":{\"@id\":\"https:\/\/ruishengglassco.com\/#website\"},\"datePublished\":\"2025-03-14T02:31:42+00:00\",\"dateModified\":\"2025-07-16T06:50:10+00:00\",\"description\":\"Do you want to buy 50cl Recycled Liquor Bottles Bulk from China Empty Glass Bottles Manufacturer? Factory Outlet&Wholesale Price. Get Quote Now.\",\"breadcrumb\":{\"@id\":\"https:\/\/ruishengglassco.com\/product\/rs134-recycled-50cl-glass-bottles-manufacturer#breadcrumb\"},\"inLanguage\":\"de\",\"potentialAction\":[{\"@type\":\"ReadAction\",\"target\":[\"https:\/\/ruishengglassco.com\/product\/rs134-recycled-50cl-glass-bottles-manufacturer\"]}]},{\"@type\":\"BreadcrumbList\",\"@id\":\"https:\/\/ruishengglassco.com\/product\/rs134-recycled-50cl-glass-bottles-manufacturer#breadcrumb\",\"itemListElement\":[{\"@type\":\"ListItem\",\"position\":1,\"name\":\"Home\",\"item\":\"https:\/\/ruishengglassco.com\/\"},{\"@type\":\"ListItem\",\"position\":2,\"name\":\"Products\",\"item\":\"https:\/\/ruishengglassco.com\/products\"},{\"@type\":\"ListItem\",\"position\":3,\"name\":\"RS134: Recycled 50cl Glass Bottles Manufacturer\"}]},{\"@type\":\"WebSite\",\"@id\":\"https:\/\/ruishengglassco.com\/#website\",\"url\":\"https:\/\/ruishengglassco.com\/\",\"name\":\"Ruisheng Glass\",\"description\":\"\",\"publisher\":{\"@id\":\"https:\/\/ruishengglassco.com\/#organization\"},\"potentialAction\":[{\"@type\":\"SearchAction\",\"target\":{\"@type\":\"EntryPoint\",\"urlTemplate\":\"https:\/\/ruishengglassco.com\/?s={search_term_string}\"},\"query-input\":\"required name=search_term_string\"}],\"inLanguage\":\"de\"},{\"@type\":\"Organization\",\"@id\":\"https:\/\/ruishengglassco.com\/#organization\",\"name\":\"Shandong Yuncheng Ruisheng Glass Co., Ltd\",\"url\":\"https:\/\/ruishengglassco.com\/\",\"logo\":{\"@type\":\"ImageObject\",\"inLanguage\":\"de\",\"@id\":\"https:\/\/ruishengglassco.com\/#\/schema\/logo\/image\/\",\"url\":\"https:\/\/ruishengglassco.com\/wp-content\/uploads\/2023\/09\/ruisheng_logo_icon.webp\",\"contentUrl\":\"https:\/\/ruishengglassco.com\/wp-content\/uploads\/2023\/09\/ruisheng_logo_icon.webp\",\"width\":400,\"height\":233,\"caption\":\"Shandong Yuncheng Ruisheng Glass Co., Ltd\"},\"image\":{\"@id\":\"https:\/\/ruishengglassco.com\/#\/schema\/logo\/image\/\"},\"sameAs\":[\"https:\/\/www.facebook.com\/ruishengglassbottles\",\"https:\/\/www.instagram.com\/Ruishengglassbottlewholesales\/\",\"https:\/\/www.youtube.com\/channel\/UCMmbMNGwsL-XrtjfSFLCdVQ\"]}]}<\/script>\n<!-- \/ Yoast SEO plugin. -->","yoast_head_json":{"title":"50cl Recycled Liquor Bottles | Empty Glass Bottles Manufacturer","description":"Do you want to buy 50cl Recycled Liquor Bottles Bulk from China Empty Glass Bottles Manufacturer? Factory Outlet&Wholesale Price. Get Quote Now.","robots":{"index":"index","follow":"follow","max-snippet":"max-snippet:-1","max-image-preview":"max-image-preview:large","max-video-preview":"max-video-preview:-1"},"canonical":"https:\/\/ruishengglassco.com\/de\/produkt\/rs134-recycelte-50cl-glasflaschen-hersteller","og_locale":"de_DE","og_type":"article","og_title":"50cl Recycled Liquor Bottles | Empty Glass Bottles Manufacturer","og_description":"Do you want to buy 50cl Recycled Liquor Bottles Bulk from China Empty Glass Bottles Manufacturer? Factory Outlet&Wholesale Price. Get Quote Now.","og_url":"https:\/\/ruishengglassco.com\/de\/produkt\/rs134-recycelte-50cl-glasflaschen-hersteller","article_publisher":"https:\/\/www.facebook.com\/ruishengglassbottles","article_modified_time":"2025-07-16T06:50:10+00:00","og_image":[{"width":400,"height":400,"url":"https:\/\/ruishengglassco.com\/wp-content\/uploads\/2025\/03\/Recycled-50cl-Glass-Bottles-Manufacturer.webp","type":"image\/webp"}],"twitter_card":"summary_large_image","twitter_misc":{"Gesch\u00e4tzte Lesezeit":"2\u00a0Minuten"},"schema":{"@context":"https:\/\/schema.org","@graph":[{"@type":"WebPage","@id":"https:\/\/ruishengglassco.com\/product\/rs134-recycled-50cl-glass-bottles-manufacturer","url":"https:\/\/ruishengglassco.com\/product\/rs134-recycled-50cl-glass-bottles-manufacturer","name":"50cl Recycled Liquor Bottles | Empty Glass Bottles Manufacturer","isPartOf":{"@id":"https:\/\/ruishengglassco.com\/#website"},"datePublished":"2025-03-14T02:31:42+00:00","dateModified":"2025-07-16T06:50:10+00:00","description":"Do you want to buy 50cl Recycled Liquor Bottles Bulk from China Empty Glass Bottles Manufacturer? Factory Outlet&Wholesale Price. Get Quote Now.","breadcrumb":{"@id":"https:\/\/ruishengglassco.com\/product\/rs134-recycled-50cl-glass-bottles-manufacturer#breadcrumb"},"inLanguage":"de","potentialAction":[{"@type":"ReadAction","target":["https:\/\/ruishengglassco.com\/product\/rs134-recycled-50cl-glass-bottles-manufacturer"]}]},{"@type":"BreadcrumbList","@id":"https:\/\/ruishengglassco.com\/product\/rs134-recycled-50cl-glass-bottles-manufacturer#breadcrumb","itemListElement":[{"@type":"ListItem","position":1,"name":"Home","item":"https:\/\/ruishengglassco.com\/"},{"@type":"ListItem","position":2,"name":"Products","item":"https:\/\/ruishengglassco.com\/products"},{"@type":"ListItem","position":3,"name":"RS134: Recycled 50cl Glass Bottles Manufacturer"}]},{"@type":"WebSite","@id":"https:\/\/ruishengglassco.com\/#website","url":"https:\/\/ruishengglassco.com\/","name":"Ruisheng Glass","description":"","publisher":{"@id":"https:\/\/ruishengglassco.com\/#organization"},"potentialAction":[{"@type":"SearchAction","target":{"@type":"EntryPoint","urlTemplate":"https:\/\/ruishengglassco.com\/?s={search_term_string}"},"query-input":"required name=search_term_string"}],"inLanguage":"de"},{"@type":"Organization","@id":"https:\/\/ruishengglassco.com\/#organization","name":"Shandong Yuncheng Ruisheng Glass Co., Ltd","url":"https:\/\/ruishengglassco.com\/","logo":{"@type":"ImageObject","inLanguage":"de","@id":"https:\/\/ruishengglassco.com\/#\/schema\/logo\/image\/","url":"https:\/\/ruishengglassco.com\/wp-content\/uploads\/2023\/09\/ruisheng_logo_icon.webp","contentUrl":"https:\/\/ruishengglassco.com\/wp-content\/uploads\/2023\/09\/ruisheng_logo_icon.webp","width":400,"height":233,"caption":"Shandong Yuncheng Ruisheng Glass Co., Ltd"},"image":{"@id":"https:\/\/ruishengglassco.com\/#\/schema\/logo\/image\/"},"sameAs":["https:\/\/www.facebook.com\/ruishengglassbottles","https:\/\/www.instagram.com\/Ruishengglassbottlewholesales\/","https:\/\/www.youtube.com\/channel\/UCMmbMNGwsL-XrtjfSFLCdVQ"]}]}},"_links":{"self":[{"href":"https:\/\/ruishengglassco.com\/de\/wp-json\/wp\/v2\/product\/4135","targetHints":{"allow":["GET"]}}],"collection":[{"href":"https:\/\/ruishengglassco.com\/de\/wp-json\/wp\/v2\/product"}],"about":[{"href":"https:\/\/ruishengglassco.com\/de\/wp-json\/wp\/v2\/types\/product"}],"replies":[{"embeddable":true,"href":"https:\/\/ruishengglassco.com\/de\/wp-json\/wp\/v2\/comments?post=4135"}],"wp:featuredmedia":[{"embeddable":true,"href":"https:\/\/ruishengglassco.com\/de\/wp-json\/wp\/v2\/media\/4136"}],"wp:attachment":[{"href":"https:\/\/ruishengglassco.com\/de\/wp-json\/wp\/v2\/media?parent=4135"}],"wp:term":[{"taxonomy":"product_cat","embeddable":true,"href":"https:\/\/ruishengglassco.com\/de\/wp-json\/wp\/v2\/product_cat?post=4135"}],"curies":[{"name":"wp","href":"https:\/\/api.w.org\/{rel}","templated":true}]}}