{"id":4133,"date":"2025-03-14T09:46:43","date_gmt":"2025-03-14T01:46:43","guid":{"rendered":"https:\/\/ruishengglassco.com\/?post_type=product&#038;p=4133"},"modified":"2025-07-16T14:21:10","modified_gmt":"2025-07-16T06:21:10","slug":"rs135-1500ml-einzigartige-weinflaschen-aus-glas","status":"publish","type":"product","link":"https:\/\/ruishengglassco.com\/de\/produkt\/rs135-1500ml-einzigartige-weinflaschen-aus-glas","title":{"rendered":"RS135: 1500ml Einzigartige Weinflaschen aus Glas"},"content":{"rendered":"<p>M\u00f6chten Sie eine 1,5-Liter-Flasche in gro\u00dfen Mengen von chinesischen Herstellern von Spirituosenflaschen kaufen? Wir verwenden f\u00fcr diese Glasflaschen Glasmaterial mit hohem Feuersteinanteil. Diese Glasflaschen k\u00f6nnen f\u00fcr Weinflaschen, Wodkaflaschen, Schnapsflaschen und andere Arten von Spirituosenflaschen verwendet werden.<\/p>\n<p>Diese einzigartige 1.500 ml Glasweinflasche im Gro\u00dfhandel hat eine abgeflachte Form. Nach der Nachfrage des Kunden, k\u00f6nnen wir auch ein benutzerdefiniertes Logo auf diese Flaschen erstellen. Der Dichtungstyp dieser Flasche ist Holzkorken. Dieser Korken braucht eine gr\u00f6\u00dfere Gr\u00f6\u00dfe als andere gemeinsame Korken.<\/p>\n<p>Wir k\u00f6nnen tiefe Verarbeitung auf diese 1500ml Glas Weinflaschen Gro\u00dfhandel durchf\u00fchren. Wie das Drucken von Logos, Abziehbilder, Frost, Gem\u00e4lde, etc.; wir k\u00f6nnen alle diese auf Glasflaschen tun. Wir k\u00f6nnen auch verschiedene Gr\u00f6\u00dfen und Formen von Korken f\u00fcr Glasflaschen bieten.<br \/>Unser Werk besch\u00e4ftigt mehr als 500 Mitarbeiter, darunter 30 Mitarbeiter in der Qualit\u00e4tskontrolle und eine Gruppe qualifizierter Ingenieure. Dank unserer langj\u00e4hrigen Erfahrung werden unsere Glasflaschen in zahlreiche L\u00e4nder und Regionen verkauft, und wir haben uns bei unseren Kunden weltweit einen guten Ruf erworben.<\/p>\n<p>Als Hersteller von Glasflaschen bieten wir eine Reihe von hochwertigen Glasflaschen zu wettbewerbsf\u00e4higen Preisen an. Wenn Sie Ihre Flaschen selbst gestalten m\u00f6chten, entwerfen und produzieren wir sie gerne nach Ihren Ideen und Zeichnungen.<br \/>Unser Ziel ist es, hochwertige Glasflaschen zu produzieren und einen au\u00dfergew\u00f6hnlichen Service zu bieten. Egal, was Sie ben\u00f6tigen, wir werden unser Bestes tun, um Ihnen den besten Service zu bieten.<\/p>\n<h4>Informationen zum Kauf von 1,5-Liter-Flaschen im Gro\u00dfhandel<\/h4>\n<ul>\n<li>Artikel: 15ooml Einzigartige Glas Weinflasche Gro\u00dfhandel<\/li>\n<li>Hauptmaterial: Glas mit hohem Feuersteinanteil<\/li>\n<li>Verschluss: Gro\u00dfer Holzkorken<\/li>\n<li>Referenz: RS135<\/li>\n<li>MOQ: 10000 PCS<\/li>\n<li>Fassungsverm\u00f6gen:1500ml<\/li>\n<li>St\u00fcck\/Gebinde:15St\u00fcck<\/li>\n<li>Herkunft des Ortes: Shandong, China<\/li>\n<li>Besonderheit: Umweltfreundlich<\/li>\n<\/ul>\n<p>Wenn Sie eine 1,5-Liter-Flasche in gro\u00dfen Mengen kaufen oder eine OEM-Bestellung aufgeben m\u00f6chten, wenden Sie sich bitte an <a href=\"https:\/\/glassbottlewholesale.com\/contact\/\">kontaktieren Sie uns.<\/a><\/p>","protected":false},"excerpt":{"rendered":"<p>M\u00f6chten Sie eine 1,5-Liter-Flasche in gro\u00dfen Mengen von chinesischen Herstellern von Spirituosenflaschen kaufen? Wir verwenden f\u00fcr diese Glasflaschen Glasmaterial mit hohem Feuersteinanteil. Diese Glasflaschen k\u00f6nnen f\u00fcr Weinflaschen, Wodkaflaschen, Schnapsflaschen und andere Arten von Spirituosenflaschen verwendet werden. Diese 1.500 ml einzigartige Glas Weinflasche Gro\u00dfhandel verf\u00fcgt \u00fcber eine abgeflachte Form. Nach...<\/p>","protected":false},"featured_media":4134,"comment_status":"closed","ping_status":"closed","template":"","meta":[],"product_cat":[15,49],"class_list":{"0":"post-4133","1":"product","2":"type-product","3":"status-publish","4":"has-post-thumbnail","6":"product_cat-glass-liquor-spirit-bottles","7":"product_cat-1500ml-liquor-bottle-manufacturer","9":"first","10":"instock","11":"shipping-taxable","12":"product-type-simple"},"yoast_head":"<!-- This site is optimized with the Yoast SEO plugin v22.0 - https:\/\/yoast.com\/wordpress\/plugins\/seo\/ -->\n<title>Buy 1.5 Liter Bottle | 1500ml Glass Bottle Manufacturer<\/title>\n<meta name=\"description\" content=\"Buy 1.5 Liter Bottle In Bulk From China Liquor Bottle Manufacturers. 1500ml Glass Wine Biottle Wholesale In Factory Outlet Price.\" \/>\n<meta name=\"robots\" content=\"index, follow, max-snippet:-1, max-image-preview:large, max-video-preview:-1\" \/>\n<link rel=\"canonical\" href=\"https:\/\/ruishengglassco.com\/de\/produkt\/rs135-1500ml-einzigartige-weinflaschen-aus-glas\" \/>\n<meta property=\"og:locale\" content=\"de_DE\" \/>\n<meta property=\"og:type\" content=\"article\" \/>\n<meta property=\"og:title\" content=\"Buy 1.5 Liter Bottle | 1500ml Glass Bottle Manufacturer\" \/>\n<meta property=\"og:description\" content=\"Buy 1.5 Liter Bottle In Bulk From China Liquor Bottle Manufacturers. 1500ml Glass Wine Biottle Wholesale In Factory Outlet Price.\" \/>\n<meta property=\"og:url\" content=\"https:\/\/ruishengglassco.com\/de\/produkt\/rs135-1500ml-einzigartige-weinflaschen-aus-glas\" \/>\n<meta property=\"article:publisher\" content=\"https:\/\/www.facebook.com\/ruishengglassbottles\" \/>\n<meta property=\"article:modified_time\" content=\"2025-07-16T06:21:10+00:00\" \/>\n<meta property=\"og:image\" content=\"https:\/\/ruishengglassco.com\/wp-content\/uploads\/2025\/03\/1500ml-Unique-Glass-Wine-Bottles.webp\" \/>\n\t<meta property=\"og:image:width\" content=\"400\" \/>\n\t<meta property=\"og:image:height\" content=\"400\" \/>\n\t<meta property=\"og:image:type\" content=\"image\/webp\" \/>\n<meta name=\"twitter:card\" content=\"summary_large_image\" \/>\n<meta name=\"twitter:label1\" content=\"Gesch\u00e4tzte Lesezeit\" \/>\n\t<meta name=\"twitter:data1\" content=\"1\u00a0Minute\" \/>\n<script type=\"application\/ld+json\" class=\"yoast-schema-graph\">{\"@context\":\"https:\/\/schema.org\",\"@graph\":[{\"@type\":\"WebPage\",\"@id\":\"https:\/\/ruishengglassco.com\/product\/rs135-1500ml-unique-glass-wine-bottles\",\"url\":\"https:\/\/ruishengglassco.com\/product\/rs135-1500ml-unique-glass-wine-bottles\",\"name\":\"Buy 1.5 Liter Bottle | 1500ml Glass Bottle Manufacturer\",\"isPartOf\":{\"@id\":\"https:\/\/ruishengglassco.com\/#website\"},\"datePublished\":\"2025-03-14T01:46:43+00:00\",\"dateModified\":\"2025-07-16T06:21:10+00:00\",\"description\":\"Buy 1.5 Liter Bottle In Bulk From China Liquor Bottle Manufacturers. 1500ml Glass Wine Biottle Wholesale In Factory Outlet Price.\",\"breadcrumb\":{\"@id\":\"https:\/\/ruishengglassco.com\/product\/rs135-1500ml-unique-glass-wine-bottles#breadcrumb\"},\"inLanguage\":\"de\",\"potentialAction\":[{\"@type\":\"ReadAction\",\"target\":[\"https:\/\/ruishengglassco.com\/product\/rs135-1500ml-unique-glass-wine-bottles\"]}]},{\"@type\":\"BreadcrumbList\",\"@id\":\"https:\/\/ruishengglassco.com\/product\/rs135-1500ml-unique-glass-wine-bottles#breadcrumb\",\"itemListElement\":[{\"@type\":\"ListItem\",\"position\":1,\"name\":\"Home\",\"item\":\"https:\/\/ruishengglassco.com\/\"},{\"@type\":\"ListItem\",\"position\":2,\"name\":\"Products\",\"item\":\"https:\/\/ruishengglassco.com\/products\"},{\"@type\":\"ListItem\",\"position\":3,\"name\":\"RS135: 1500ml Unique Glass Wine Bottles\"}]},{\"@type\":\"WebSite\",\"@id\":\"https:\/\/ruishengglassco.com\/#website\",\"url\":\"https:\/\/ruishengglassco.com\/\",\"name\":\"Ruisheng Glass\",\"description\":\"\",\"publisher\":{\"@id\":\"https:\/\/ruishengglassco.com\/#organization\"},\"potentialAction\":[{\"@type\":\"SearchAction\",\"target\":{\"@type\":\"EntryPoint\",\"urlTemplate\":\"https:\/\/ruishengglassco.com\/?s={search_term_string}\"},\"query-input\":\"required name=search_term_string\"}],\"inLanguage\":\"de\"},{\"@type\":\"Organization\",\"@id\":\"https:\/\/ruishengglassco.com\/#organization\",\"name\":\"Shandong Yuncheng Ruisheng Glass Co., Ltd\",\"url\":\"https:\/\/ruishengglassco.com\/\",\"logo\":{\"@type\":\"ImageObject\",\"inLanguage\":\"de\",\"@id\":\"https:\/\/ruishengglassco.com\/#\/schema\/logo\/image\/\",\"url\":\"https:\/\/ruishengglassco.com\/wp-content\/uploads\/2023\/09\/ruisheng_logo_icon.webp\",\"contentUrl\":\"https:\/\/ruishengglassco.com\/wp-content\/uploads\/2023\/09\/ruisheng_logo_icon.webp\",\"width\":400,\"height\":233,\"caption\":\"Shandong Yuncheng Ruisheng Glass Co., Ltd\"},\"image\":{\"@id\":\"https:\/\/ruishengglassco.com\/#\/schema\/logo\/image\/\"},\"sameAs\":[\"https:\/\/www.facebook.com\/ruishengglassbottles\",\"https:\/\/www.instagram.com\/Ruishengglassbottlewholesales\/\",\"https:\/\/www.youtube.com\/channel\/UCMmbMNGwsL-XrtjfSFLCdVQ\"]}]}<\/script>\n<!-- \/ Yoast SEO plugin. -->","yoast_head_json":{"title":"Buy 1.5 Liter Bottle | 1500ml Glass Bottle Manufacturer","description":"Buy 1.5 Liter Bottle In Bulk From China Liquor Bottle Manufacturers. 1500ml Glass Wine Biottle Wholesale In Factory Outlet Price.","robots":{"index":"index","follow":"follow","max-snippet":"max-snippet:-1","max-image-preview":"max-image-preview:large","max-video-preview":"max-video-preview:-1"},"canonical":"https:\/\/ruishengglassco.com\/de\/produkt\/rs135-1500ml-einzigartige-weinflaschen-aus-glas","og_locale":"de_DE","og_type":"article","og_title":"Buy 1.5 Liter Bottle | 1500ml Glass Bottle Manufacturer","og_description":"Buy 1.5 Liter Bottle In Bulk From China Liquor Bottle Manufacturers. 1500ml Glass Wine Biottle Wholesale In Factory Outlet Price.","og_url":"https:\/\/ruishengglassco.com\/de\/produkt\/rs135-1500ml-einzigartige-weinflaschen-aus-glas","article_publisher":"https:\/\/www.facebook.com\/ruishengglassbottles","article_modified_time":"2025-07-16T06:21:10+00:00","og_image":[{"width":400,"height":400,"url":"https:\/\/ruishengglassco.com\/wp-content\/uploads\/2025\/03\/1500ml-Unique-Glass-Wine-Bottles.webp","type":"image\/webp"}],"twitter_card":"summary_large_image","twitter_misc":{"Gesch\u00e4tzte Lesezeit":"1\u00a0Minute"},"schema":{"@context":"https:\/\/schema.org","@graph":[{"@type":"WebPage","@id":"https:\/\/ruishengglassco.com\/product\/rs135-1500ml-unique-glass-wine-bottles","url":"https:\/\/ruishengglassco.com\/product\/rs135-1500ml-unique-glass-wine-bottles","name":"Buy 1.5 Liter Bottle | 1500ml Glass Bottle Manufacturer","isPartOf":{"@id":"https:\/\/ruishengglassco.com\/#website"},"datePublished":"2025-03-14T01:46:43+00:00","dateModified":"2025-07-16T06:21:10+00:00","description":"Buy 1.5 Liter Bottle In Bulk From China Liquor Bottle Manufacturers. 1500ml Glass Wine Biottle Wholesale In Factory Outlet Price.","breadcrumb":{"@id":"https:\/\/ruishengglassco.com\/product\/rs135-1500ml-unique-glass-wine-bottles#breadcrumb"},"inLanguage":"de","potentialAction":[{"@type":"ReadAction","target":["https:\/\/ruishengglassco.com\/product\/rs135-1500ml-unique-glass-wine-bottles"]}]},{"@type":"BreadcrumbList","@id":"https:\/\/ruishengglassco.com\/product\/rs135-1500ml-unique-glass-wine-bottles#breadcrumb","itemListElement":[{"@type":"ListItem","position":1,"name":"Home","item":"https:\/\/ruishengglassco.com\/"},{"@type":"ListItem","position":2,"name":"Products","item":"https:\/\/ruishengglassco.com\/products"},{"@type":"ListItem","position":3,"name":"RS135: 1500ml Unique Glass Wine Bottles"}]},{"@type":"WebSite","@id":"https:\/\/ruishengglassco.com\/#website","url":"https:\/\/ruishengglassco.com\/","name":"Ruisheng Glass","description":"","publisher":{"@id":"https:\/\/ruishengglassco.com\/#organization"},"potentialAction":[{"@type":"SearchAction","target":{"@type":"EntryPoint","urlTemplate":"https:\/\/ruishengglassco.com\/?s={search_term_string}"},"query-input":"required name=search_term_string"}],"inLanguage":"de"},{"@type":"Organization","@id":"https:\/\/ruishengglassco.com\/#organization","name":"Shandong Yuncheng Ruisheng Glass Co., Ltd","url":"https:\/\/ruishengglassco.com\/","logo":{"@type":"ImageObject","inLanguage":"de","@id":"https:\/\/ruishengglassco.com\/#\/schema\/logo\/image\/","url":"https:\/\/ruishengglassco.com\/wp-content\/uploads\/2023\/09\/ruisheng_logo_icon.webp","contentUrl":"https:\/\/ruishengglassco.com\/wp-content\/uploads\/2023\/09\/ruisheng_logo_icon.webp","width":400,"height":233,"caption":"Shandong Yuncheng Ruisheng Glass Co., Ltd"},"image":{"@id":"https:\/\/ruishengglassco.com\/#\/schema\/logo\/image\/"},"sameAs":["https:\/\/www.facebook.com\/ruishengglassbottles","https:\/\/www.instagram.com\/Ruishengglassbottlewholesales\/","https:\/\/www.youtube.com\/channel\/UCMmbMNGwsL-XrtjfSFLCdVQ"]}]}},"_links":{"self":[{"href":"https:\/\/ruishengglassco.com\/de\/wp-json\/wp\/v2\/product\/4133","targetHints":{"allow":["GET"]}}],"collection":[{"href":"https:\/\/ruishengglassco.com\/de\/wp-json\/wp\/v2\/product"}],"about":[{"href":"https:\/\/ruishengglassco.com\/de\/wp-json\/wp\/v2\/types\/product"}],"replies":[{"embeddable":true,"href":"https:\/\/ruishengglassco.com\/de\/wp-json\/wp\/v2\/comments?post=4133"}],"wp:featuredmedia":[{"embeddable":true,"href":"https:\/\/ruishengglassco.com\/de\/wp-json\/wp\/v2\/media\/4134"}],"wp:attachment":[{"href":"https:\/\/ruishengglassco.com\/de\/wp-json\/wp\/v2\/media?parent=4133"}],"wp:term":[{"taxonomy":"product_cat","embeddable":true,"href":"https:\/\/ruishengglassco.com\/de\/wp-json\/wp\/v2\/product_cat?post=4133"}],"curies":[{"name":"wp","href":"https:\/\/api.w.org\/{rel}","templated":true}]}}