{"id":4129,"date":"2025-03-14T09:31:32","date_gmt":"2025-03-14T01:31:32","guid":{"rendered":"https:\/\/ruishengglassco.com\/?post_type=product&#038;p=4129"},"modified":"2025-07-16T14:47:08","modified_gmt":"2025-07-16T06:47:08","slug":"rs137-kaufen-glasflasche-mit-deckel","status":"publish","type":"product","link":"https:\/\/ruishengglassco.com\/de\/produkt\/rs137-kaufen-glasflasche-mit-deckel","title":{"rendered":"RS137: Glasflaschen mit Deckeln kaufen"},"content":{"rendered":"<p><span data-preserver-spaces=\"true\">Die 750ml Klarglasflasche f\u00fcr Spirituosen <\/span><span data-preserver-spaces=\"true\">hergestellt wird<\/span><span data-preserver-spaces=\"true\"> von Shandong Yuncheng Ruisheng Glass Co., Ltd. Unser Unternehmen ist einer der gr\u00f6\u00dften Hersteller von Superflint<\/span><a class=\"editor-rtfLink\" href=\"https:\/\/glassbottlewholesale.com\/about-us\/\" target=\"_blank\" rel=\"noopener\"><span data-preserver-spaces=\"true\"> Schnapsglasflaschen in<\/span><\/a><span data-preserver-spaces=\"true\"> China. Unser Unternehmen hat \u00fcber 500 Mitarbeiter und ein Team von qualifizierten Ingenieuren. Mit unserer reichen Erfahrung haben wir uns weltweit einen guten Ruf erworben.<\/span><\/p>\n<p><span data-preserver-spaces=\"true\">Die 750-ml-Gro\u00dfhandels-Spirituosenflasche ist mit Korken und <\/span><span data-preserver-spaces=\"true\">ist handwerklich hergestellt<\/span><span data-preserver-spaces=\"true\"> aus hochwertigem Flintglas. Diese Art von Glas ist klar, haltbar und f\u00fchlt sich glatt an. <\/span><span data-preserver-spaces=\"true\">Es ist <\/span><span data-preserver-spaces=\"true\">perfekt<\/span><span data-preserver-spaces=\"true\"> f\u00fcr die Verpackung von Spirituosen, Wodka, Brandy, Whiskey und <\/span><span data-preserver-spaces=\"true\">mehr<\/span><span data-preserver-spaces=\"true\">.<\/span><\/p>\n<p><span data-preserver-spaces=\"true\">Ruisheng ist ein f\u00fchrender Hersteller von Spirituosenflaschen mit Korken f\u00fcr den Gro\u00dfhandel. Wir machen hochwertige Glasflaschen f\u00fcr Wodka, Schnaps, Whiskey, Lik\u00f6r und Marmelade. Wir k\u00f6nnen auch verschiedene Farbe Spirituosenflaschen Gro\u00dfhandel bieten. Zu den Optionen geh\u00f6ren bernsteinfarbene, gr\u00fcne, wei\u00dfe und transparente Glasflaschen. Zu unseren Hauptm\u00e4rkten geh\u00f6ren das Vereinigte K\u00f6nigreich, die Vereinigten Staaten, Australien, Kanada und andere Regionen. Alle Produkte genie\u00dfen ein hohes Ansehen f\u00fcr Innovation und Funktionalit\u00e4t.<\/span><\/p>\n<p><span data-preserver-spaces=\"true\">Und wie w\u00e4hlt man E-Liquid-Glasflaschen aus? Bitte w\u00e4hlen Sie die richtige Klarglasflasche f\u00fcr Spirituosen. Der erste Punkt ist die Qualit\u00e4t der Liquid-Flaschen. Hochwertige<\/span><a class=\"editor-rtfLink\" href=\"https:\/\/glassbottlewholesale.com\/our-products\/\" target=\"_blank\" rel=\"noopener\"><span data-preserver-spaces=\"true\"> Glasflaschen k\u00f6nnen<\/span><\/a><span data-preserver-spaces=\"true\"> die Qualit\u00e4t von Spirituosen zu gew\u00e4hrleisten und ihren Wert zu steigern. Dar\u00fcber hinaus m\u00fcssen die Kunden bei der Auswahl einer Fl\u00fcssigglasflasche auch auf die Qualit\u00e4t der Spirituosenprodukte, den Geschmack der Spirituose und die kulturelle Propaganda achten.\u00a0<\/span><span data-preserver-spaces=\"true\">Wenn <\/span><span data-preserver-spaces=\"true\">Kaufen<\/span><span data-preserver-spaces=\"true\"> Spirituosenflaschen, <\/span><span data-preserver-spaces=\"true\">w\u00e4hlen.<\/span><span data-preserver-spaces=\"true\"> a <\/span><span data-preserver-spaces=\"true\">zuverl\u00e4ssig<\/span><span data-preserver-spaces=\"true\"> Hersteller.<\/span> <span data-preserver-spaces=\"true\">Diese<\/span><span data-preserver-spaces=\"true\"> tr\u00e4gt dazu bei, die Qualit\u00e4t und den Preis der Flaschen zu sichern.<\/span><\/p>\n<p><span data-preserver-spaces=\"true\">Wenn Sie an dieser 750ml Klarglasflasche f\u00fcr Spirituosen interessiert sind, <\/span><span data-preserver-spaces=\"true\">Bitte kontaktieren Sie uns<\/span><span data-preserver-spaces=\"true\">.<\/span><span data-preserver-spaces=\"true\"> Wir werden Ihnen innerhalb von 24 Stunden antworten.<\/span><\/p>","protected":false},"excerpt":{"rendered":"<p>Glas runde Form 750ml Klarglasflasche f\u00fcr Spirituosen. Die sch\u00f6ne Farbe der Spirituose zeigt durch die Super-Flint-Glas, funktioniert f\u00fcr Whiskey, Brandy, Wodka, etc. Korken\/Kr\u00e4henverschluss verf\u00fcgbar.<\/p>\n<p>Benutzerdefinierte 750ml Spiritus Glasflasche Gro\u00dfhandel Details:<\/p>\n<ul>\n<li>Referenz: RS137<\/li>\n<li><strong>OEM\/ODM-Service angeboten. MOQ:10000pcs<\/strong><\/li>\n<li>Verschluss: Schraubverschluss\/Kork<\/li>\n<li>Material: Hochwertiges Flintglas<\/li>\n<li>Lieferung: Kostenlose Probe wird innerhalb von 3-7 Tagen angeboten. Bulk Order innerhalb von 30 Tagen.<\/li>\n<li>Besonderheit: Umweltfreundlich<\/li>\n<\/ul>","protected":false},"featured_media":4130,"comment_status":"closed","ping_status":"closed","template":"","meta":[],"product_cat":[15],"class_list":{"0":"post-4129","1":"product","2":"type-product","3":"status-publish","4":"has-post-thumbnail","6":"product_cat-glass-liquor-spirit-bottles","8":"first","9":"instock","10":"shipping-taxable","11":"product-type-simple"},"yoast_head":"<!-- This site is optimized with the Yoast SEO plugin v22.0 - https:\/\/yoast.com\/wordpress\/plugins\/seo\/ -->\n<title>RS137: Buy Glass Bottle With Lids<\/title>\n<meta name=\"description\" content=\"Glass round shape 750ml clear glass bottle for liquor. The beautiful color of the spirit shows through the super-flint glass, works for Whiskey, Brandy, Vodka, etc. Cork\/Scrow cap Available.\" \/>\n<meta name=\"robots\" content=\"index, follow, max-snippet:-1, max-image-preview:large, max-video-preview:-1\" \/>\n<link rel=\"canonical\" href=\"https:\/\/ruishengglassco.com\/de\/produkt\/rs137-kaufen-glasflasche-mit-deckel\" \/>\n<meta property=\"og:locale\" content=\"de_DE\" \/>\n<meta property=\"og:type\" content=\"article\" \/>\n<meta property=\"og:title\" content=\"RS137: Buy Glass Bottle With Lids\" \/>\n<meta property=\"og:description\" content=\"Glass round shape 750ml clear glass bottle for liquor. The beautiful color of the spirit shows through the super-flint glass, works for Whiskey, Brandy, Vodka, etc. Cork\/Scrow cap Available.\" \/>\n<meta property=\"og:url\" content=\"https:\/\/ruishengglassco.com\/de\/produkt\/rs137-kaufen-glasflasche-mit-deckel\" \/>\n<meta property=\"article:publisher\" content=\"https:\/\/www.facebook.com\/ruishengglassbottles\" \/>\n<meta property=\"article:modified_time\" content=\"2025-07-16T06:47:08+00:00\" \/>\n<meta property=\"og:image\" content=\"https:\/\/ruishengglassco.com\/wp-content\/uploads\/2025\/03\/RS137-Buy-Glass-Bottle-With-Lids.webp\" \/>\n\t<meta property=\"og:image:width\" content=\"400\" \/>\n\t<meta property=\"og:image:height\" content=\"400\" \/>\n\t<meta property=\"og:image:type\" content=\"image\/webp\" \/>\n<meta name=\"twitter:card\" content=\"summary_large_image\" \/>\n<meta name=\"twitter:label1\" content=\"Gesch\u00e4tzte Lesezeit\" \/>\n\t<meta name=\"twitter:data1\" content=\"2\u00a0Minuten\" \/>\n<script type=\"application\/ld+json\" class=\"yoast-schema-graph\">{\"@context\":\"https:\/\/schema.org\",\"@graph\":[{\"@type\":\"WebPage\",\"@id\":\"https:\/\/ruishengglassco.com\/product\/rs137-buy-glass-bottle-with-lids\",\"url\":\"https:\/\/ruishengglassco.com\/product\/rs137-buy-glass-bottle-with-lids\",\"name\":\"RS137: Buy Glass Bottle With Lids\",\"isPartOf\":{\"@id\":\"https:\/\/ruishengglassco.com\/#website\"},\"datePublished\":\"2025-03-14T01:31:32+00:00\",\"dateModified\":\"2025-07-16T06:47:08+00:00\",\"description\":\"Glass round shape 750ml clear glass bottle for liquor. The beautiful color of the spirit shows through the super-flint glass, works for Whiskey, Brandy, Vodka, etc. Cork\/Scrow cap Available.\",\"breadcrumb\":{\"@id\":\"https:\/\/ruishengglassco.com\/product\/rs137-buy-glass-bottle-with-lids#breadcrumb\"},\"inLanguage\":\"de\",\"potentialAction\":[{\"@type\":\"ReadAction\",\"target\":[\"https:\/\/ruishengglassco.com\/product\/rs137-buy-glass-bottle-with-lids\"]}]},{\"@type\":\"BreadcrumbList\",\"@id\":\"https:\/\/ruishengglassco.com\/product\/rs137-buy-glass-bottle-with-lids#breadcrumb\",\"itemListElement\":[{\"@type\":\"ListItem\",\"position\":1,\"name\":\"Home\",\"item\":\"https:\/\/ruishengglassco.com\/\"},{\"@type\":\"ListItem\",\"position\":2,\"name\":\"Products\",\"item\":\"https:\/\/ruishengglassco.com\/products\"},{\"@type\":\"ListItem\",\"position\":3,\"name\":\"RS137: Buy Glass Bottle With Lids\"}]},{\"@type\":\"WebSite\",\"@id\":\"https:\/\/ruishengglassco.com\/#website\",\"url\":\"https:\/\/ruishengglassco.com\/\",\"name\":\"Ruisheng Glass\",\"description\":\"\",\"publisher\":{\"@id\":\"https:\/\/ruishengglassco.com\/#organization\"},\"potentialAction\":[{\"@type\":\"SearchAction\",\"target\":{\"@type\":\"EntryPoint\",\"urlTemplate\":\"https:\/\/ruishengglassco.com\/?s={search_term_string}\"},\"query-input\":\"required name=search_term_string\"}],\"inLanguage\":\"de\"},{\"@type\":\"Organization\",\"@id\":\"https:\/\/ruishengglassco.com\/#organization\",\"name\":\"Shandong Yuncheng Ruisheng Glass Co., Ltd\",\"url\":\"https:\/\/ruishengglassco.com\/\",\"logo\":{\"@type\":\"ImageObject\",\"inLanguage\":\"de\",\"@id\":\"https:\/\/ruishengglassco.com\/#\/schema\/logo\/image\/\",\"url\":\"https:\/\/ruishengglassco.com\/wp-content\/uploads\/2023\/09\/ruisheng_logo_icon.webp\",\"contentUrl\":\"https:\/\/ruishengglassco.com\/wp-content\/uploads\/2023\/09\/ruisheng_logo_icon.webp\",\"width\":400,\"height\":233,\"caption\":\"Shandong Yuncheng Ruisheng Glass Co., Ltd\"},\"image\":{\"@id\":\"https:\/\/ruishengglassco.com\/#\/schema\/logo\/image\/\"},\"sameAs\":[\"https:\/\/www.facebook.com\/ruishengglassbottles\",\"https:\/\/www.instagram.com\/Ruishengglassbottlewholesales\/\",\"https:\/\/www.youtube.com\/channel\/UCMmbMNGwsL-XrtjfSFLCdVQ\"]}]}<\/script>\n<!-- \/ Yoast SEO plugin. -->","yoast_head_json":{"title":"RS137: Buy Glass Bottle With Lids","description":"Glass round shape 750ml clear glass bottle for liquor. The beautiful color of the spirit shows through the super-flint glass, works for Whiskey, Brandy, Vodka, etc. Cork\/Scrow cap Available.","robots":{"index":"index","follow":"follow","max-snippet":"max-snippet:-1","max-image-preview":"max-image-preview:large","max-video-preview":"max-video-preview:-1"},"canonical":"https:\/\/ruishengglassco.com\/de\/produkt\/rs137-kaufen-glasflasche-mit-deckel","og_locale":"de_DE","og_type":"article","og_title":"RS137: Buy Glass Bottle With Lids","og_description":"Glass round shape 750ml clear glass bottle for liquor. The beautiful color of the spirit shows through the super-flint glass, works for Whiskey, Brandy, Vodka, etc. Cork\/Scrow cap Available.","og_url":"https:\/\/ruishengglassco.com\/de\/produkt\/rs137-kaufen-glasflasche-mit-deckel","article_publisher":"https:\/\/www.facebook.com\/ruishengglassbottles","article_modified_time":"2025-07-16T06:47:08+00:00","og_image":[{"width":400,"height":400,"url":"https:\/\/ruishengglassco.com\/wp-content\/uploads\/2025\/03\/RS137-Buy-Glass-Bottle-With-Lids.webp","type":"image\/webp"}],"twitter_card":"summary_large_image","twitter_misc":{"Gesch\u00e4tzte Lesezeit":"2\u00a0Minuten"},"schema":{"@context":"https:\/\/schema.org","@graph":[{"@type":"WebPage","@id":"https:\/\/ruishengglassco.com\/product\/rs137-buy-glass-bottle-with-lids","url":"https:\/\/ruishengglassco.com\/product\/rs137-buy-glass-bottle-with-lids","name":"RS137: Buy Glass Bottle With Lids","isPartOf":{"@id":"https:\/\/ruishengglassco.com\/#website"},"datePublished":"2025-03-14T01:31:32+00:00","dateModified":"2025-07-16T06:47:08+00:00","description":"Glass round shape 750ml clear glass bottle for liquor. The beautiful color of the spirit shows through the super-flint glass, works for Whiskey, Brandy, Vodka, etc. Cork\/Scrow cap Available.","breadcrumb":{"@id":"https:\/\/ruishengglassco.com\/product\/rs137-buy-glass-bottle-with-lids#breadcrumb"},"inLanguage":"de","potentialAction":[{"@type":"ReadAction","target":["https:\/\/ruishengglassco.com\/product\/rs137-buy-glass-bottle-with-lids"]}]},{"@type":"BreadcrumbList","@id":"https:\/\/ruishengglassco.com\/product\/rs137-buy-glass-bottle-with-lids#breadcrumb","itemListElement":[{"@type":"ListItem","position":1,"name":"Home","item":"https:\/\/ruishengglassco.com\/"},{"@type":"ListItem","position":2,"name":"Products","item":"https:\/\/ruishengglassco.com\/products"},{"@type":"ListItem","position":3,"name":"RS137: Buy Glass Bottle With Lids"}]},{"@type":"WebSite","@id":"https:\/\/ruishengglassco.com\/#website","url":"https:\/\/ruishengglassco.com\/","name":"Ruisheng Glass","description":"","publisher":{"@id":"https:\/\/ruishengglassco.com\/#organization"},"potentialAction":[{"@type":"SearchAction","target":{"@type":"EntryPoint","urlTemplate":"https:\/\/ruishengglassco.com\/?s={search_term_string}"},"query-input":"required name=search_term_string"}],"inLanguage":"de"},{"@type":"Organization","@id":"https:\/\/ruishengglassco.com\/#organization","name":"Shandong Yuncheng Ruisheng Glass Co., Ltd","url":"https:\/\/ruishengglassco.com\/","logo":{"@type":"ImageObject","inLanguage":"de","@id":"https:\/\/ruishengglassco.com\/#\/schema\/logo\/image\/","url":"https:\/\/ruishengglassco.com\/wp-content\/uploads\/2023\/09\/ruisheng_logo_icon.webp","contentUrl":"https:\/\/ruishengglassco.com\/wp-content\/uploads\/2023\/09\/ruisheng_logo_icon.webp","width":400,"height":233,"caption":"Shandong Yuncheng Ruisheng Glass Co., Ltd"},"image":{"@id":"https:\/\/ruishengglassco.com\/#\/schema\/logo\/image\/"},"sameAs":["https:\/\/www.facebook.com\/ruishengglassbottles","https:\/\/www.instagram.com\/Ruishengglassbottlewholesales\/","https:\/\/www.youtube.com\/channel\/UCMmbMNGwsL-XrtjfSFLCdVQ"]}]}},"_links":{"self":[{"href":"https:\/\/ruishengglassco.com\/de\/wp-json\/wp\/v2\/product\/4129","targetHints":{"allow":["GET"]}}],"collection":[{"href":"https:\/\/ruishengglassco.com\/de\/wp-json\/wp\/v2\/product"}],"about":[{"href":"https:\/\/ruishengglassco.com\/de\/wp-json\/wp\/v2\/types\/product"}],"replies":[{"embeddable":true,"href":"https:\/\/ruishengglassco.com\/de\/wp-json\/wp\/v2\/comments?post=4129"}],"wp:featuredmedia":[{"embeddable":true,"href":"https:\/\/ruishengglassco.com\/de\/wp-json\/wp\/v2\/media\/4130"}],"wp:attachment":[{"href":"https:\/\/ruishengglassco.com\/de\/wp-json\/wp\/v2\/media?parent=4129"}],"wp:term":[{"taxonomy":"product_cat","embeddable":true,"href":"https:\/\/ruishengglassco.com\/de\/wp-json\/wp\/v2\/product_cat?post=4129"}],"curies":[{"name":"wp","href":"https:\/\/api.w.org\/{rel}","templated":true}]}}