{"id":4125,"date":"2025-03-14T09:18:43","date_gmt":"2025-03-14T01:18:43","guid":{"rendered":"https:\/\/ruishengglassco.com\/?post_type=product&#038;p=4125"},"modified":"2025-07-17T13:27:03","modified_gmt":"2025-07-17T05:27:03","slug":"rs139-500ml-vintage-glasflaschen-mit-korken","status":"publish","type":"product","link":"https:\/\/ruishengglassco.com\/de\/produkt\/rs139-500ml-vintage-glasflaschen-mit-korken","title":{"rendered":"RS139: 500ml Vintage Glasflaschen mit Korken"},"content":{"rendered":"<p>Diese Serie von Vintage-Glasflaschen eignet sich f\u00fcr die Verwendung von Wodka, Brandy, XO-Cognac und anderen hochwertigen Spirituosen. Ihre Form ist flach, so dass sie bequem zu halten ist.<br \/>\nDas Material dieser leeren 500-ml-Glasflasche ist ein hochwertiger Feuerstein, der daf\u00fcr sorgt, dass sie nicht leicht bricht. Dar\u00fcber hinaus ist es sehr transparent. Es ist geeignet f\u00fcr den Schraubverschluss, und wir bieten sowohl Aluminiumkappen und Gala-Kappen.<\/p>\n<p>Wir k\u00f6nnen auch den Verschluss \u00e4ndern; wenn Sie einen Korken bevorzugen, k\u00f6nnen wir das einrichten. Au\u00dferdem k\u00f6nnen wir die Farbe der Glasflasche in Blau, Gr\u00fcn, Rot und andere Farben \u00e4ndern.<\/p>\n<p>Unsere Mitarbeiter erf\u00fcllen jeden Tag ihre Pflichten, arbeiten hart und kontrollieren die Qualit\u00e4t der Flaschen streng. Sobald bei einer Glasflasche ein Qualit\u00e4tsproblem festgestellt wird, wird es sofort behoben.<\/p>\n<p>Wenn Sie Ihr Logo aufdrucken m\u00f6chten, k\u00f6nnen wir auch das tun. Wir k\u00f6nnen Glasflaschen tiefgreifend bearbeiten, z. B. durch Aufbringen von Aufklebern, Mattieren, Sandstrahlen und Lackieren.<\/p>\n<h4>Details \u00fcber Vintage Glasflaschen Gro\u00dfhandel<\/h4>\n<p>Die Informationen \u00fcber die Glasflasche wie unten:<\/p>\n<ul>\n<li>Hauptmaterial: Glas mit hohem Feuersteinanteil<\/li>\n<li>Verschluss: Schraubverschluss<\/li>\n<li>Referenz: RS139<\/li>\n<li>MOQ: 10000 PCS<\/li>\n<li>Kapazit\u00e4t: kundenspezifisch<\/li>\n<li>St\u00fcck\/Gebinde:24St\u00fcck<\/li>\n<li>Herkunft des Ortes: Shandong, China<\/li>\n<li>Besonderheit: Umweltfreundlich<\/li>\n<\/ul>\n<p><span data-preserver-spaces=\"true\">Unsere Produkte werden mit gro\u00dfer Sorgfalt verpackt, und<\/span> <span data-preserver-spaces=\"true\">k\u00f6nnen wir Ihnen versichern, dass sie in gutem Zustand sind.<\/span><\/p>\n<p><span data-preserver-spaces=\"true\">Das Wichtigste ist, dass wir einen erstklassigen Kundendienst anbieten; wir beantworten Ihre Fragen und helfen Ihnen, sich mit dem Produktionsprozess unserer Produkte vertraut zu machen.<\/span><\/p>\n<p><span data-preserver-spaces=\"true\">Nat\u00fcrlich, Sie <\/span><span data-preserver-spaces=\"true\">k\u00f6nnen kommen und<\/span><span data-preserver-spaces=\"true\"> Besuchen Sie unsere Fabrik<\/span><span data-preserver-spaces=\"true\">, <\/span><span data-preserver-spaces=\"true\">wir werden<\/span><span data-preserver-spaces=\"true\"> Sie herumf\u00fchren <\/span><span data-preserver-spaces=\"true\">die Fabrik<\/span><span data-preserver-spaces=\"true\">.<\/span><span data-preserver-spaces=\"true\"> Au\u00dferdem ist unser Produktionsprozess sehr formal. Wir hoffen, dass Sie unseren Glasflaschen vertrauen k\u00f6nnen, und wir freuen uns auf eine langfristige Zusammenarbeit mit Ihnen.<\/span><\/p>\n<p><span data-preserver-spaces=\"true\">Wir akzeptieren auch kundenspezifische Glasflaschen; Sie k\u00f6nnen <\/span><span data-preserver-spaces=\"true\">mir<\/span><span data-preserver-spaces=\"true\"> Muster oder Zeichnungen, und wir k\u00f6nnen <\/span><span data-preserver-spaces=\"true\">die gleiche Glasflasche verwenden<\/span><span data-preserver-spaces=\"true\">.<\/span><\/p>\n<p><span data-preserver-spaces=\"true\">Bitte m\u00f6gen Sie diese Glasflasche und geben Sie eine Bestellung auf.<\/span><\/p>\n<p><span data-preserver-spaces=\"true\">Wenn Sie <\/span><span data-preserver-spaces=\"true\">wie<\/span><span data-preserver-spaces=\"true\"> diese Vintage-Glasflasche im Gro\u00dfhandel, bitte <\/span><span data-preserver-spaces=\"true\">sich frei f\u00fchlen<\/span><span data-preserver-spaces=\"true\"> zu <\/span><a class=\"editor-rtfLink\" href=\"https:\/\/glassbottlewholesale.com\/contact\/\" target=\"_blank\" rel=\"noopener\"><span data-preserver-spaces=\"true\">Kontaktieren Sie uns<\/span><\/a><span data-preserver-spaces=\"true\">.<\/span><span data-preserver-spaces=\"true\"> Wir werden 24 Stunden am Tag online sein.<\/span><\/p>","protected":false},"excerpt":{"rendered":"<p>Ruisheng Glass Bottle, ein alteingesessener Hersteller von Spirituosenflaschen mit Sitz in Shandong, China, widmet sich seit \u00fcber 10 Jahren der Herstellung und dem Verkauf von Glasflaschen. Unsere Vintage-Glasflasche Gro\u00dfhandel ist aus hochwertigem Flintglas, die die Glasflasche klarer, haltbarer und glatter macht. Immer als Schnapsflaschen, Brandy-Flaschen, Whiskey-Flaschen und Wodka-Flaschen verwendet.<\/p>\n<p>Wenn Sie eine Glasflasche f\u00fcr Ihre Spirituosen kaufen m\u00f6chten, k\u00f6nnen Sie uns gerne kontaktieren.<\/p>","protected":false},"featured_media":4126,"comment_status":"closed","ping_status":"closed","template":"","meta":[],"product_cat":[15,41],"class_list":{"0":"post-4125","1":"product","2":"type-product","3":"status-publish","4":"has-post-thumbnail","6":"product_cat-glass-liquor-spirit-bottles","7":"product_cat-500ml-liquor-bottle-manufacturer","9":"first","10":"instock","11":"shipping-taxable","12":"product-type-simple"},"yoast_head":"<!-- This site is optimized with the Yoast SEO plugin v22.0 - https:\/\/yoast.com\/wordpress\/plugins\/seo\/ -->\n<title>RS139: 500ml Vintage Glass Bottles With Corks<\/title>\n<meta name=\"description\" content=\"Ruisheng, an old liquor bottle making company, provide 500ml Vintage Glass Bottles Wholesale. Factory Outlet&amp;Save Cost. Free Sample here.\" \/>\n<meta name=\"robots\" content=\"index, follow, max-snippet:-1, max-image-preview:large, max-video-preview:-1\" \/>\n<link rel=\"canonical\" href=\"https:\/\/ruishengglassco.com\/de\/produkt\/rs139-500ml-vintage-glasflaschen-mit-korken\" \/>\n<meta property=\"og:locale\" content=\"de_DE\" \/>\n<meta property=\"og:type\" content=\"article\" \/>\n<meta property=\"og:title\" content=\"RS139: 500ml Vintage Glass Bottles With Corks\" \/>\n<meta property=\"og:description\" content=\"Ruisheng, an old liquor bottle making company, provide 500ml Vintage Glass Bottles Wholesale. Factory Outlet&amp;Save Cost. Free Sample here.\" \/>\n<meta property=\"og:url\" content=\"https:\/\/ruishengglassco.com\/de\/produkt\/rs139-500ml-vintage-glasflaschen-mit-korken\" \/>\n<meta property=\"article:publisher\" content=\"https:\/\/www.facebook.com\/ruishengglassbottles\" \/>\n<meta property=\"article:modified_time\" content=\"2025-07-17T05:27:03+00:00\" \/>\n<meta property=\"og:image\" content=\"https:\/\/ruishengglassco.com\/wp-content\/uploads\/2025\/03\/500ml-Vintage-Glass-Bottles-manufacturer.webp\" \/>\n\t<meta property=\"og:image:width\" content=\"350\" \/>\n\t<meta property=\"og:image:height\" content=\"350\" \/>\n\t<meta property=\"og:image:type\" content=\"image\/webp\" \/>\n<meta name=\"twitter:card\" content=\"summary_large_image\" \/>\n<meta name=\"twitter:label1\" content=\"Gesch\u00e4tzte Lesezeit\" \/>\n\t<meta name=\"twitter:data1\" content=\"2\u00a0Minuten\" \/>\n<script type=\"application\/ld+json\" class=\"yoast-schema-graph\">{\"@context\":\"https:\/\/schema.org\",\"@graph\":[{\"@type\":\"WebPage\",\"@id\":\"https:\/\/ruishengglassco.com\/product\/rs139-500ml-vintage-glass-bottles-with-corks\",\"url\":\"https:\/\/ruishengglassco.com\/product\/rs139-500ml-vintage-glass-bottles-with-corks\",\"name\":\"RS139: 500ml Vintage Glass Bottles With Corks\",\"isPartOf\":{\"@id\":\"https:\/\/ruishengglassco.com\/#website\"},\"datePublished\":\"2025-03-14T01:18:43+00:00\",\"dateModified\":\"2025-07-17T05:27:03+00:00\",\"description\":\"Ruisheng, an old liquor bottle making company, provide 500ml Vintage Glass Bottles Wholesale. Factory Outlet&Save Cost. Free Sample here.\",\"breadcrumb\":{\"@id\":\"https:\/\/ruishengglassco.com\/product\/rs139-500ml-vintage-glass-bottles-with-corks#breadcrumb\"},\"inLanguage\":\"de\",\"potentialAction\":[{\"@type\":\"ReadAction\",\"target\":[\"https:\/\/ruishengglassco.com\/product\/rs139-500ml-vintage-glass-bottles-with-corks\"]}]},{\"@type\":\"BreadcrumbList\",\"@id\":\"https:\/\/ruishengglassco.com\/product\/rs139-500ml-vintage-glass-bottles-with-corks#breadcrumb\",\"itemListElement\":[{\"@type\":\"ListItem\",\"position\":1,\"name\":\"Home\",\"item\":\"https:\/\/ruishengglassco.com\/\"},{\"@type\":\"ListItem\",\"position\":2,\"name\":\"Products\",\"item\":\"https:\/\/ruishengglassco.com\/products\"},{\"@type\":\"ListItem\",\"position\":3,\"name\":\"RS139: 500ml Vintage Glass Bottles With Corks\"}]},{\"@type\":\"WebSite\",\"@id\":\"https:\/\/ruishengglassco.com\/#website\",\"url\":\"https:\/\/ruishengglassco.com\/\",\"name\":\"Ruisheng Glass\",\"description\":\"\",\"publisher\":{\"@id\":\"https:\/\/ruishengglassco.com\/#organization\"},\"potentialAction\":[{\"@type\":\"SearchAction\",\"target\":{\"@type\":\"EntryPoint\",\"urlTemplate\":\"https:\/\/ruishengglassco.com\/?s={search_term_string}\"},\"query-input\":\"required name=search_term_string\"}],\"inLanguage\":\"de\"},{\"@type\":\"Organization\",\"@id\":\"https:\/\/ruishengglassco.com\/#organization\",\"name\":\"Shandong Yuncheng Ruisheng Glass Co., Ltd\",\"url\":\"https:\/\/ruishengglassco.com\/\",\"logo\":{\"@type\":\"ImageObject\",\"inLanguage\":\"de\",\"@id\":\"https:\/\/ruishengglassco.com\/#\/schema\/logo\/image\/\",\"url\":\"https:\/\/ruishengglassco.com\/wp-content\/uploads\/2023\/09\/ruisheng_logo_icon.webp\",\"contentUrl\":\"https:\/\/ruishengglassco.com\/wp-content\/uploads\/2023\/09\/ruisheng_logo_icon.webp\",\"width\":400,\"height\":233,\"caption\":\"Shandong Yuncheng Ruisheng Glass Co., Ltd\"},\"image\":{\"@id\":\"https:\/\/ruishengglassco.com\/#\/schema\/logo\/image\/\"},\"sameAs\":[\"https:\/\/www.facebook.com\/ruishengglassbottles\",\"https:\/\/www.instagram.com\/Ruishengglassbottlewholesales\/\",\"https:\/\/www.youtube.com\/channel\/UCMmbMNGwsL-XrtjfSFLCdVQ\"]}]}<\/script>\n<!-- \/ Yoast SEO plugin. -->","yoast_head_json":{"title":"RS139: 500ml Vintage Glass Bottles With Corks","description":"Ruisheng, an old liquor bottle making company, provide 500ml Vintage Glass Bottles Wholesale. Factory Outlet&Save Cost. Free Sample here.","robots":{"index":"index","follow":"follow","max-snippet":"max-snippet:-1","max-image-preview":"max-image-preview:large","max-video-preview":"max-video-preview:-1"},"canonical":"https:\/\/ruishengglassco.com\/de\/produkt\/rs139-500ml-vintage-glasflaschen-mit-korken","og_locale":"de_DE","og_type":"article","og_title":"RS139: 500ml Vintage Glass Bottles With Corks","og_description":"Ruisheng, an old liquor bottle making company, provide 500ml Vintage Glass Bottles Wholesale. Factory Outlet&Save Cost. Free Sample here.","og_url":"https:\/\/ruishengglassco.com\/de\/produkt\/rs139-500ml-vintage-glasflaschen-mit-korken","article_publisher":"https:\/\/www.facebook.com\/ruishengglassbottles","article_modified_time":"2025-07-17T05:27:03+00:00","og_image":[{"width":350,"height":350,"url":"https:\/\/ruishengglassco.com\/wp-content\/uploads\/2025\/03\/500ml-Vintage-Glass-Bottles-manufacturer.webp","type":"image\/webp"}],"twitter_card":"summary_large_image","twitter_misc":{"Gesch\u00e4tzte Lesezeit":"2\u00a0Minuten"},"schema":{"@context":"https:\/\/schema.org","@graph":[{"@type":"WebPage","@id":"https:\/\/ruishengglassco.com\/product\/rs139-500ml-vintage-glass-bottles-with-corks","url":"https:\/\/ruishengglassco.com\/product\/rs139-500ml-vintage-glass-bottles-with-corks","name":"RS139: 500ml Vintage Glass Bottles With Corks","isPartOf":{"@id":"https:\/\/ruishengglassco.com\/#website"},"datePublished":"2025-03-14T01:18:43+00:00","dateModified":"2025-07-17T05:27:03+00:00","description":"Ruisheng, an old liquor bottle making company, provide 500ml Vintage Glass Bottles Wholesale. Factory Outlet&Save Cost. Free Sample here.","breadcrumb":{"@id":"https:\/\/ruishengglassco.com\/product\/rs139-500ml-vintage-glass-bottles-with-corks#breadcrumb"},"inLanguage":"de","potentialAction":[{"@type":"ReadAction","target":["https:\/\/ruishengglassco.com\/product\/rs139-500ml-vintage-glass-bottles-with-corks"]}]},{"@type":"BreadcrumbList","@id":"https:\/\/ruishengglassco.com\/product\/rs139-500ml-vintage-glass-bottles-with-corks#breadcrumb","itemListElement":[{"@type":"ListItem","position":1,"name":"Home","item":"https:\/\/ruishengglassco.com\/"},{"@type":"ListItem","position":2,"name":"Products","item":"https:\/\/ruishengglassco.com\/products"},{"@type":"ListItem","position":3,"name":"RS139: 500ml Vintage Glass Bottles With Corks"}]},{"@type":"WebSite","@id":"https:\/\/ruishengglassco.com\/#website","url":"https:\/\/ruishengglassco.com\/","name":"Ruisheng Glass","description":"","publisher":{"@id":"https:\/\/ruishengglassco.com\/#organization"},"potentialAction":[{"@type":"SearchAction","target":{"@type":"EntryPoint","urlTemplate":"https:\/\/ruishengglassco.com\/?s={search_term_string}"},"query-input":"required name=search_term_string"}],"inLanguage":"de"},{"@type":"Organization","@id":"https:\/\/ruishengglassco.com\/#organization","name":"Shandong Yuncheng Ruisheng Glass Co., Ltd","url":"https:\/\/ruishengglassco.com\/","logo":{"@type":"ImageObject","inLanguage":"de","@id":"https:\/\/ruishengglassco.com\/#\/schema\/logo\/image\/","url":"https:\/\/ruishengglassco.com\/wp-content\/uploads\/2023\/09\/ruisheng_logo_icon.webp","contentUrl":"https:\/\/ruishengglassco.com\/wp-content\/uploads\/2023\/09\/ruisheng_logo_icon.webp","width":400,"height":233,"caption":"Shandong Yuncheng Ruisheng Glass Co., Ltd"},"image":{"@id":"https:\/\/ruishengglassco.com\/#\/schema\/logo\/image\/"},"sameAs":["https:\/\/www.facebook.com\/ruishengglassbottles","https:\/\/www.instagram.com\/Ruishengglassbottlewholesales\/","https:\/\/www.youtube.com\/channel\/UCMmbMNGwsL-XrtjfSFLCdVQ"]}]}},"_links":{"self":[{"href":"https:\/\/ruishengglassco.com\/de\/wp-json\/wp\/v2\/product\/4125","targetHints":{"allow":["GET"]}}],"collection":[{"href":"https:\/\/ruishengglassco.com\/de\/wp-json\/wp\/v2\/product"}],"about":[{"href":"https:\/\/ruishengglassco.com\/de\/wp-json\/wp\/v2\/types\/product"}],"replies":[{"embeddable":true,"href":"https:\/\/ruishengglassco.com\/de\/wp-json\/wp\/v2\/comments?post=4125"}],"wp:featuredmedia":[{"embeddable":true,"href":"https:\/\/ruishengglassco.com\/de\/wp-json\/wp\/v2\/media\/4126"}],"wp:attachment":[{"href":"https:\/\/ruishengglassco.com\/de\/wp-json\/wp\/v2\/media?parent=4125"}],"wp:term":[{"taxonomy":"product_cat","embeddable":true,"href":"https:\/\/ruishengglassco.com\/de\/wp-json\/wp\/v2\/product_cat?post=4125"}],"curies":[{"name":"wp","href":"https:\/\/api.w.org\/{rel}","templated":true}]}}