{"id":4123,"date":"2025-03-14T09:13:49","date_gmt":"2025-03-14T01:13:49","guid":{"rendered":"https:\/\/ruishengglassco.com\/?post_type=product&#038;p=4123"},"modified":"2025-09-11T16:01:55","modified_gmt":"2025-09-11T08:01:55","slug":"rs140-benutzerdefinierte-50ml-absinthe-mini-flasche","status":"publish","type":"product","link":"https:\/\/ruishengglassco.com\/de\/produkt\/rs140-benutzerdefinierte-50ml-absinthe-mini-flasche","title":{"rendered":"RS140: Kundenspezifische 50ml Absinth Mini-Flasche"},"content":{"rendered":"<p>Wir stellen unsere eigenen Mini-Flaschen bei Shandong Yuncheng Ruisheng Glass Co. her. Wir sind einer der gr\u00f6\u00dften Hersteller von Spirituosenflaschen in China. Wir bieten 50ml Mini-Alkohol-Flaschen in Bulk, so k\u00f6nnen Sie Glasflaschen zum Gro\u00dfhandelspreis zu bekommen.<\/p>\n<p>Diese Absinth-Miniaturflasche ist aus klarem Glas gefertigt. Das macht sie transparent, haltbar und glatt.<\/p>\n<p>Unser Unternehmen hat mehr als 500 Mitarbeiter und ein Team von qualifizierten Ingenieuren. Mit unserer reichen Erfahrung haben wir uns weltweit einen guten Ruf erworben.<\/p>\n<p>Unsere Hauptprodukte sind hochwertige Alkohol-Glasflaschen, darunter Wodkaflaschen, Schnapsflaschen, Whiskeyflaschen, Lik\u00f6rflaschen und Marmeladenflaschen. Wir k\u00f6nnen auch Braunglasflaschen, gr\u00fcne Flaschen und Wasserflaschen anbieten. Zu unseren Hauptm\u00e4rkten geh\u00f6ren Europa, die USA, Australien und andere Regionen. Alle Produkte genie\u00dfen ein hohes Ansehen f\u00fcr Innovation und Funktionalit\u00e4t.<\/p>\n<h4>Die Informationen \u00fcber die Absinth Mini-Flasche Gro\u00dfhandel wie unten:<\/h4>\n<ul>\n<li>Hauptmaterial: Kristallwei\u00dfes Glas, Glas<\/li>\n<li>Verschluss: Schraubverschluss<\/li>\n<li>Referenz: RS140<\/li>\n<li>MOQ: 10000 PCS<\/li>\n<li><span class=\"attr-name J-attr-name\" title=\"Kapazit\u00e4t\">Kapazit\u00e4t<\/span>: 100ml\/375ml\/500ml\/700ml\/750ml\/Custom<\/li>\n<li>St\u00fcck\/Gebinde: 24 St\u00fcck<\/li>\n<li>Herkunft des Ortes: Shandong, China<\/li>\n<li>Besonderheit: Umweltfreundlich<\/li>\n<\/ul>\n<p>Wenn Sie wissen wollen, Absinth min Glasflasche Preis oder wollen, um benutzerdefinierte Glasflasche f\u00fcr Absinth, kontaktieren Sie uns bitte. Wir werden Ihnen innerhalb von 24 Stunden antworten.<\/p>","protected":false},"excerpt":{"rendered":"<p>Ruisheng, ein origineller Hersteller von Glasflaschen, bietet Gro\u00dfhandelsdienstleistungen f\u00fcr Absinth-Mini-Flaschen f\u00fcr Absinth-Marken, Unternehmen, Glasflaschen-Lieferanten, Gro\u00dfh\u00e4ndler, Distributoren und mehr. Klare transparente Glasflasche nimmt hohe Flintglas Material, das unsere Glasflaschen besser f\u00fcr die Anzeige von ausgezeichneten Absinth Qualit\u00e4t macht. Die einzigartige Form Design kann die Aufmerksamkeit der Kunden in einem Blitz zu gewinnen. Als ein prim\u00e4rer Glasflaschenhersteller k\u00f6nnen wir ODM\/OEM Service je nach Ihren Bed\u00fcrfnissen anbieten.<\/p>","protected":false},"featured_media":4124,"comment_status":"closed","ping_status":"closed","template":"","meta":[],"product_cat":[15,48],"class_list":{"0":"post-4123","1":"product","2":"type-product","3":"status-publish","4":"has-post-thumbnail","6":"product_cat-glass-liquor-spirit-bottles","7":"product_cat-50ml-mini-liquor-bottle-manufacturer","9":"first","10":"instock","11":"shipping-taxable","12":"product-type-simple"},"yoast_head":"<!-- This site is optimized with the Yoast SEO plugin v22.0 - https:\/\/yoast.com\/wordpress\/plugins\/seo\/ -->\n<title>RS140: Custom 50ml Absinthe Mini Bottle Wholesale<\/title>\n<meta name=\"description\" content=\"Ruisheng, a professional glass bottle manufacturer, sales absinthe mini bottle wholesale at factory outlet price. Accept custom glass bottles for absinthe.\" \/>\n<meta name=\"robots\" content=\"index, follow, max-snippet:-1, max-image-preview:large, max-video-preview:-1\" \/>\n<link rel=\"canonical\" href=\"https:\/\/ruishengglassco.com\/de\/produkt\/rs140-benutzerdefinierte-50ml-absinthe-mini-flasche\" \/>\n<meta property=\"og:locale\" content=\"de_DE\" \/>\n<meta property=\"og:type\" content=\"article\" \/>\n<meta property=\"og:title\" content=\"RS140: Custom 50ml Absinthe Mini Bottle Wholesale\" \/>\n<meta property=\"og:description\" content=\"Ruisheng, a professional glass bottle manufacturer, sales absinthe mini bottle wholesale at factory outlet price. Accept custom glass bottles for absinthe.\" \/>\n<meta property=\"og:url\" content=\"https:\/\/ruishengglassco.com\/de\/produkt\/rs140-benutzerdefinierte-50ml-absinthe-mini-flasche\" \/>\n<meta property=\"article:publisher\" content=\"https:\/\/www.facebook.com\/ruishengglassbottles\" \/>\n<meta property=\"article:modified_time\" content=\"2025-09-11T08:01:55+00:00\" \/>\n<meta property=\"og:image\" content=\"https:\/\/ruishengglassco.com\/wp-content\/uploads\/2025\/03\/Absinthe-Mini-Bottle.webp\" \/>\n\t<meta property=\"og:image:width\" content=\"800\" \/>\n\t<meta property=\"og:image:height\" content=\"800\" \/>\n\t<meta property=\"og:image:type\" content=\"image\/webp\" \/>\n<meta name=\"twitter:card\" content=\"summary_large_image\" \/>\n<meta name=\"twitter:label1\" content=\"Gesch\u00e4tzte Lesezeit\" \/>\n\t<meta name=\"twitter:data1\" content=\"2\u00a0Minuten\" \/>\n<script type=\"application\/ld+json\" class=\"yoast-schema-graph\">{\"@context\":\"https:\/\/schema.org\",\"@graph\":[{\"@type\":\"WebPage\",\"@id\":\"https:\/\/ruishengglassco.com\/product\/rs140-custom-50ml-absinthe-mini-bottle\",\"url\":\"https:\/\/ruishengglassco.com\/product\/rs140-custom-50ml-absinthe-mini-bottle\",\"name\":\"RS140: Custom 50ml Absinthe Mini Bottle Wholesale\",\"isPartOf\":{\"@id\":\"https:\/\/ruishengglassco.com\/#website\"},\"datePublished\":\"2025-03-14T01:13:49+00:00\",\"dateModified\":\"2025-09-11T08:01:55+00:00\",\"description\":\"Ruisheng, a professional glass bottle manufacturer, sales absinthe mini bottle wholesale at factory outlet price. Accept custom glass bottles for absinthe.\",\"breadcrumb\":{\"@id\":\"https:\/\/ruishengglassco.com\/product\/rs140-custom-50ml-absinthe-mini-bottle#breadcrumb\"},\"inLanguage\":\"de\",\"potentialAction\":[{\"@type\":\"ReadAction\",\"target\":[\"https:\/\/ruishengglassco.com\/product\/rs140-custom-50ml-absinthe-mini-bottle\"]}]},{\"@type\":\"BreadcrumbList\",\"@id\":\"https:\/\/ruishengglassco.com\/product\/rs140-custom-50ml-absinthe-mini-bottle#breadcrumb\",\"itemListElement\":[{\"@type\":\"ListItem\",\"position\":1,\"name\":\"Home\",\"item\":\"https:\/\/ruishengglassco.com\/\"},{\"@type\":\"ListItem\",\"position\":2,\"name\":\"Products\",\"item\":\"https:\/\/ruishengglassco.com\/products\"},{\"@type\":\"ListItem\",\"position\":3,\"name\":\"RS140: Custom 50ml Absinthe Mini Bottle\"}]},{\"@type\":\"WebSite\",\"@id\":\"https:\/\/ruishengglassco.com\/#website\",\"url\":\"https:\/\/ruishengglassco.com\/\",\"name\":\"Ruisheng Glass\",\"description\":\"\",\"publisher\":{\"@id\":\"https:\/\/ruishengglassco.com\/#organization\"},\"potentialAction\":[{\"@type\":\"SearchAction\",\"target\":{\"@type\":\"EntryPoint\",\"urlTemplate\":\"https:\/\/ruishengglassco.com\/?s={search_term_string}\"},\"query-input\":\"required name=search_term_string\"}],\"inLanguage\":\"de\"},{\"@type\":\"Organization\",\"@id\":\"https:\/\/ruishengglassco.com\/#organization\",\"name\":\"Shandong Yuncheng Ruisheng Glass Co., Ltd\",\"url\":\"https:\/\/ruishengglassco.com\/\",\"logo\":{\"@type\":\"ImageObject\",\"inLanguage\":\"de\",\"@id\":\"https:\/\/ruishengglassco.com\/#\/schema\/logo\/image\/\",\"url\":\"https:\/\/ruishengglassco.com\/wp-content\/uploads\/2023\/09\/ruisheng_logo_icon.webp\",\"contentUrl\":\"https:\/\/ruishengglassco.com\/wp-content\/uploads\/2023\/09\/ruisheng_logo_icon.webp\",\"width\":400,\"height\":233,\"caption\":\"Shandong Yuncheng Ruisheng Glass Co., Ltd\"},\"image\":{\"@id\":\"https:\/\/ruishengglassco.com\/#\/schema\/logo\/image\/\"},\"sameAs\":[\"https:\/\/www.facebook.com\/ruishengglassbottles\",\"https:\/\/www.instagram.com\/Ruishengglassbottlewholesales\/\",\"https:\/\/www.youtube.com\/channel\/UCMmbMNGwsL-XrtjfSFLCdVQ\"]}]}<\/script>\n<!-- \/ Yoast SEO plugin. -->","yoast_head_json":{"title":"RS140: Custom 50ml Absinthe Mini Bottle Wholesale","description":"Ruisheng, a professional glass bottle manufacturer, sales absinthe mini bottle wholesale at factory outlet price. Accept custom glass bottles for absinthe.","robots":{"index":"index","follow":"follow","max-snippet":"max-snippet:-1","max-image-preview":"max-image-preview:large","max-video-preview":"max-video-preview:-1"},"canonical":"https:\/\/ruishengglassco.com\/de\/produkt\/rs140-benutzerdefinierte-50ml-absinthe-mini-flasche","og_locale":"de_DE","og_type":"article","og_title":"RS140: Custom 50ml Absinthe Mini Bottle Wholesale","og_description":"Ruisheng, a professional glass bottle manufacturer, sales absinthe mini bottle wholesale at factory outlet price. Accept custom glass bottles for absinthe.","og_url":"https:\/\/ruishengglassco.com\/de\/produkt\/rs140-benutzerdefinierte-50ml-absinthe-mini-flasche","article_publisher":"https:\/\/www.facebook.com\/ruishengglassbottles","article_modified_time":"2025-09-11T08:01:55+00:00","og_image":[{"width":800,"height":800,"url":"https:\/\/ruishengglassco.com\/wp-content\/uploads\/2025\/03\/Absinthe-Mini-Bottle.webp","type":"image\/webp"}],"twitter_card":"summary_large_image","twitter_misc":{"Gesch\u00e4tzte Lesezeit":"2\u00a0Minuten"},"schema":{"@context":"https:\/\/schema.org","@graph":[{"@type":"WebPage","@id":"https:\/\/ruishengglassco.com\/product\/rs140-custom-50ml-absinthe-mini-bottle","url":"https:\/\/ruishengglassco.com\/product\/rs140-custom-50ml-absinthe-mini-bottle","name":"RS140: Custom 50ml Absinthe Mini Bottle Wholesale","isPartOf":{"@id":"https:\/\/ruishengglassco.com\/#website"},"datePublished":"2025-03-14T01:13:49+00:00","dateModified":"2025-09-11T08:01:55+00:00","description":"Ruisheng, a professional glass bottle manufacturer, sales absinthe mini bottle wholesale at factory outlet price. Accept custom glass bottles for absinthe.","breadcrumb":{"@id":"https:\/\/ruishengglassco.com\/product\/rs140-custom-50ml-absinthe-mini-bottle#breadcrumb"},"inLanguage":"de","potentialAction":[{"@type":"ReadAction","target":["https:\/\/ruishengglassco.com\/product\/rs140-custom-50ml-absinthe-mini-bottle"]}]},{"@type":"BreadcrumbList","@id":"https:\/\/ruishengglassco.com\/product\/rs140-custom-50ml-absinthe-mini-bottle#breadcrumb","itemListElement":[{"@type":"ListItem","position":1,"name":"Home","item":"https:\/\/ruishengglassco.com\/"},{"@type":"ListItem","position":2,"name":"Products","item":"https:\/\/ruishengglassco.com\/products"},{"@type":"ListItem","position":3,"name":"RS140: Custom 50ml Absinthe Mini Bottle"}]},{"@type":"WebSite","@id":"https:\/\/ruishengglassco.com\/#website","url":"https:\/\/ruishengglassco.com\/","name":"Ruisheng Glass","description":"","publisher":{"@id":"https:\/\/ruishengglassco.com\/#organization"},"potentialAction":[{"@type":"SearchAction","target":{"@type":"EntryPoint","urlTemplate":"https:\/\/ruishengglassco.com\/?s={search_term_string}"},"query-input":"required name=search_term_string"}],"inLanguage":"de"},{"@type":"Organization","@id":"https:\/\/ruishengglassco.com\/#organization","name":"Shandong Yuncheng Ruisheng Glass Co., Ltd","url":"https:\/\/ruishengglassco.com\/","logo":{"@type":"ImageObject","inLanguage":"de","@id":"https:\/\/ruishengglassco.com\/#\/schema\/logo\/image\/","url":"https:\/\/ruishengglassco.com\/wp-content\/uploads\/2023\/09\/ruisheng_logo_icon.webp","contentUrl":"https:\/\/ruishengglassco.com\/wp-content\/uploads\/2023\/09\/ruisheng_logo_icon.webp","width":400,"height":233,"caption":"Shandong Yuncheng Ruisheng Glass Co., Ltd"},"image":{"@id":"https:\/\/ruishengglassco.com\/#\/schema\/logo\/image\/"},"sameAs":["https:\/\/www.facebook.com\/ruishengglassbottles","https:\/\/www.instagram.com\/Ruishengglassbottlewholesales\/","https:\/\/www.youtube.com\/channel\/UCMmbMNGwsL-XrtjfSFLCdVQ"]}]}},"_links":{"self":[{"href":"https:\/\/ruishengglassco.com\/de\/wp-json\/wp\/v2\/product\/4123","targetHints":{"allow":["GET"]}}],"collection":[{"href":"https:\/\/ruishengglassco.com\/de\/wp-json\/wp\/v2\/product"}],"about":[{"href":"https:\/\/ruishengglassco.com\/de\/wp-json\/wp\/v2\/types\/product"}],"replies":[{"embeddable":true,"href":"https:\/\/ruishengglassco.com\/de\/wp-json\/wp\/v2\/comments?post=4123"}],"wp:featuredmedia":[{"embeddable":true,"href":"https:\/\/ruishengglassco.com\/de\/wp-json\/wp\/v2\/media\/4124"}],"wp:attachment":[{"href":"https:\/\/ruishengglassco.com\/de\/wp-json\/wp\/v2\/media?parent=4123"}],"wp:term":[{"taxonomy":"product_cat","embeddable":true,"href":"https:\/\/ruishengglassco.com\/de\/wp-json\/wp\/v2\/product_cat?post=4123"}],"curies":[{"name":"wp","href":"https:\/\/api.w.org\/{rel}","templated":true}]}}