{"id":4119,"date":"2025-03-14T08:55:20","date_gmt":"2025-03-14T00:55:20","guid":{"rendered":"https:\/\/ruishengglassco.com\/?post_type=product&#038;p=4119"},"modified":"2025-07-16T13:24:35","modified_gmt":"2025-07-16T05:24:35","slug":"rs142-kaufen-500ml-glasflaschen-aus-china-hersteller","status":"publish","type":"product","link":"https:\/\/ruishengglassco.com\/de\/produkt\/rs142-kaufen-500ml-glasflaschen-aus-china-hersteller","title":{"rendered":"RS142: Kaufen 500ml Glasflaschen aus China Hersteller"},"content":{"rendered":"<p>Unser Unternehmen produziert alle Arten von Flaschen, Parf\u00fcmflaschen, und wir k\u00f6nnen es auch tun. Dies ist eine farbige Glasflasche 500ml Glasflasche; seine Form ist flach, und seine Farbe ist transparent.<br \/>Das Farbmaterial, das wir haben, ist High Flint und Super Flint; letzteres ist h\u00e4rter und transparenter. Wenn Sie andere Farben w\u00fcnschen, malen wir andere Farben f\u00fcr Sie.<br \/>Unsere Produkte werden in der ganzen Welt verkauft, und wir sind stets bestrebt, unseren Kunden die besten Produkte und Dienstleistungen zu bieten. Wir verkaufen haupts\u00e4chlich nach Amerika, Russland und S\u00fcdostasien.<br \/>Unsere Hauptprodukte sind Wodkaflaschen, Schnapsflaschen, Whiskeyflaschen, Lik\u00f6rflaschen, Marmeladenflaschen usw. Wir k\u00f6nnen auch Braunglasflaschen, gr\u00fcne Flaschen und Wasserflaschen anbieten.<br \/>Wir k\u00f6nnen garantieren, dass die Qualit\u00e4t unserer Produkte hoch ist, da alle Glasflaschen einer strengen Kontrolle unterzogen werden, bevor wir losfahren.<br \/>\u00a0<br \/>Viele ausl\u00e4ndische Kunden bestellen unsere Flaschen, denn wenn man sie einmal gekauft hat, kommt man das n\u00e4chste Mal wieder.<br \/>Ich glaube, dass unsere Produkte von hoher Qualit\u00e4t sind, und wir hoffen, dass Sie uns vertrauen k\u00f6nnen. Wenn Sie uns nicht vertrauen, k\u00f6nnen Sie gerne unsere Fabrik besuchen.<br \/>Unser Unternehmen akzeptiert auch kundenspezifische Flaschen; wenn Sie uns Zeichnungen zur Verf\u00fcgung stellen k\u00f6nnen, k\u00f6nnen wir das auch tun.<br \/>Bitte z\u00f6gern Sie nicht, uns zu kontaktieren, wenn Sie diese Flasche m\u00f6gen, wenn sie Ihnen nicht gef\u00e4llt. Und wir k\u00f6nnen Ihnen unseren Katalog zu senden, und Sie k\u00f6nnen einige, die Sie m\u00f6gen und senden Sie mir ein Bild zu w\u00e4hlen.<br \/>Wenn Sie mehr \u00fcber diese Flasche wissen m\u00f6chten, kontaktieren Sie uns bitte, und wir werden Ihre Frage beantworten.<\/p>\n<p>Wenn Sie an unseren farbigen Glasflaschen 500ml Glasflaschen kaufen interessiert sind, kontaktieren Sie uns bitte. Wir werden Ihnen innerhalb von 24 Stunden antworten.<\/p>","protected":false},"excerpt":{"rendered":"<ul>\n<li>Hauptmaterial: Glas mit hohem Feuersteinanteil<\/li>\n<li>Kappe: Kork<\/li>\n<li>Referenz: RS142<\/li>\n<li>MOQ: 10000 PCS<\/li>\n<li>Kapazit\u00e4t: entsprechend der Kundennachfrage<\/li>\n<li>St\u00fcck\/Gebinde:24St\u00fcck<\/li>\n<li>Herkunft des Ortes: Shandong, China<\/li>\n<li>Besonderheit: Umweltfreundlich<\/li>\n<\/ul>","protected":false},"featured_media":4120,"comment_status":"closed","ping_status":"closed","template":"","meta":[],"product_cat":[41,52],"class_list":{"0":"post-4119","1":"product","2":"type-product","3":"status-publish","4":"has-post-thumbnail","6":"product_cat-500ml-liquor-bottle-manufacturer","7":"product_cat-vodka-bottle","9":"first","10":"instock","11":"shipping-taxable","12":"product-type-simple"},"yoast_head":"<!-- This site is optimized with the Yoast SEO plugin v22.0 - https:\/\/yoast.com\/wordpress\/plugins\/seo\/ -->\n<title>RS142: Buy 500ml Glass Bottles From China Manufacturer<\/title>\n<meta name=\"description\" content=\"The glass bottles with corks is made by high flint glass material which make the glass bottle more clear, more durable and more smooth.\" \/>\n<meta name=\"robots\" content=\"index, follow, max-snippet:-1, max-image-preview:large, max-video-preview:-1\" \/>\n<link rel=\"canonical\" href=\"https:\/\/ruishengglassco.com\/de\/produkt\/rs142-kaufen-500ml-glasflaschen-aus-china-hersteller\" \/>\n<meta property=\"og:locale\" content=\"de_DE\" \/>\n<meta property=\"og:type\" content=\"article\" \/>\n<meta property=\"og:title\" content=\"RS142: Buy 500ml Glass Bottles From China Manufacturer\" \/>\n<meta property=\"og:description\" content=\"The glass bottles with corks is made by high flint glass material which make the glass bottle more clear, more durable and more smooth.\" \/>\n<meta property=\"og:url\" content=\"https:\/\/ruishengglassco.com\/de\/produkt\/rs142-kaufen-500ml-glasflaschen-aus-china-hersteller\" \/>\n<meta property=\"article:publisher\" content=\"https:\/\/www.facebook.com\/ruishengglassbottles\" \/>\n<meta property=\"article:modified_time\" content=\"2025-07-16T05:24:35+00:00\" \/>\n<meta property=\"og:image\" content=\"https:\/\/ruishengglassco.com\/wp-content\/uploads\/2025\/03\/Buy-500ml-Glass-Bottles-From-China-Manufacturer.webp\" \/>\n\t<meta property=\"og:image:width\" content=\"350\" \/>\n\t<meta property=\"og:image:height\" content=\"350\" \/>\n\t<meta property=\"og:image:type\" content=\"image\/webp\" \/>\n<meta name=\"twitter:card\" content=\"summary_large_image\" \/>\n<meta name=\"twitter:label1\" content=\"Gesch\u00e4tzte Lesezeit\" \/>\n\t<meta name=\"twitter:data1\" content=\"2\u00a0Minuten\" \/>\n<script type=\"application\/ld+json\" class=\"yoast-schema-graph\">{\"@context\":\"https:\/\/schema.org\",\"@graph\":[{\"@type\":\"WebPage\",\"@id\":\"https:\/\/ruishengglassco.com\/product\/rs142-buy-500ml-glass-bottles-from-china-manufacturer\",\"url\":\"https:\/\/ruishengglassco.com\/product\/rs142-buy-500ml-glass-bottles-from-china-manufacturer\",\"name\":\"RS142: Buy 500ml Glass Bottles From China Manufacturer\",\"isPartOf\":{\"@id\":\"https:\/\/ruishengglassco.com\/#website\"},\"datePublished\":\"2025-03-14T00:55:20+00:00\",\"dateModified\":\"2025-07-16T05:24:35+00:00\",\"description\":\"The glass bottles with corks is made by high flint glass material which make the glass bottle more clear, more durable and more smooth.\",\"breadcrumb\":{\"@id\":\"https:\/\/ruishengglassco.com\/product\/rs142-buy-500ml-glass-bottles-from-china-manufacturer#breadcrumb\"},\"inLanguage\":\"de\",\"potentialAction\":[{\"@type\":\"ReadAction\",\"target\":[\"https:\/\/ruishengglassco.com\/product\/rs142-buy-500ml-glass-bottles-from-china-manufacturer\"]}]},{\"@type\":\"BreadcrumbList\",\"@id\":\"https:\/\/ruishengglassco.com\/product\/rs142-buy-500ml-glass-bottles-from-china-manufacturer#breadcrumb\",\"itemListElement\":[{\"@type\":\"ListItem\",\"position\":1,\"name\":\"Home\",\"item\":\"https:\/\/ruishengglassco.com\/\"},{\"@type\":\"ListItem\",\"position\":2,\"name\":\"Products\",\"item\":\"https:\/\/ruishengglassco.com\/products\"},{\"@type\":\"ListItem\",\"position\":3,\"name\":\"RS142: Buy 500ml Glass Bottles From China Manufacturer\"}]},{\"@type\":\"WebSite\",\"@id\":\"https:\/\/ruishengglassco.com\/#website\",\"url\":\"https:\/\/ruishengglassco.com\/\",\"name\":\"Ruisheng Glass\",\"description\":\"\",\"publisher\":{\"@id\":\"https:\/\/ruishengglassco.com\/#organization\"},\"potentialAction\":[{\"@type\":\"SearchAction\",\"target\":{\"@type\":\"EntryPoint\",\"urlTemplate\":\"https:\/\/ruishengglassco.com\/?s={search_term_string}\"},\"query-input\":\"required name=search_term_string\"}],\"inLanguage\":\"de\"},{\"@type\":\"Organization\",\"@id\":\"https:\/\/ruishengglassco.com\/#organization\",\"name\":\"Shandong Yuncheng Ruisheng Glass Co., Ltd\",\"url\":\"https:\/\/ruishengglassco.com\/\",\"logo\":{\"@type\":\"ImageObject\",\"inLanguage\":\"de\",\"@id\":\"https:\/\/ruishengglassco.com\/#\/schema\/logo\/image\/\",\"url\":\"https:\/\/ruishengglassco.com\/wp-content\/uploads\/2023\/09\/ruisheng_logo_icon.webp\",\"contentUrl\":\"https:\/\/ruishengglassco.com\/wp-content\/uploads\/2023\/09\/ruisheng_logo_icon.webp\",\"width\":400,\"height\":233,\"caption\":\"Shandong Yuncheng Ruisheng Glass Co., Ltd\"},\"image\":{\"@id\":\"https:\/\/ruishengglassco.com\/#\/schema\/logo\/image\/\"},\"sameAs\":[\"https:\/\/www.facebook.com\/ruishengglassbottles\",\"https:\/\/www.instagram.com\/Ruishengglassbottlewholesales\/\",\"https:\/\/www.youtube.com\/channel\/UCMmbMNGwsL-XrtjfSFLCdVQ\"]}]}<\/script>\n<!-- \/ Yoast SEO plugin. -->","yoast_head_json":{"title":"RS142: Buy 500ml Glass Bottles From China Manufacturer","description":"The glass bottles with corks is made by high flint glass material which make the glass bottle more clear, more durable and more smooth.","robots":{"index":"index","follow":"follow","max-snippet":"max-snippet:-1","max-image-preview":"max-image-preview:large","max-video-preview":"max-video-preview:-1"},"canonical":"https:\/\/ruishengglassco.com\/de\/produkt\/rs142-kaufen-500ml-glasflaschen-aus-china-hersteller","og_locale":"de_DE","og_type":"article","og_title":"RS142: Buy 500ml Glass Bottles From China Manufacturer","og_description":"The glass bottles with corks is made by high flint glass material which make the glass bottle more clear, more durable and more smooth.","og_url":"https:\/\/ruishengglassco.com\/de\/produkt\/rs142-kaufen-500ml-glasflaschen-aus-china-hersteller","article_publisher":"https:\/\/www.facebook.com\/ruishengglassbottles","article_modified_time":"2025-07-16T05:24:35+00:00","og_image":[{"width":350,"height":350,"url":"https:\/\/ruishengglassco.com\/wp-content\/uploads\/2025\/03\/Buy-500ml-Glass-Bottles-From-China-Manufacturer.webp","type":"image\/webp"}],"twitter_card":"summary_large_image","twitter_misc":{"Gesch\u00e4tzte Lesezeit":"2\u00a0Minuten"},"schema":{"@context":"https:\/\/schema.org","@graph":[{"@type":"WebPage","@id":"https:\/\/ruishengglassco.com\/product\/rs142-buy-500ml-glass-bottles-from-china-manufacturer","url":"https:\/\/ruishengglassco.com\/product\/rs142-buy-500ml-glass-bottles-from-china-manufacturer","name":"RS142: Buy 500ml Glass Bottles From China Manufacturer","isPartOf":{"@id":"https:\/\/ruishengglassco.com\/#website"},"datePublished":"2025-03-14T00:55:20+00:00","dateModified":"2025-07-16T05:24:35+00:00","description":"The glass bottles with corks is made by high flint glass material which make the glass bottle more clear, more durable and more smooth.","breadcrumb":{"@id":"https:\/\/ruishengglassco.com\/product\/rs142-buy-500ml-glass-bottles-from-china-manufacturer#breadcrumb"},"inLanguage":"de","potentialAction":[{"@type":"ReadAction","target":["https:\/\/ruishengglassco.com\/product\/rs142-buy-500ml-glass-bottles-from-china-manufacturer"]}]},{"@type":"BreadcrumbList","@id":"https:\/\/ruishengglassco.com\/product\/rs142-buy-500ml-glass-bottles-from-china-manufacturer#breadcrumb","itemListElement":[{"@type":"ListItem","position":1,"name":"Home","item":"https:\/\/ruishengglassco.com\/"},{"@type":"ListItem","position":2,"name":"Products","item":"https:\/\/ruishengglassco.com\/products"},{"@type":"ListItem","position":3,"name":"RS142: Buy 500ml Glass Bottles From China Manufacturer"}]},{"@type":"WebSite","@id":"https:\/\/ruishengglassco.com\/#website","url":"https:\/\/ruishengglassco.com\/","name":"Ruisheng Glass","description":"","publisher":{"@id":"https:\/\/ruishengglassco.com\/#organization"},"potentialAction":[{"@type":"SearchAction","target":{"@type":"EntryPoint","urlTemplate":"https:\/\/ruishengglassco.com\/?s={search_term_string}"},"query-input":"required name=search_term_string"}],"inLanguage":"de"},{"@type":"Organization","@id":"https:\/\/ruishengglassco.com\/#organization","name":"Shandong Yuncheng Ruisheng Glass Co., Ltd","url":"https:\/\/ruishengglassco.com\/","logo":{"@type":"ImageObject","inLanguage":"de","@id":"https:\/\/ruishengglassco.com\/#\/schema\/logo\/image\/","url":"https:\/\/ruishengglassco.com\/wp-content\/uploads\/2023\/09\/ruisheng_logo_icon.webp","contentUrl":"https:\/\/ruishengglassco.com\/wp-content\/uploads\/2023\/09\/ruisheng_logo_icon.webp","width":400,"height":233,"caption":"Shandong Yuncheng Ruisheng Glass Co., Ltd"},"image":{"@id":"https:\/\/ruishengglassco.com\/#\/schema\/logo\/image\/"},"sameAs":["https:\/\/www.facebook.com\/ruishengglassbottles","https:\/\/www.instagram.com\/Ruishengglassbottlewholesales\/","https:\/\/www.youtube.com\/channel\/UCMmbMNGwsL-XrtjfSFLCdVQ"]}]}},"_links":{"self":[{"href":"https:\/\/ruishengglassco.com\/de\/wp-json\/wp\/v2\/product\/4119","targetHints":{"allow":["GET"]}}],"collection":[{"href":"https:\/\/ruishengglassco.com\/de\/wp-json\/wp\/v2\/product"}],"about":[{"href":"https:\/\/ruishengglassco.com\/de\/wp-json\/wp\/v2\/types\/product"}],"replies":[{"embeddable":true,"href":"https:\/\/ruishengglassco.com\/de\/wp-json\/wp\/v2\/comments?post=4119"}],"wp:featuredmedia":[{"embeddable":true,"href":"https:\/\/ruishengglassco.com\/de\/wp-json\/wp\/v2\/media\/4120"}],"wp:attachment":[{"href":"https:\/\/ruishengglassco.com\/de\/wp-json\/wp\/v2\/media?parent=4119"}],"wp:term":[{"taxonomy":"product_cat","embeddable":true,"href":"https:\/\/ruishengglassco.com\/de\/wp-json\/wp\/v2\/product_cat?post=4119"}],"curies":[{"name":"wp","href":"https:\/\/api.w.org\/{rel}","templated":true}]}}