{"id":3824,"date":"2024-07-04T16:15:40","date_gmt":"2024-07-04T08:15:40","guid":{"rendered":"https:\/\/ruishengglassco.com\/?post_type=product&#038;p=3824"},"modified":"2024-07-15T11:45:42","modified_gmt":"2024-07-15T03:45:42","slug":"galvanik-glasflaschen-lieferant","status":"publish","type":"product","link":"https:\/\/ruishengglassco.com\/de\/produkt\/galvanik-glasflaschen-lieferant","title":{"rendered":"Galvanik Glasflasche"},"content":{"rendered":"<section class=\"section\" id=\"section_710681452\">\n\t\t<div class=\"bg section-bg fill bg-fill  bg-loaded\" >\n\n\t\t\t\n\t\t\t\n\t\t\t\n\n\t\t<\/div>\n\n\t\t\n\n\t\t<div class=\"section-content relative\">\n\t\t\t\n<div class=\"row\"  id=\"row-1995110344\">\n\n\t<div id=\"col-1204576715\" class=\"col small-12 large-12\"  >\n\t\t\t\t<div class=\"col-inner\"  >\n\t\t\t\n\t\t\t\n<h2 style=\"text-align: center;\">\u00a0Warum sollten Sie sich f\u00fcr unsere galvanisierte Glasflasche f\u00fcr Lik\u00f6r und Spirituosen entscheiden?<\/h2>\n\t\t<\/div>\n\t\t\t\t\t<\/div>\n\n\t\n<\/div>\n<div class=\"row\"  id=\"row-1440831626\">\n\n\t<div id=\"col-650010438\" class=\"col medium-4 small-12 large-4\"  >\n\t\t\t\t<div class=\"col-inner\"  >\n\t\t\t\n\t\t\t\n\t<div class=\"box has-hover   has-hover box-text-bottom\" >\n\n\t\t<div class=\"box-image\" >\n\t\t\t\t\t\t<div class=\"image-zoom\" >\n\t\t\t\t<img decoding=\"async\" width=\"509\" height=\"740\" src=\"https:\/\/ruishengglassco.com\/wp-content\/uploads\/2024\/07\/Electroplating-Glass_Bottle_for_Liquor_Spirits_blue.webp\" class=\"attachment-original size-original\" alt=\"Galvanik Glasflasche_f\u00fcr_Lik\u00f6r_Spirituosen_blau\" srcset=\"https:\/\/ruishengglassco.com\/wp-content\/uploads\/2024\/07\/Electroplating-Glass_Bottle_for_Liquor_Spirits_blue.webp 509w, https:\/\/ruishengglassco.com\/wp-content\/uploads\/2024\/07\/Electroplating-Glass_Bottle_for_Liquor_Spirits_blue-206x300.webp 206w\" sizes=\"(max-width: 509px) 100vw, 509px\" \/>\t\t\t\t\t\t\t\t\t\t\t<\/div>\n\t\t\t\t\t<\/div>\n\n\t\t<div class=\"box-text text-center\" >\n\t\t\t<div class=\"box-text-inner\">\n\t\t\t\t\n<h4>Ausgezeichnete Qualit\u00e4t:<\/h4>\n<p>Unser Galvanisierungsverfahren sorgt f\u00fcr ein hochwertiges Finish. Es l\u00e4sst die Glasflasche besser aussehen.<\/p>\n\t\t\t<\/div>\n\t\t<\/div>\n\t<\/div>\n\t\n\t\t<\/div>\n\t\t\t\t\t<\/div>\n\n\t\n\n\t<div id=\"col-597938511\" class=\"col medium-4 small-12 large-4\"  >\n\t\t\t\t<div class=\"col-inner\"  >\n\t\t\t\n\t\t\t\n\t<div class=\"box has-hover   has-hover box-text-bottom\" >\n\n\t\t<div class=\"box-image\" >\n\t\t\t\t\t\t<div class=\"image-zoom\" >\n\t\t\t\t<img decoding=\"async\" width=\"509\" height=\"740\" src=\"https:\/\/ruishengglassco.com\/wp-content\/uploads\/2024\/07\/Electroplating-Glass_Bottle_for_Liquor_Spirits_clear.webp\" class=\"attachment-original size-original\" alt=\"Galvanik Glasflasche_f\u00fcr_Lik\u00f6r_Spirituosen_klar\" srcset=\"https:\/\/ruishengglassco.com\/wp-content\/uploads\/2024\/07\/Electroplating-Glass_Bottle_for_Liquor_Spirits_clear.webp 509w, https:\/\/ruishengglassco.com\/wp-content\/uploads\/2024\/07\/Electroplating-Glass_Bottle_for_Liquor_Spirits_clear-206x300.webp 206w\" sizes=\"(max-width: 509px) 100vw, 509px\" \/>\t\t\t\t\t\t\t\t\t\t\t<\/div>\n\t\t\t\t\t<\/div>\n\n\t\t<div class=\"box-text text-center\" >\n\t\t\t<div class=\"box-text-inner\">\n\t\t\t\t\n<h4>Anpassungsoptionen:<\/h4>\n<p>Wir bieten kundenspezifische Galvanikoberfl\u00e4chen an. Sie entsprechen den Anforderungen unserer Kunden an Markenbildung und Design.<\/p>\n\t\t\t<\/div>\n\t\t<\/div>\n\t<\/div>\n\t\n\t\t<\/div>\n\t\t\t\t\t<\/div>\n\n\t\n\n\t<div id=\"col-731670801\" class=\"col medium-4 small-12 large-4\"  >\n\t\t\t\t<div class=\"col-inner\"  >\n\t\t\t\n\t\t\t\n\t<div class=\"box has-hover   has-hover box-text-bottom\" >\n\n\t\t<div class=\"box-image\" >\n\t\t\t\t\t\t<div class=\"image-zoom\" >\n\t\t\t\t<img decoding=\"async\" width=\"509\" height=\"740\" src=\"https:\/\/ruishengglassco.com\/wp-content\/uploads\/2024\/07\/Electroplating-Glass_Bottle_for_Liquor_Spirits.webp\" class=\"attachment-original size-original\" alt=\"Galvanik Glasflasche_f\u00fcr_Lik\u00f6rspirituosen\" srcset=\"https:\/\/ruishengglassco.com\/wp-content\/uploads\/2024\/07\/Electroplating-Glass_Bottle_for_Liquor_Spirits.webp 509w, https:\/\/ruishengglassco.com\/wp-content\/uploads\/2024\/07\/Electroplating-Glass_Bottle_for_Liquor_Spirits-206x300.webp 206w\" sizes=\"(max-width: 509px) 100vw, 509px\" \/>\t\t\t\t\t\t\t\t\t\t\t<\/div>\n\t\t\t\t\t<\/div>\n\n\t\t<div class=\"box-text text-center\" >\n\t\t\t<div class=\"box-text-inner\">\n\t\t\t\t\n<h4>Langlebigkeit:<\/h4>\n<p>Die Galvanisierung sorgt f\u00fcr eine dauerhafte Oberfl\u00e4che. Sie sorgt daf\u00fcr, dass die Flasche ihr Aussehen und ihre Qualit\u00e4t auch bei regelm\u00e4\u00dfigem Gebrauch \u00fcber lange Zeit beh\u00e4lt.<\/p>\n\t\t\t<\/div>\n\t\t<\/div>\n\t<\/div>\n\t\n\t\t<\/div>\n\t\t\t\t\t<\/div>\n\n\t\n<\/div>\n<div class=\"row\"  id=\"row-140978378\">\n\n\t<div id=\"col-1206108483\" class=\"col small-12 large-12\"  >\n\t\t\t\t<div class=\"col-inner\"  >\n\t\t\t\n\t\t\t\n<p style=\"text-align: center;\"><a class=\"button gradient\" data-fancybox=\"\" data-src=\"#hidden-CF7\">Kontakt<\/a><\/p>\n\t\t<\/div>\n\t\t\t\t\t<\/div>\n\n\t\n<\/div>\n<div class=\"row\"  id=\"row-830007970\">\n\n\t<div id=\"col-1191775677\" class=\"col medium-4 small-12 large-4\"  >\n\t\t\t\t<div class=\"col-inner\"  >\n\t\t\t\n\t\t\t\n\t<div class=\"box has-hover   has-hover box-text-bottom\" >\n\n\t\t<div class=\"box-image\" >\n\t\t\t\t\t\t<div class=\"image-zoom\" >\n\t\t\t\t<img decoding=\"async\" width=\"509\" height=\"740\" src=\"https:\/\/ruishengglassco.com\/wp-content\/uploads\/2024\/07\/Electroplating-Glass_Bottle_for_Liquor_Spirits_roumd_yellow.webp\" class=\"attachment-original size-original\" alt=\"Galvanik Glasflasche_f\u00fcr_Lik\u00f6r_Spirituosen_roumd_gelb\" srcset=\"https:\/\/ruishengglassco.com\/wp-content\/uploads\/2024\/07\/Electroplating-Glass_Bottle_for_Liquor_Spirits_roumd_yellow.webp 509w, https:\/\/ruishengglassco.com\/wp-content\/uploads\/2024\/07\/Electroplating-Glass_Bottle_for_Liquor_Spirits_roumd_yellow-206x300.webp 206w\" sizes=\"(max-width: 509px) 100vw, 509px\" \/>\t\t\t\t\t\t\t\t\t\t\t<\/div>\n\t\t\t\t\t<\/div>\n\n\t\t<div class=\"box-text text-center\" >\n\t\t\t<div class=\"box-text-inner\">\n\t\t\t\t\n<h4>Verbessertes Branding:<\/h4>\n<p>Die galvanische Veredelung verleiht der Glasflasche Luxus und Raffinesse und unterstreicht das Branding und die Attraktivit\u00e4t des darin enthaltenen Getr\u00e4nks.<\/p>\n\t\t\t<\/div>\n\t\t<\/div>\n\t<\/div>\n\t\n\t\t<\/div>\n\t\t\t\t\t<\/div>\n\n\t\n\n\t<div id=\"col-804969939\" class=\"col medium-4 small-12 large-4\"  >\n\t\t\t\t<div class=\"col-inner\"  >\n\t\t\t\n\t\t\t\n\t<div class=\"box has-hover   has-hover box-text-bottom\" >\n\n\t\t<div class=\"box-image\" >\n\t\t\t\t\t\t<div class=\"image-zoom\" >\n\t\t\t\t<img decoding=\"async\" width=\"509\" height=\"740\" src=\"https:\/\/ruishengglassco.com\/wp-content\/uploads\/2024\/07\/Electroplating-Glass_Bottle_for_Liquor_Spirits_round.webp\" class=\"attachment-original size-original\" alt=\"Galvanik Glasflasche_f\u00fcr_Lik\u00f6r_Spirituosen_rund\" srcset=\"https:\/\/ruishengglassco.com\/wp-content\/uploads\/2024\/07\/Electroplating-Glass_Bottle_for_Liquor_Spirits_round.webp 509w, https:\/\/ruishengglassco.com\/wp-content\/uploads\/2024\/07\/Electroplating-Glass_Bottle_for_Liquor_Spirits_round-206x300.webp 206w\" sizes=\"(max-width: 509px) 100vw, 509px\" \/>\t\t\t\t\t\t\t\t\t\t\t<\/div>\n\t\t\t\t\t<\/div>\n\n\t\t<div class=\"box-text text-center\" >\n\t\t\t<div class=\"box-text-inner\">\n\t\t\t\t\n<h4>Umweltvertr\u00e4glich:<\/h4>\n<p>Unser Galvanisierungsverfahren folgt strengen Umweltvorschriften. Es ist eine nachhaltige und umweltfreundliche Wahl f\u00fcr Spirituosenverpackungen.<\/p>\n\t\t\t<\/div>\n\t\t<\/div>\n\t<\/div>\n\t\n\t\t<\/div>\n\t\t\t\t\t<\/div>\n\n\t\n\n\t<div id=\"col-616756845\" class=\"col medium-4 small-12 large-4\"  >\n\t\t\t\t<div class=\"col-inner\"  >\n\t\t\t\n\t\t\t\n\t<div class=\"box has-hover   has-hover box-text-bottom\" >\n\n\t\t<div class=\"box-image\" >\n\t\t\t\t\t\t<div class=\"image-zoom\" >\n\t\t\t\t<img decoding=\"async\" width=\"509\" height=\"740\" src=\"https:\/\/ruishengglassco.com\/wp-content\/uploads\/2024\/07\/Electroplating-Glass_Bottle_for_Liquor_Spirits_round_green.webp\" class=\"attachment-original size-original\" alt=\"Galvanik Glasflasche_f\u00fcr_Lik\u00f6r_Spirituosen_rund_gr\u00fcn\" srcset=\"https:\/\/ruishengglassco.com\/wp-content\/uploads\/2024\/07\/Electroplating-Glass_Bottle_for_Liquor_Spirits_round_green.webp 509w, https:\/\/ruishengglassco.com\/wp-content\/uploads\/2024\/07\/Electroplating-Glass_Bottle_for_Liquor_Spirits_round_green-206x300.webp 206w\" sizes=\"(max-width: 509px) 100vw, 509px\" \/>\t\t\t\t\t\t\t\t\t\t\t<\/div>\n\t\t\t\t\t<\/div>\n\n\t\t<div class=\"box-text text-center\" >\n\t\t\t<div class=\"box-text-inner\">\n\t\t\t\t\n<h4>Vielseitigkeit:<\/h4>\n<p>Unsere galvanisierten Glasflaschen eignen sich f\u00fcr viele Arten von Spirituosen, wie Whiskey, Wodka, Rum und mehr. Sie sind eine flexible und attraktive Verpackungsm\u00f6glichkeit f\u00fcr verschiedene Produkte.<\/p>\n\t\t\t<\/div>\n\t\t<\/div>\n\t<\/div>\n\t\n\t\t<\/div>\n\t\t\t\t\t<\/div>\n\n\t\n<\/div>\n\t<div id=\"gap-1932677028\" class=\"gap-element clearfix\" style=\"display:block; height:auto;\">\n\t\t\n<style>\n#gap-1932677028 {\n  padding-top: 50px;\n}\n<\/style>\n\t<\/div>\n\t\n<div class=\"row\"  id=\"row-918287070\">\n\n\t<div id=\"col-167964661\" class=\"col small-12 large-12\"  >\n\t\t\t\t<div class=\"col-inner\"  >\n\t\t\t\n\t\t\t\n<p style=\"text-align: center;\"><a class=\"button gradient\" data-fancybox=\"\" data-src=\"#hidden-CF7\">Kontakt<\/a><\/p>\n\t\t<\/div>\n\t\t\t\t\t<\/div>\n\n\t\n<\/div>\n\t\t<\/div>\n\n\t\t\n<style>\n#section_710681452 {\n  padding-top: 30px;\n  padding-bottom: 30px;\n  background-color: rgb(238, 238, 238);\n}\n<\/style>\n\t<\/section>\n\t\n\t<section class=\"section\" id=\"section_1430218156\">\n\t\t<div class=\"bg section-bg fill bg-fill  bg-loaded\" >\n\n\t\t\t\n\t\t\t\n\t\t\t\n\n\t\t<\/div>\n\n\t\t\n\n\t\t<div class=\"section-content relative\">\n\t\t\t\n<div class=\"row\"  id=\"row-780313773\">\n\n\t<div id=\"col-563250107\" class=\"col small-12 large-12\"  >\n\t\t\t\t<div class=\"col-inner\"  >\n\t\t\t\n\t\t\t\n<h2 style=\"text-align: center;\">Vorteile der galvanischen Beschichtung von Glasflaschen<\/h2>\n\t\t<\/div>\n\t\t\t\t\t<\/div>\n\n\t\n<\/div>\n\t<div id=\"gap-176822341\" class=\"gap-element clearfix\" style=\"display:block; height:auto;\">\n\t\t\n<style>\n#gap-176822341 {\n  padding-top: 30px;\n}\n<\/style>\n\t<\/div>\n\t\n<div class=\"row align-middle\"  id=\"row-2075736841\">\n\n\t<div id=\"col-1527011445\" class=\"col medium-6 small-12 large-6\"  >\n\t\t\t\t<div class=\"col-inner\"  >\n\t\t\t\n\t\t\t\n\t<div class=\"img has-hover x md-x lg-x y md-y lg-y\" id=\"image_1940542325\">\n\t\t\t\t\t\t\t\t<div class=\"img-inner image-zoom dark\" >\n\t\t\t<img decoding=\"async\" width=\"509\" height=\"740\" src=\"https:\/\/ruishengglassco.com\/wp-content\/uploads\/2024\/07\/Electroplating-Glass_Bottle_for_Liquor_Spirits_round_pink.webp\" class=\"attachment-original size-original\" alt=\"Galvanik Glasflasche_f\u00fcr_Lik\u00f6r_Spirituosen_rund_rosa\" srcset=\"https:\/\/ruishengglassco.com\/wp-content\/uploads\/2024\/07\/Electroplating-Glass_Bottle_for_Liquor_Spirits_round_pink.webp 509w, https:\/\/ruishengglassco.com\/wp-content\/uploads\/2024\/07\/Electroplating-Glass_Bottle_for_Liquor_Spirits_round_pink-206x300.webp 206w\" sizes=\"(max-width: 509px) 100vw, 509px\" \/>\t\t\t\t\t\t\n\t\t\t\t\t<\/div>\n\t\t\t\t\t\t\t\t\n<style>\n#image_1940542325 {\n  width: 86%;\n}\n<\/style>\n\t<\/div>\n\t\n\t\t<\/div>\n\t\t\t\t\t<\/div>\n\n\t\n\n\t<div id=\"col-554562902\" class=\"col medium-6 small-12 large-6\"  >\n\t\t\t\t<div class=\"col-inner\"  >\n\t\t\t\n\t\t\t\n\t<div id=\"text-4120846063\" class=\"text\">\n\t\t\n<ul>\n<li data-block-id=\"5aec3e87-4042-4874-accc-977c2c83e765\" data-pm-slice=\"1 1 &#091;&#093;\">Hochglanz-Finish:<br \/>\nDie Galvanisierung sorgt f\u00fcr eine gl\u00e4nzende, schimmernde Oberfl\u00e4che. Sie verleiht der Flasche ein luxuri\u00f6ses Aussehen.<\/li>\n<li data-block-id=\"5aec3e87-4042-4874-accc-977c2c83e765\" data-pm-slice=\"1 1 &#091;&#093;\">Farbenvielfalt:<br \/>\nDas Verfahren erm\u00f6glicht eine Reihe von Metallicfarben. Dazu geh\u00f6ren Gold, Silber und Chrom.<\/li>\n<li data-block-id=\"5aec3e87-4042-4874-accc-977c2c83e765\" data-pm-slice=\"1 1 &#091;&#093;\">Dekorative Muster:<br \/>\nDurch die Galvanisierung k\u00f6nnen komplexe Designs und Muster hinzugef\u00fcgt werden, die den optischen Reiz erh\u00f6hen und die Flasche in den Regalen hervorheben.<\/li>\n<li data-block-id=\"5aec3e87-4042-4874-accc-977c2c83e765\" data-pm-slice=\"1 1 &#091;&#093;\">Widerstandsf\u00e4higkeit gegen Kratzer:<br \/>\nDie galvanische Beschichtung bietet zus\u00e4tzlichen Schutz. Sie macht die Flasche widerstandsf\u00e4higer gegen Kratzer und Abnutzung.<\/li>\n<li data-block-id=\"5aec3e87-4042-4874-accc-977c2c83e765\" data-pm-slice=\"1 1 &#091;&#093;\">Korrosionsbest\u00e4ndigkeit:<br \/>\nDie Metallbeschichtung sch\u00fctzt die Flasche vor Umwelteinfl\u00fcssen und Chemikalien. Sie hilft auch, Korrosion zu verhindern.<\/li>\n<\/ul>\n\t\t\n<style>\n#text-4120846063 {\n  font-size: 1rem;\n}\n<\/style>\n\t<\/div>\n\t\n\t\t<\/div>\n\t\t\t\t\t<\/div>\n\n\t\n<\/div>\n\t\t<\/div>\n\n\t\t\n<style>\n#section_1430218156 {\n  padding-top: 30px;\n  padding-bottom: 30px;\n}\n<\/style>\n\t<\/section>","protected":false},"excerpt":{"rendered":"<table>\n<thead>\n<tr>\n<th>Begriff<\/th>\n<th>Einzelheiten<\/th>\n<\/tr>\n<\/thead>\n<tbody>\n<tr>\n<td>Fassungsverm\u00f6gen (ml):<\/td>\n<td>30-3000<\/td>\n<\/tr>\n<tr>\n<td>Material\uff1a<\/td>\n<td>Glas<\/td>\n<\/tr>\n<tr>\n<td>Form\uff1a<\/td>\n<td>Kreis, Quadrat, Oval<\/td>\n<\/tr>\n<tr>\n<td>Farbe:<\/td>\n<td>Gold, Silber, Rot, individuell<\/td>\n<\/tr>\n<tr>\n<td>Verpackungsprodukte<\/td>\n<td>Verschiedene Spirituosen<\/td>\n<\/tr>\n<\/tbody>\n<\/table>","protected":false},"featured_media":3828,"comment_status":"closed","ping_status":"closed","template":"","meta":[],"product_cat":[15],"class_list":{"0":"post-3824","1":"product","2":"type-product","3":"status-publish","4":"has-post-thumbnail","6":"product_cat-glass-liquor-spirit-bottles","8":"first","9":"instock","10":"shipping-taxable","11":"product-type-simple"},"yoast_head":"<!-- This site is optimized with the Yoast SEO plugin v22.0 - https:\/\/yoast.com\/wordpress\/plugins\/seo\/ -->\n<title>Electroplating Glass Bottles \uff5cLiquor Spirits Bottle Supplier<\/title>\n<meta name=\"description\" content=\"We are a glass bottle supplier from China. If you are looking for electroplating glass bottles for liquor spirits , please feel free to contact us!\" \/>\n<meta name=\"robots\" content=\"index, follow, max-snippet:-1, max-image-preview:large, max-video-preview:-1\" \/>\n<link rel=\"canonical\" href=\"https:\/\/ruishengglassco.com\/de\/produkt\/galvanik-glasflaschen-lieferant\" \/>\n<meta property=\"og:locale\" content=\"de_DE\" \/>\n<meta property=\"og:type\" content=\"article\" \/>\n<meta property=\"og:title\" content=\"Electroplating Glass Bottles \uff5cLiquor Spirits Bottle Supplier\" \/>\n<meta property=\"og:description\" content=\"We are a glass bottle supplier from China. If you are looking for electroplating glass bottles for liquor spirits , please feel free to contact us!\" \/>\n<meta property=\"og:url\" content=\"https:\/\/ruishengglassco.com\/de\/produkt\/galvanik-glasflaschen-lieferant\" \/>\n<meta property=\"article:publisher\" content=\"https:\/\/www.facebook.com\/ruishengglassbottles\" \/>\n<meta property=\"article:modified_time\" content=\"2024-07-15T03:45:42+00:00\" \/>\n<meta property=\"og:image\" content=\"https:\/\/ruishengglassco.com\/wp-content\/uploads\/2024\/07\/Electroplating-Glass_Bottle_for_Liquor_Spirits_pink.webp\" \/>\n\t<meta property=\"og:image:width\" content=\"509\" \/>\n\t<meta property=\"og:image:height\" content=\"740\" \/>\n\t<meta property=\"og:image:type\" content=\"image\/webp\" \/>\n<meta name=\"twitter:card\" content=\"summary_large_image\" \/>\n<meta name=\"twitter:label1\" content=\"Gesch\u00e4tzte Lesezeit\" \/>\n\t<meta name=\"twitter:data1\" content=\"2\u00a0Minuten\" \/>\n<script type=\"application\/ld+json\" class=\"yoast-schema-graph\">{\"@context\":\"https:\/\/schema.org\",\"@graph\":[{\"@type\":\"WebPage\",\"@id\":\"https:\/\/ruishengglassco.com\/product\/electroplating-glass-bottles-supplier\",\"url\":\"https:\/\/ruishengglassco.com\/product\/electroplating-glass-bottles-supplier\",\"name\":\"Electroplating Glass Bottles \uff5cLiquor Spirits Bottle Supplier\",\"isPartOf\":{\"@id\":\"https:\/\/ruishengglassco.com\/#website\"},\"datePublished\":\"2024-07-04T08:15:40+00:00\",\"dateModified\":\"2024-07-15T03:45:42+00:00\",\"description\":\"We are a glass bottle supplier from China. If you are looking for electroplating glass bottles for liquor spirits , please feel free to contact us!\",\"breadcrumb\":{\"@id\":\"https:\/\/ruishengglassco.com\/product\/electroplating-glass-bottles-supplier#breadcrumb\"},\"inLanguage\":\"de\",\"potentialAction\":[{\"@type\":\"ReadAction\",\"target\":[\"https:\/\/ruishengglassco.com\/product\/electroplating-glass-bottles-supplier\"]}]},{\"@type\":\"BreadcrumbList\",\"@id\":\"https:\/\/ruishengglassco.com\/product\/electroplating-glass-bottles-supplier#breadcrumb\",\"itemListElement\":[{\"@type\":\"ListItem\",\"position\":1,\"name\":\"Home\",\"item\":\"https:\/\/ruishengglassco.com\/\"},{\"@type\":\"ListItem\",\"position\":2,\"name\":\"Products\",\"item\":\"https:\/\/ruishengglassco.com\/products\"},{\"@type\":\"ListItem\",\"position\":3,\"name\":\"Electroplating Glass Bottle\"}]},{\"@type\":\"WebSite\",\"@id\":\"https:\/\/ruishengglassco.com\/#website\",\"url\":\"https:\/\/ruishengglassco.com\/\",\"name\":\"Ruisheng Glass\",\"description\":\"\",\"publisher\":{\"@id\":\"https:\/\/ruishengglassco.com\/#organization\"},\"potentialAction\":[{\"@type\":\"SearchAction\",\"target\":{\"@type\":\"EntryPoint\",\"urlTemplate\":\"https:\/\/ruishengglassco.com\/?s={search_term_string}\"},\"query-input\":\"required name=search_term_string\"}],\"inLanguage\":\"de\"},{\"@type\":\"Organization\",\"@id\":\"https:\/\/ruishengglassco.com\/#organization\",\"name\":\"Shandong Yuncheng Ruisheng Glass Co., Ltd\",\"url\":\"https:\/\/ruishengglassco.com\/\",\"logo\":{\"@type\":\"ImageObject\",\"inLanguage\":\"de\",\"@id\":\"https:\/\/ruishengglassco.com\/#\/schema\/logo\/image\/\",\"url\":\"https:\/\/ruishengglassco.com\/wp-content\/uploads\/2023\/09\/ruisheng_logo_icon.webp\",\"contentUrl\":\"https:\/\/ruishengglassco.com\/wp-content\/uploads\/2023\/09\/ruisheng_logo_icon.webp\",\"width\":400,\"height\":233,\"caption\":\"Shandong Yuncheng Ruisheng Glass Co., Ltd\"},\"image\":{\"@id\":\"https:\/\/ruishengglassco.com\/#\/schema\/logo\/image\/\"},\"sameAs\":[\"https:\/\/www.facebook.com\/ruishengglassbottles\",\"https:\/\/www.instagram.com\/Ruishengglassbottlewholesales\/\",\"https:\/\/www.youtube.com\/channel\/UCMmbMNGwsL-XrtjfSFLCdVQ\"]}]}<\/script>\n<!-- \/ Yoast SEO plugin. -->","yoast_head_json":{"title":"Electroplating Glass Bottles \uff5cLiquor Spirits Bottle Supplier","description":"We are a glass bottle supplier from China. If you are looking for electroplating glass bottles for liquor spirits , please feel free to contact us!","robots":{"index":"index","follow":"follow","max-snippet":"max-snippet:-1","max-image-preview":"max-image-preview:large","max-video-preview":"max-video-preview:-1"},"canonical":"https:\/\/ruishengglassco.com\/de\/produkt\/galvanik-glasflaschen-lieferant","og_locale":"de_DE","og_type":"article","og_title":"Electroplating Glass Bottles \uff5cLiquor Spirits Bottle Supplier","og_description":"We are a glass bottle supplier from China. If you are looking for electroplating glass bottles for liquor spirits , please feel free to contact us!","og_url":"https:\/\/ruishengglassco.com\/de\/produkt\/galvanik-glasflaschen-lieferant","article_publisher":"https:\/\/www.facebook.com\/ruishengglassbottles","article_modified_time":"2024-07-15T03:45:42+00:00","og_image":[{"width":509,"height":740,"url":"https:\/\/ruishengglassco.com\/wp-content\/uploads\/2024\/07\/Electroplating-Glass_Bottle_for_Liquor_Spirits_pink.webp","type":"image\/webp"}],"twitter_card":"summary_large_image","twitter_misc":{"Gesch\u00e4tzte Lesezeit":"2\u00a0Minuten"},"schema":{"@context":"https:\/\/schema.org","@graph":[{"@type":"WebPage","@id":"https:\/\/ruishengglassco.com\/product\/electroplating-glass-bottles-supplier","url":"https:\/\/ruishengglassco.com\/product\/electroplating-glass-bottles-supplier","name":"Electroplating Glass Bottles \uff5cLiquor Spirits Bottle Supplier","isPartOf":{"@id":"https:\/\/ruishengglassco.com\/#website"},"datePublished":"2024-07-04T08:15:40+00:00","dateModified":"2024-07-15T03:45:42+00:00","description":"We are a glass bottle supplier from China. If you are looking for electroplating glass bottles for liquor spirits , please feel free to contact us!","breadcrumb":{"@id":"https:\/\/ruishengglassco.com\/product\/electroplating-glass-bottles-supplier#breadcrumb"},"inLanguage":"de","potentialAction":[{"@type":"ReadAction","target":["https:\/\/ruishengglassco.com\/product\/electroplating-glass-bottles-supplier"]}]},{"@type":"BreadcrumbList","@id":"https:\/\/ruishengglassco.com\/product\/electroplating-glass-bottles-supplier#breadcrumb","itemListElement":[{"@type":"ListItem","position":1,"name":"Home","item":"https:\/\/ruishengglassco.com\/"},{"@type":"ListItem","position":2,"name":"Products","item":"https:\/\/ruishengglassco.com\/products"},{"@type":"ListItem","position":3,"name":"Electroplating Glass Bottle"}]},{"@type":"WebSite","@id":"https:\/\/ruishengglassco.com\/#website","url":"https:\/\/ruishengglassco.com\/","name":"Ruisheng Glass","description":"","publisher":{"@id":"https:\/\/ruishengglassco.com\/#organization"},"potentialAction":[{"@type":"SearchAction","target":{"@type":"EntryPoint","urlTemplate":"https:\/\/ruishengglassco.com\/?s={search_term_string}"},"query-input":"required name=search_term_string"}],"inLanguage":"de"},{"@type":"Organization","@id":"https:\/\/ruishengglassco.com\/#organization","name":"Shandong Yuncheng Ruisheng Glass Co., Ltd","url":"https:\/\/ruishengglassco.com\/","logo":{"@type":"ImageObject","inLanguage":"de","@id":"https:\/\/ruishengglassco.com\/#\/schema\/logo\/image\/","url":"https:\/\/ruishengglassco.com\/wp-content\/uploads\/2023\/09\/ruisheng_logo_icon.webp","contentUrl":"https:\/\/ruishengglassco.com\/wp-content\/uploads\/2023\/09\/ruisheng_logo_icon.webp","width":400,"height":233,"caption":"Shandong Yuncheng Ruisheng Glass Co., Ltd"},"image":{"@id":"https:\/\/ruishengglassco.com\/#\/schema\/logo\/image\/"},"sameAs":["https:\/\/www.facebook.com\/ruishengglassbottles","https:\/\/www.instagram.com\/Ruishengglassbottlewholesales\/","https:\/\/www.youtube.com\/channel\/UCMmbMNGwsL-XrtjfSFLCdVQ"]}]}},"_links":{"self":[{"href":"https:\/\/ruishengglassco.com\/de\/wp-json\/wp\/v2\/product\/3824","targetHints":{"allow":["GET"]}}],"collection":[{"href":"https:\/\/ruishengglassco.com\/de\/wp-json\/wp\/v2\/product"}],"about":[{"href":"https:\/\/ruishengglassco.com\/de\/wp-json\/wp\/v2\/types\/product"}],"replies":[{"embeddable":true,"href":"https:\/\/ruishengglassco.com\/de\/wp-json\/wp\/v2\/comments?post=3824"}],"wp:featuredmedia":[{"embeddable":true,"href":"https:\/\/ruishengglassco.com\/de\/wp-json\/wp\/v2\/media\/3828"}],"wp:attachment":[{"href":"https:\/\/ruishengglassco.com\/de\/wp-json\/wp\/v2\/media?parent=3824"}],"wp:term":[{"taxonomy":"product_cat","embeddable":true,"href":"https:\/\/ruishengglassco.com\/de\/wp-json\/wp\/v2\/product_cat?post=3824"}],"curies":[{"name":"wp","href":"https:\/\/api.w.org\/{rel}","templated":true}]}}