{"id":3970,"date":"2024-12-11T16:55:26","date_gmt":"2024-12-11T08:55:26","guid":{"rendered":"https:\/\/ruishengglassco.com\/?page_id=3970"},"modified":"2024-12-11T17:09:44","modified_gmt":"2024-12-11T09:09:44","slug":"datenschutzbestimmungen","status":"publish","type":"page","link":"https:\/\/ruishengglassco.com\/de\/datenschutzbestimmungen","title":{"rendered":"Datenschutzbestimmungen"},"content":{"rendered":"<div>Zuletzt aktualisiert am: [2024.12]<\/div>\n<div><\/div>\n<div>Vielen Dank f\u00fcr Ihren Besuch bei Ruisheng Glass Co. (im Folgenden als \"wir\", \"unser\" bezeichnet). Wir sch\u00e4tzen Ihre Privatsph\u00e4re und verpflichten uns, Ihre pers\u00f6nlichen Daten zu sch\u00fctzen. In dieser Datenschutzrichtlinie wird erl\u00e4utert, wie wir Ihre personenbezogenen Daten erfassen, verwenden, sch\u00fctzen und weitergeben, sowie Ihre damit verbundenen Rechte bei der Nutzung unserer Website (ruishengglassco.com).<\/div>\n<div><\/div>\n<div>1. Informationen, die wir sammeln<\/div>\n<div>Wenn Sie unsere Website besuchen, k\u00f6nnen wir die folgenden Arten von Informationen sammeln:<\/div>\n<div><\/div>\n<div>Pers\u00f6nliche Informationen:<\/div>\n<div>Name<\/div>\n<div>E-Mail Adresse<\/div>\n<div>Kontaktnummer<\/div>\n<div>Adresse<\/div>\n<div>Andere Informationen, die durch das Ausf\u00fcllen von Formularen oder die Interaktion mit uns bereitgestellt werden k\u00f6nnen<\/div>\n<div>Nicht-personenbezogene Informationen:<\/div>\n<div>Browser-Typ<\/div>\n<div>Das Betriebssystem<\/div>\n<div>IP-Adresse<\/div>\n<div>Datum und Uhrzeit des Besuchs<\/div>\n<div>Besuchte Seiten<\/div>\n<div>Geolokalisierungsinformationen (falls aktiviert)<\/div>\n<div>Nutzungsstatistiken der Website (z. B. durch Cookies gesammelte Daten)<\/div>\n<div>2. Nutzung von Informationen<\/div>\n<div>Die von uns gesammelten Informationen werden haupts\u00e4chlich f\u00fcr die folgenden Zwecke verwendet:<\/div>\n<div><\/div>\n<div>Bereitstellung und Verbesserung von Dienstleistungen: Ihnen ein besseres Produkt- und Serviceerlebnis zu bieten.<\/div>\n<div>Kundenbetreuung: Beantworten Sie Ihre Anfragen und bieten Sie einen Kundendienst an.<\/div>\n<div>Marketing und Werbung: Wir senden Ihnen aktuelle Informationen \u00fcber unsere Produkte, Dienstleistungen, Werbeaktionen und Neuigkeiten (wenn Sie diese erhalten m\u00f6chten).<\/div>\n<div>Rechtliche und Compliance-Anforderungen: Halten Sie die geltenden Gesetze, Vorschriften und Industrienormen ein.<\/div>\n<div>3. Weitergabe und Offenlegung von Informationen<\/div>\n<div>Wir versprechen, dass wir Ihre pers\u00f6nlichen Daten nicht ohne Ihre Zustimmung an Dritte verkaufen oder vermieten. Allerdings k\u00f6nnen wir Ihre Daten unter den folgenden Umst\u00e4nden weitergeben:<\/div>\n<div><\/div>\n<div>Drittanbieter von Dienstleistungen: Wir k\u00f6nnen mit Drittanbietern zusammenarbeiten, um technische Unterst\u00fctzung, Zahlungsabwicklung, Logistik- und Lieferdienste anzubieten. Diese Dienstleister greifen nur bei Bedarf auf Ihre Daten zu und m\u00fcssen die Datenschutzbestimmungen einhalten.<\/div>\n<div>Gesetzliche Anforderungen: Wir k\u00f6nnen Ihre Daten offenlegen, wenn wir der Meinung sind, dass die Offenlegung Ihrer Daten notwendig ist, um gesetzlichen Verpflichtungen nachzukommen, auf legitime beh\u00f6rdliche Anfragen zu reagieren, unsere Allgemeinen Gesch\u00e4ftsbedingungen durchzusetzen oder unsere Rechte, unser Eigentum und unsere Sicherheit zu sch\u00fctzen.<\/div>\n<div>4. Datensicherheit<\/div>\n<div>Wir ergreifen angemessene technische und administrative Ma\u00dfnahmen, um Ihre pers\u00f6nlichen Daten vor Verlust, unbefugtem Zugriff, Offenlegung, \u00c4nderung oder Zerst\u00f6rung zu sch\u00fctzen. Bitte beachten Sie jedoch, dass kein Daten\u00fcbertragungsverfahren und keine Online-Speicherung vollkommen sicher sein kann. Daher k\u00f6nnen wir die absolute Sicherheit der Daten w\u00e4hrend der \u00dcbertragung nicht garantieren.<\/div>\n<div><\/div>\n<div>5. Cookies und Tracking-Technologien<\/div>\n<div>Unsere Website verwendet Cookies und andere \u00e4hnliche Technologien, um Ihr Erlebnis zu verbessern. Diese Technologien helfen uns, Daten \u00fcber Ihr Surfverhalten zu sammeln und zu speichern, um Ihnen personalisierte Inhalte und Werbung anbieten zu k\u00f6nnen. Sie k\u00f6nnen Cookies in den Einstellungen Ihres Browsers deaktivieren, aber dies kann Ihre Erfahrung mit bestimmten Funktionen beeintr\u00e4chtigen.<\/div>\n<div><\/div>\n<div>6. Websites von Dritten<\/div>\n<div>Unsere Datenschutzrichtlinie gilt nur f\u00fcr die Website ruishengglassco.com. Unsere Website kann Links zu Websites Dritter enthalten, und wir sind nicht f\u00fcr die Datenschutzpraktiken oder Inhalte dieser Websites verantwortlich. Wir empfehlen Ihnen, die Datenschutzrichtlinien dieser Websites zu lesen, wenn Sie diese Websites besuchen.<\/div>\n<div><\/div>\n<div>7. Die Privatsph\u00e4re der Kinder<\/div>\n<div>Unsere Website richtet sich nicht an Kinder unter 13 Jahren. Wir sammeln nicht wissentlich personenbezogene Daten von Kindern unter 13 Jahren. Wenn wir feststellen, dass solche Daten gesammelt wurden, werden wir Ma\u00dfnahmen ergreifen, um die Daten so schnell wie m\u00f6glich zu l\u00f6schen.<\/div>\n<div><\/div>\n<div>8. Deine Rechte<\/div>\n<div>Gem\u00e4\u00df den geltenden Datenschutzgesetzen haben Sie m\u00f6glicherweise das Recht auf:<\/div>\n<div><\/div>\n<div>Zugang zu den pers\u00f6nlichen Daten, die wir \u00fcber Sie gespeichert haben.<\/div>\n<div><\/div>\n<div>die Korrektur oder Aktualisierung Ihrer pers\u00f6nlichen Daten beantragen.<\/div>\n<div><\/div>\n<div>Sie k\u00f6nnen die L\u00f6schung Ihrer pers\u00f6nlichen Daten beantragen.<\/div>\n<div><\/div>\n<div>der Verwendung bestimmter Daten zu widersprechen oder die Zustimmung zu widerrufen.<\/div>\n<div>Wenn Sie die oben genannten Rechte aus\u00fcben m\u00f6chten, wenden Sie sich bitte wie folgt an uns (siehe Abschnitt 9).<\/div>\n<div><\/div>\n<div>9. Kontakt<\/div>\n<div>Wenn Sie Fragen zu dieser Datenschutzerkl\u00e4rung haben oder Ihre Datenschutzrechte aus\u00fcben m\u00f6chten, kontaktieren Sie uns bitte wie folgt:<\/div>\n<div><\/div>\n<div>Ruisheng Glass Co.<\/div>\n<div>E-Mail: [<a href=\"mailto:sales@ruishengglassco.com\">sales@ruishengglassco.com<\/a>]<\/div>\n<div>Telefon: [+86 15865878888]<\/div>\n<div>Anschrift: (Glasindustriepark, Bezirk Yuncheng, Heze, Provinz Shandong, China)<\/div>\n<div><\/div>\n<div>10. Aktualisierungen der Datenschutzrichtlinie<\/div>\n<div>Wir k\u00f6nnen diese Datenschutzrichtlinie von Zeit zu Zeit aktualisieren. Alle \u00c4nderungen werden Ihnen durch die Ver\u00f6ffentlichung der aktualisierten Datenschutzrichtlinie auf dieser Seite mitgeteilt. Wir empfehlen Ihnen, diese Seite regelm\u00e4\u00dfig zu lesen, um sich dar\u00fcber zu informieren, wie wir Ihre Daten sch\u00fctzen.<\/div>","protected":false},"excerpt":{"rendered":"<p>Zuletzt aktualisiert am: [2024.12] Vielen Dank f\u00fcr Ihren Besuch bei Ruisheng Glass Co. (im Folgenden als \"wir\" oder \"unser\" bezeichnet). Wir sch\u00e4tzen Ihre Privatsph\u00e4re und verpflichten uns, Ihre pers\u00f6nlichen Daten zu sch\u00fctzen. In dieser Datenschutzerkl\u00e4rung wird erl\u00e4utert, wie wir Ihre pers\u00f6nlichen Daten erfassen, verwenden, sch\u00fctzen und weitergeben, und welche Rechte Sie haben, wenn Sie unsere Website (ruishengglassco.com) nutzen. 1....<\/p>","protected":false},"author":8,"featured_media":0,"parent":0,"menu_order":0,"comment_status":"closed","ping_status":"closed","template":"","meta":{"footnotes":""},"class_list":["post-3970","page","type-page","status-publish","hentry"],"yoast_head":"<!-- This site is optimized with the Yoast SEO plugin v22.0 - https:\/\/yoast.com\/wordpress\/plugins\/seo\/ -->\n<title>Privacy Policy -<\/title>\n<meta name=\"robots\" content=\"index, follow, max-snippet:-1, max-image-preview:large, max-video-preview:-1\" \/>\n<link rel=\"canonical\" href=\"https:\/\/ruishengglassco.com\/de\/datenschutzbestimmungen\" \/>\n<meta property=\"og:locale\" content=\"de_DE\" \/>\n<meta property=\"og:type\" content=\"article\" \/>\n<meta property=\"og:title\" content=\"Privacy Policy -\" \/>\n<meta property=\"og:description\" content=\"Last updated on: [2024.12] Thank you for visiting Ruisheng Glass Co. (hereinafter referred to as &#8220;we&#8221;, &#8220;our&#8221;). We value your privacy and are committed to protecting your personal information. This privacy policy explains how we collect, use, protect and share your personal information, as well as your related rights when using our website (ruishengglassco.com). 1....\" \/>\n<meta property=\"og:url\" content=\"https:\/\/ruishengglassco.com\/de\/datenschutzbestimmungen\" \/>\n<meta property=\"article:publisher\" content=\"https:\/\/www.facebook.com\/ruishengglassbottles\" \/>\n<meta property=\"article:modified_time\" content=\"2024-12-11T09:09:44+00:00\" \/>\n<meta name=\"twitter:card\" content=\"summary_large_image\" \/>\n<meta name=\"twitter:label1\" content=\"Gesch\u00e4tzte Lesezeit\" \/>\n\t<meta name=\"twitter:data1\" content=\"3\u00a0Minuten\" \/>\n<script type=\"application\/ld+json\" class=\"yoast-schema-graph\">{\"@context\":\"https:\/\/schema.org\",\"@graph\":[{\"@type\":\"WebPage\",\"@id\":\"https:\/\/ruishengglassco.com\/privacy-policy\",\"url\":\"https:\/\/ruishengglassco.com\/privacy-policy\",\"name\":\"Privacy Policy -\",\"isPartOf\":{\"@id\":\"https:\/\/ruishengglassco.com\/#website\"},\"datePublished\":\"2024-12-11T08:55:26+00:00\",\"dateModified\":\"2024-12-11T09:09:44+00:00\",\"breadcrumb\":{\"@id\":\"https:\/\/ruishengglassco.com\/privacy-policy#breadcrumb\"},\"inLanguage\":\"de\",\"potentialAction\":[{\"@type\":\"ReadAction\",\"target\":[\"https:\/\/ruishengglassco.com\/privacy-policy\"]}]},{\"@type\":\"BreadcrumbList\",\"@id\":\"https:\/\/ruishengglassco.com\/privacy-policy#breadcrumb\",\"itemListElement\":[{\"@type\":\"ListItem\",\"position\":1,\"name\":\"Home\",\"item\":\"https:\/\/ruishengglassco.com\/\"},{\"@type\":\"ListItem\",\"position\":2,\"name\":\"Privacy Policy\"}]},{\"@type\":\"WebSite\",\"@id\":\"https:\/\/ruishengglassco.com\/#website\",\"url\":\"https:\/\/ruishengglassco.com\/\",\"name\":\"Ruisheng Glass\",\"description\":\"\",\"publisher\":{\"@id\":\"https:\/\/ruishengglassco.com\/#organization\"},\"potentialAction\":[{\"@type\":\"SearchAction\",\"target\":{\"@type\":\"EntryPoint\",\"urlTemplate\":\"https:\/\/ruishengglassco.com\/?s={search_term_string}\"},\"query-input\":\"required name=search_term_string\"}],\"inLanguage\":\"de\"},{\"@type\":\"Organization\",\"@id\":\"https:\/\/ruishengglassco.com\/#organization\",\"name\":\"Shandong Yuncheng Ruisheng Glass Co., Ltd\",\"url\":\"https:\/\/ruishengglassco.com\/\",\"logo\":{\"@type\":\"ImageObject\",\"inLanguage\":\"de\",\"@id\":\"https:\/\/ruishengglassco.com\/#\/schema\/logo\/image\/\",\"url\":\"https:\/\/ruishengglassco.com\/wp-content\/uploads\/2023\/09\/ruisheng_logo_icon.webp\",\"contentUrl\":\"https:\/\/ruishengglassco.com\/wp-content\/uploads\/2023\/09\/ruisheng_logo_icon.webp\",\"width\":400,\"height\":233,\"caption\":\"Shandong Yuncheng Ruisheng Glass Co., Ltd\"},\"image\":{\"@id\":\"https:\/\/ruishengglassco.com\/#\/schema\/logo\/image\/\"},\"sameAs\":[\"https:\/\/www.facebook.com\/ruishengglassbottles\",\"https:\/\/www.instagram.com\/Ruishengglassbottlewholesales\/\",\"https:\/\/www.youtube.com\/channel\/UCMmbMNGwsL-XrtjfSFLCdVQ\"]}]}<\/script>\n<!-- \/ Yoast SEO plugin. -->","yoast_head_json":{"title":"Privacy Policy -","robots":{"index":"index","follow":"follow","max-snippet":"max-snippet:-1","max-image-preview":"max-image-preview:large","max-video-preview":"max-video-preview:-1"},"canonical":"https:\/\/ruishengglassco.com\/de\/datenschutzbestimmungen","og_locale":"de_DE","og_type":"article","og_title":"Privacy Policy -","og_description":"Last updated on: [2024.12] Thank you for visiting Ruisheng Glass Co. (hereinafter referred to as &#8220;we&#8221;, &#8220;our&#8221;). We value your privacy and are committed to protecting your personal information. This privacy policy explains how we collect, use, protect and share your personal information, as well as your related rights when using our website (ruishengglassco.com). 1....","og_url":"https:\/\/ruishengglassco.com\/de\/datenschutzbestimmungen","article_publisher":"https:\/\/www.facebook.com\/ruishengglassbottles","article_modified_time":"2024-12-11T09:09:44+00:00","twitter_card":"summary_large_image","twitter_misc":{"Gesch\u00e4tzte Lesezeit":"3\u00a0Minuten"},"schema":{"@context":"https:\/\/schema.org","@graph":[{"@type":"WebPage","@id":"https:\/\/ruishengglassco.com\/privacy-policy","url":"https:\/\/ruishengglassco.com\/privacy-policy","name":"Privacy Policy -","isPartOf":{"@id":"https:\/\/ruishengglassco.com\/#website"},"datePublished":"2024-12-11T08:55:26+00:00","dateModified":"2024-12-11T09:09:44+00:00","breadcrumb":{"@id":"https:\/\/ruishengglassco.com\/privacy-policy#breadcrumb"},"inLanguage":"de","potentialAction":[{"@type":"ReadAction","target":["https:\/\/ruishengglassco.com\/privacy-policy"]}]},{"@type":"BreadcrumbList","@id":"https:\/\/ruishengglassco.com\/privacy-policy#breadcrumb","itemListElement":[{"@type":"ListItem","position":1,"name":"Home","item":"https:\/\/ruishengglassco.com\/"},{"@type":"ListItem","position":2,"name":"Privacy Policy"}]},{"@type":"WebSite","@id":"https:\/\/ruishengglassco.com\/#website","url":"https:\/\/ruishengglassco.com\/","name":"Ruisheng Glass","description":"","publisher":{"@id":"https:\/\/ruishengglassco.com\/#organization"},"potentialAction":[{"@type":"SearchAction","target":{"@type":"EntryPoint","urlTemplate":"https:\/\/ruishengglassco.com\/?s={search_term_string}"},"query-input":"required name=search_term_string"}],"inLanguage":"de"},{"@type":"Organization","@id":"https:\/\/ruishengglassco.com\/#organization","name":"Shandong Yuncheng Ruisheng Glass Co., Ltd","url":"https:\/\/ruishengglassco.com\/","logo":{"@type":"ImageObject","inLanguage":"de","@id":"https:\/\/ruishengglassco.com\/#\/schema\/logo\/image\/","url":"https:\/\/ruishengglassco.com\/wp-content\/uploads\/2023\/09\/ruisheng_logo_icon.webp","contentUrl":"https:\/\/ruishengglassco.com\/wp-content\/uploads\/2023\/09\/ruisheng_logo_icon.webp","width":400,"height":233,"caption":"Shandong Yuncheng Ruisheng Glass Co., Ltd"},"image":{"@id":"https:\/\/ruishengglassco.com\/#\/schema\/logo\/image\/"},"sameAs":["https:\/\/www.facebook.com\/ruishengglassbottles","https:\/\/www.instagram.com\/Ruishengglassbottlewholesales\/","https:\/\/www.youtube.com\/channel\/UCMmbMNGwsL-XrtjfSFLCdVQ"]}]}},"_links":{"self":[{"href":"https:\/\/ruishengglassco.com\/de\/wp-json\/wp\/v2\/pages\/3970","targetHints":{"allow":["GET"]}}],"collection":[{"href":"https:\/\/ruishengglassco.com\/de\/wp-json\/wp\/v2\/pages"}],"about":[{"href":"https:\/\/ruishengglassco.com\/de\/wp-json\/wp\/v2\/types\/page"}],"author":[{"embeddable":true,"href":"https:\/\/ruishengglassco.com\/de\/wp-json\/wp\/v2\/users\/8"}],"replies":[{"embeddable":true,"href":"https:\/\/ruishengglassco.com\/de\/wp-json\/wp\/v2\/comments?post=3970"}],"version-history":[{"count":4,"href":"https:\/\/ruishengglassco.com\/de\/wp-json\/wp\/v2\/pages\/3970\/revisions"}],"predecessor-version":[{"id":3976,"href":"https:\/\/ruishengglassco.com\/de\/wp-json\/wp\/v2\/pages\/3970\/revisions\/3976"}],"wp:attachment":[{"href":"https:\/\/ruishengglassco.com\/de\/wp-json\/wp\/v2\/media?parent=3970"}],"curies":[{"name":"wp","href":"https:\/\/api.w.org\/{rel}","templated":true}]}}