{"id":1361,"date":"2023-02-01T14:34:04","date_gmt":"2023-02-01T06:34:04","guid":{"rendered":"https:\/\/ruishengglassco.com\/?page_id=1361"},"modified":"2026-01-07T17:09:54","modified_gmt":"2026-01-07T09:09:54","slug":"faq","status":"publish","type":"page","link":"https:\/\/ruishengglassco.com\/de\/faq","title":{"rendered":"FAQ"},"content":{"rendered":"<div class=\"banner has-hover\" id=\"banner-606030659\">\n          <div class=\"banner-inner fill\">\n        <div class=\"banner-bg fill\" >\n            <div class=\"bg fill bg-fill\"><\/div>\n                        <div class=\"overlay\"><\/div>            \n                    <\/div>\n\t\t\n        <div class=\"banner-layers container\">\n            <div class=\"fill banner-link\"><\/div>            \n   <div id=\"text-box-1900675826\" class=\"text-box banner-layer x50 md-x50 lg-x50 y50 md-y50 lg-y50 res-text\">\n                                <div class=\"text-box-content text dark\">\n              \n              <div class=\"text-inner text-center\">\n                  \n<h3 class=\"uppercase\"><strong>FAQ<\/strong><\/h3>\n<p>Haben Sie Fragen, bei denen wir Ihnen helfen k\u00f6nnen?<\/p>\n              <\/div>\n           <\/div>\n                            \n<style>\n#text-box-1900675826 {\n  width: 60%;\n}\n#text-box-1900675826 .text-box-content {\n  font-size: 100%;\n}\n<\/style>\n    <\/div>\n \n        <\/div>\n      <\/div>\n\n            \n<style>\n#banner-606030659 {\n  padding-top: 480px;\n}\n#banner-606030659 .bg.bg-loaded {\n  background-image: url(https:\/\/ruishengglassco.com\/wp-content\/uploads\/2022\/11\/gip_banner_test_001image.jpg);\n}\n#banner-606030659 .overlay {\n  background-color: rgba(0, 0, 0, 0.8);\n}\n<\/style>\n  <\/div>\n\n\n\t<section class=\"section\" id=\"section_1744557165\">\n\t\t<div class=\"bg section-bg fill bg-fill  bg-loaded\" >\n\n\t\t\t\n\t\t\t\n\t\t\t\n\n\t\t<\/div>\n\n\t\t\n\n\t\t<div class=\"section-content relative\">\n\t\t\t\n<div class=\"row align-center row-box-shadow-1\"  id=\"row-1654188485\">\n\n\t<div id=\"col-1185977090\" class=\"col medium-10 small-12 large-12\"  >\n\t\t\t\t<div class=\"col-inner\" style=\"background-color:rgb(255,255,255);\" >\n\t\t\t\n\t\t\t\n<div class=\"accordion\">\n\t<div id=\"accordion-3511421355\" class=\"accordion-item\">\n\t\t<a id=\"accordion-3511421355-label\" class=\"accordion-title plain\" href=\"#accordion-item-can-l-cancel-or-change-my-order?\" aria-expanded=\"false\" aria-controls=\"accordion-3511421355-content\" >\n\t\t\t<button class=\"toggle\" aria-label=\"Umschalten\"><i class=\"icon-angle-down\"><\/i><\/button>\n\t\t\t<span>Kann ich meine Bestellung stornieren oder \u00e4ndern?<\/span>\n\t\t<\/a>\n\t\t<div id=\"accordion-3511421355-content\" class=\"accordion-inner\" aria-labelledby=\"accordion-3511421355-label\" >\n\t\t\t\n<p>Der Gro\u00dfhandel Glasflaschen bestellen dauert jede Warteschlange Zeit auf der Maschine etwa 30 Tage zu produzieren. W\u00e4hrend der Wartezeit beginnt das Personal nicht, die Bestellung zu bearbeiten, und Sie k\u00f6nnen Ihre Bestellung stornieren oder \u00c4nderungen vornehmen. Dies hat jedoch Auswirkungen auf die Durchlaufzeit, und es werden weitere 30 Tage ben\u00f6tigt, um die Warteschlange wieder zu f\u00fcllen. Sobald die Form in Bearbeitung ist und die Produktion beginnt, kann der Auftrag nicht mehr storniert werden.<\/p>\n\t\t<\/div>\n\t<\/div>\n\t\n\t<div id=\"accordion-3666951585\" class=\"accordion-item\">\n\t\t<a id=\"accordion-3666951585-label\" class=\"accordion-title plain\" href=\"#accordion-item-how-do-you-charge-bulk-glass-bottle-shipping-costs-and-what-method-will-be-used-to-ship-my-order?\" aria-expanded=\"false\" aria-controls=\"accordion-3666951585-content\" >\n\t\t\t<button class=\"toggle\" aria-label=\"Umschalten\"><i class=\"icon-angle-down\"><\/i><\/button>\n\t\t\t<span>Wie berechnen Sie die Versandkosten f\u00fcr lose Glasflaschen und wie wird meine Bestellung versandt?<\/span>\n\t\t<\/a>\n\t\t<div id=\"accordion-3666951585-content\" class=\"accordion-inner\" aria-labelledby=\"accordion-3666951585-label\" >\n\t\t\t\n<p>Aufgrund der flexiblen internationalen Seefracht h\u00e4ngen die Versandkosten von den Frachtraten bei der Bestellung des Containers ab.<br \/>\nWir unterst\u00fctzen die Lieferung auf dem See- oder Luftweg. Kunden k\u00f6nnen die Versandkosten an die Reederei oder uns zahlen.<\/p>\n\t\t<\/div>\n\t<\/div>\n\t\n\t<div id=\"accordion-2276241782\" class=\"accordion-item\">\n\t\t<a id=\"accordion-2276241782-label\" class=\"accordion-title plain\" href=\"#accordion-item-what-freight-companies-do-you-use?\" aria-expanded=\"false\" aria-controls=\"accordion-2276241782-content\" >\n\t\t\t<button class=\"toggle\" aria-label=\"Umschalten\"><i class=\"icon-angle-down\"><\/i><\/button>\n\t\t\t<span>Welche Frachtunternehmen nutzen Sie?<\/span>\n\t\t<\/a>\n\t\t<div id=\"accordion-2276241782-content\" class=\"accordion-inner\" aria-labelledby=\"accordion-2276241782-label\" >\n\t\t\t\n<p>Wir verf\u00fcgen \u00fcber professionelle Spediteure, die die Lieferung an Ihren Seehafen organisieren oder einen Haus-zu-Haus-Service anbieten. EMC, COSCO, ONE und andere Spediteure sind je nach Schifffahrtslinie und Verf\u00fcgbarkeit verf\u00fcgbar.<\/p>\n\t\t<\/div>\n\t<\/div>\n\t\n\t<div id=\"accordion-665095096\" class=\"accordion-item\">\n\t\t<a id=\"accordion-665095096-label\" class=\"accordion-title plain\" href=\"#accordion-item-when-will-my-order-be-shipped?\" aria-expanded=\"false\" aria-controls=\"accordion-665095096-content\" >\n\t\t\t<button class=\"toggle\" aria-label=\"Umschalten\"><i class=\"icon-angle-down\"><\/i><\/button>\n\t\t\t<span>Wann wird meine Bestellung versandt?<\/span>\n\t\t<\/a>\n\t\t<div id=\"accordion-665095096-content\" class=\"accordion-inner\" aria-labelledby=\"accordion-665095096-label\" >\n\t\t\t\n<p>Im Allgemeinen betr\u00e4gt die Vorlaufzeit im Gro\u00dfhandel f\u00fcr Glasflaschen etwa 40 Tage nach Eingang der Anzahlung.<br \/>\nBei Lagerprodukten kann die Bestellung innerhalb einer Woche nach Eingang der Anzahlung versandt werden.<\/p>\n\t\t<\/div>\n\t<\/div>\n\t\n\t<div id=\"accordion-2513736421\" class=\"accordion-item\">\n\t\t<a id=\"accordion-2513736421-label\" class=\"accordion-title plain\" href=\"#accordion-item-can-i-get-discounts-on-large-orders?\" aria-expanded=\"false\" aria-controls=\"accordion-2513736421-content\" >\n\t\t\t<button class=\"toggle\" aria-label=\"Umschalten\"><i class=\"icon-angle-down\"><\/i><\/button>\n\t\t\t<span>Kann ich bei gro\u00dfen Bestellungen Rabatte erhalten?<\/span>\n\t\t<\/a>\n\t\t<div id=\"accordion-2513736421-content\" class=\"accordion-inner\" aria-labelledby=\"accordion-2513736421-label\" >\n\t\t\t\n<p>Ja, wir bieten Preisnachl\u00e4sse f\u00fcr gro\u00dfe Bestellungen. Je mehr Glasflaschen Sie bestellen, desto niedriger ist der Preis. F\u00fcr spezifische Details, fragen Sie bitte unser Verkaufsteam f\u00fcr die neuesten Glasflasche Gro\u00dfhandelspreis.<\/p>\n\t\t<\/div>\n\t<\/div>\n\t\n\t<div id=\"accordion-1674103454\" class=\"accordion-item\">\n\t\t<a id=\"accordion-1674103454-label\" class=\"accordion-title plain\" href=\"#accordion-item-i-just-placed-my-order.-can-i-change-my-shipping-service?\" aria-expanded=\"false\" aria-controls=\"accordion-1674103454-content\" >\n\t\t\t<button class=\"toggle\" aria-label=\"Umschalten\"><i class=\"icon-angle-down\"><\/i><\/button>\n\t\t\t<span>Ich habe gerade meine Bestellung aufgegeben. Kann ich den Versanddienstleister wechseln?<\/span>\n\t\t<\/a>\n\t\t<div id=\"accordion-1674103454-content\" class=\"accordion-inner\" aria-labelledby=\"accordion-1674103454-label\" >\n\t\t\t\n<p>Ja, der Wechsel des Versanddienstes ist nach der Bestellung verhandelbar.<\/p>\n\t\t<\/div>\n\t<\/div>\n\t\n\t<div id=\"accordion-2880677866\" class=\"accordion-item\">\n\t\t<a id=\"accordion-2880677866-label\" class=\"accordion-title plain\" href=\"#accordion-item-how-can-i-get-my-tracking-number?\" aria-expanded=\"false\" aria-controls=\"accordion-2880677866-content\" >\n\t\t\t<button class=\"toggle\" aria-label=\"Umschalten\"><i class=\"icon-angle-down\"><\/i><\/button>\n\t\t\t<span>Wie erhalte ich meine Kontrollnummer?<\/span>\n\t\t<\/a>\n\t\t<div id=\"accordion-2880677866-content\" class=\"accordion-inner\" aria-labelledby=\"accordion-2880677866-label\" >\n\t\t\t\n<p>F\u00fcr eine Probe bieten wir Ihnen eine Tracking-Nummer, und das w\u00e4re innerhalb von 48 Stunden. F\u00fcr Gro\u00dfhandel Glasflaschen, Massenproduktion braucht etwa 30 Tage. Wenn f\u00fcr die benutzerdefinierte Glasflaschen, wird es 45 Tage ben\u00f6tigen.<\/p>\n\t\t<\/div>\n\t<\/div>\n\t\n\t<div id=\"accordion-905484287\" class=\"accordion-item\">\n\t\t<a id=\"accordion-905484287-label\" class=\"accordion-title plain\" href=\"#accordion-item-how-do-you-deal-with-damaged-packages-during-shipping?\" aria-expanded=\"false\" aria-controls=\"accordion-905484287-content\" >\n\t\t\t<button class=\"toggle\" aria-label=\"Umschalten\"><i class=\"icon-angle-down\"><\/i><\/button>\n\t\t\t<span>Wie gehen Sie mit besch\u00e4digten Paketen w\u00e4hrend des Versands um?<\/span>\n\t\t<\/a>\n\t\t<div id=\"accordion-905484287-content\" class=\"accordion-inner\" aria-labelledby=\"accordion-905484287-label\" >\n\t\t\t\n<p>Bitte nehmen Sie Fotos zuerst, um uns zu senden. Normalerweise ist eine 3% gebrochene Rate w\u00e4hrend des Versands normal, und wir k\u00f6nnen die Flasche kompensieren.<\/p>\n\t\t<\/div>\n\t<\/div>\n\t\n\t<div id=\"accordion-3170270272\" class=\"accordion-item\">\n\t\t<a id=\"accordion-3170270272-label\" class=\"accordion-title plain\" href=\"#accordion-item-what-is-your-return-policy?\" aria-expanded=\"false\" aria-controls=\"accordion-3170270272-content\" >\n\t\t\t<button class=\"toggle\" aria-label=\"Umschalten\"><i class=\"icon-angle-down\"><\/i><\/button>\n\t\t\t<span>Wie ist Ihr R\u00fcckgaberecht?<\/span>\n\t\t<\/a>\n\t\t<div id=\"accordion-3170270272-content\" class=\"accordion-inner\" aria-labelledby=\"accordion-3170270272-label\" >\n\t\t\t\n<p>Wir k\u00f6nnen Ihre Form Geb\u00fchr, wie eine 750ml Lik\u00f6rflasche, wenn Ihr Gro\u00dfhandel Glasflasche Bestellmenge erreicht 200.000pcs zur\u00fcck.<\/p>\n\t\t<\/div>\n\t<\/div>\n\t\n\t<div id=\"accordion-3252945154\" class=\"accordion-item\">\n\t\t<a id=\"accordion-3252945154-label\" class=\"accordion-title plain\" href=\"#accordion-item-what-methods-of-payment-do-you-accept?\" aria-expanded=\"false\" aria-controls=\"accordion-3252945154-content\" >\n\t\t\t<button class=\"toggle\" aria-label=\"Umschalten\"><i class=\"icon-angle-down\"><\/i><\/button>\n\t\t\t<span>Welche Zahlungsmittel akzeptieren Sie?<\/span>\n\t\t<\/a>\n\t\t<div id=\"accordion-3252945154-content\" class=\"accordion-inner\" aria-labelledby=\"accordion-3252945154-label\" >\n\t\t\t\n<p>TT, PayPal, L\/C, Western Union, etc.<\/p>\n\t\t<\/div>\n\t<\/div>\n\t\n\t<div id=\"accordion-3558761321\" class=\"accordion-item\">\n\t\t<a id=\"accordion-3558761321-label\" class=\"accordion-title plain\" href=\"#accordion-item-what-form-of-currency-are-your-priced-in?\" aria-expanded=\"false\" aria-controls=\"accordion-3558761321-content\" >\n\t\t\t<button class=\"toggle\" aria-label=\"Umschalten\"><i class=\"icon-angle-down\"><\/i><\/button>\n\t\t\t<span>Auf welche W\u00e4hrung lauten Ihre Preise?<\/span>\n\t\t<\/a>\n\t\t<div id=\"accordion-3558761321-content\" class=\"accordion-inner\" aria-labelledby=\"accordion-3558761321-label\" >\n\t\t\t\n<p>Unsere Hauptw\u00e4hrung ist USD. EUR, Australischer Dollar, GBP oder andere W\u00e4hrungen sind ebenfalls verf\u00fcgbar.<\/p>\n\t\t<\/div>\n\t<\/div>\n\t\n\t<div id=\"accordion-3997137950\" class=\"accordion-item\">\n\t\t<a id=\"accordion-3997137950-label\" class=\"accordion-title plain\" href=\"#accordion-item-do-you-offer-purchases-on-credit?\" aria-expanded=\"false\" aria-controls=\"accordion-3997137950-content\" >\n\t\t\t<button class=\"toggle\" aria-label=\"Umschalten\"><i class=\"icon-angle-down\"><\/i><\/button>\n\t\t\t<span>Bieten Sie K\u00e4ufe auf Kredit an?<\/span>\n\t\t<\/a>\n\t\t<div id=\"accordion-3997137950-content\" class=\"accordion-inner\" aria-labelledby=\"accordion-3997137950-label\" >\n\t\t\t\n<p>50% Anzahlung im Voraus, Rest 50% auf der Grundlage der Massenproduktion gut verpacktes Bild.<\/p>\n\t\t<\/div>\n\t<\/div>\n\t\n\t<div id=\"accordion-820139805\" class=\"accordion-item\">\n\t\t<a id=\"accordion-820139805-label\" class=\"accordion-title plain\" href=\"#accordion-item-how-do-i-know-if-the-product-is-in-stock?\" aria-expanded=\"false\" aria-controls=\"accordion-820139805-content\" >\n\t\t\t<button class=\"toggle\" aria-label=\"Umschalten\"><i class=\"icon-angle-down\"><\/i><\/button>\n\t\t\t<span>Woher wei\u00df ich, ob das Produkt auf Lager ist?<\/span>\n\t\t<\/a>\n\t\t<div id=\"accordion-820139805-content\" class=\"accordion-inner\" aria-labelledby=\"accordion-820139805-label\" >\n\t\t\t\n<p>Bitte senden Sie uns eine Anfrage oder rufen Sie uns direkt an, nennen Sie uns die Nennkapazit\u00e4t und senden Sie uns Bilder und die Bestellmenge. Wir werden Gro\u00dfhandel Glasflasche Lager f\u00fcr Sie \u00fcberpr\u00fcfen.<\/p>\n\t\t<\/div>\n\t<\/div>\n\t\n\t<div id=\"accordion-1777368437\" class=\"accordion-item\">\n\t\t<a id=\"accordion-1777368437-label\" class=\"accordion-title plain\" href=\"#accordion-item-do-you-offer-discounted-products?\" aria-expanded=\"false\" aria-controls=\"accordion-1777368437-content\" >\n\t\t\t<button class=\"toggle\" aria-label=\"Umschalten\"><i class=\"icon-angle-down\"><\/i><\/button>\n\t\t\t<span>Bieten Sie erm\u00e4\u00dfigte Produkte an?<\/span>\n\t\t<\/a>\n\t\t<div id=\"accordion-1777368437-content\" class=\"accordion-inner\" aria-labelledby=\"accordion-1777368437-label\" >\n\t\t\t\n<p>Ja, wir bieten Rabatte auf der Grundlage Ihrer Bestellmenge. Wir bieten den besten Gro\u00dfhandel Glasflasche Preis f\u00fcr unsere Kunden.<\/p>\n\t\t<\/div>\n\t<\/div>\n\t\n\t<div id=\"accordion-2415489343\" class=\"accordion-item\">\n\t\t<a id=\"accordion-2415489343-label\" class=\"accordion-title plain\" href=\"#accordion-item-what-about-the-warranty-comes-with-the-purchase-of-my-products?\" aria-expanded=\"false\" aria-controls=\"accordion-2415489343-content\" >\n\t\t\t<button class=\"toggle\" aria-label=\"Umschalten\"><i class=\"icon-angle-down\"><\/i><\/button>\n\t\t\t<span>Was ist mit der Garantie, die mit dem Kauf meiner Produkte einhergeht?<\/span>\n\t\t<\/a>\n\t\t<div id=\"accordion-2415489343-content\" class=\"accordion-inner\" aria-labelledby=\"accordion-2415489343-label\" >\n\t\t\t\n<p>Vor der Auslieferung werden alle Glasflaschen einer strengen Qualit\u00e4tskontrolle unterzogen, um die Qualit\u00e4t zu gew\u00e4hrleisten.<br \/>\nWenn es ein Qualit\u00e4tsproblem gibt, werden wir die Verantwortung \u00fcbernehmen und zufriedenstellende L\u00f6sungen anbieten.<\/p>\n\t\t<\/div>\n\t<\/div>\n\t\n\t<div id=\"accordion-281681853\" class=\"accordion-item\">\n\t\t<a id=\"accordion-281681853-label\" class=\"accordion-title plain\" href=\"#accordion-item-where-can-i-find-the-product-dimensions?\" aria-expanded=\"false\" aria-controls=\"accordion-281681853-content\" >\n\t\t\t<button class=\"toggle\" aria-label=\"Umschalten\"><i class=\"icon-angle-down\"><\/i><\/button>\n\t\t\t<span>Wo kann ich die Produktabmessungen finden?<\/span>\n\t\t<\/a>\n\t\t<div id=\"accordion-281681853-content\" class=\"accordion-inner\" aria-labelledby=\"accordion-281681853-label\" >\n\t\t\t\n<p>Wir k\u00f6nnen Ihnen eine technische Zeichnung der Flaschengr\u00f6\u00dfe zusenden.<br \/>\nUnd geben Ihnen eine gesch\u00e4tzte Ladungsmenge, das Gewicht und die Gr\u00f6\u00dfe der Palette oder des Kartons an.<\/p>\n\t\t<\/div>\n\t<\/div>\n\t\n<\/div>\n\t\t<\/div>\n\t\t\t\t\t<\/div>\n\n\t\n\n<style>\n#row-1654188485 > .col > .col-inner {\n  padding: 0px 0px 0px 0px;\n}\n@media (min-width:550px) {\n  #row-1654188485 > .col > .col-inner {\n    padding: 60px 60px 60px 60px;\n  }\n}\n<\/style>\n<\/div>\n\t\t<\/div>\n\n\t\t\n<style>\n#section_1744557165 {\n  padding-top: 80px;\n  padding-bottom: 80px;\n  background-color: rgb(255,255,255);\n}\n<\/style>\n\t<\/section>","protected":false},"excerpt":{"rendered":"","protected":false},"author":11,"featured_media":0,"parent":0,"menu_order":0,"comment_status":"closed","ping_status":"closed","template":"","meta":{"footnotes":""},"class_list":["post-1361","page","type-page","status-publish","hentry"],"yoast_head":"<!-- This site is optimized with the Yoast SEO plugin v22.0 - https:\/\/yoast.com\/wordpress\/plugins\/seo\/ -->\n<title>Glass Liquor Bottle FAQ | Customization, MOQ &amp; Shipping<\/title>\n<meta name=\"description\" content=\"We produce glass bottles in various colors and sizes. If you have any questions about purchasing glass bottles, please contact us.\" \/>\n<meta name=\"robots\" content=\"index, follow, max-snippet:-1, max-image-preview:large, max-video-preview:-1\" \/>\n<link rel=\"canonical\" href=\"https:\/\/ruishengglassco.com\/de\/faq\" \/>\n<meta property=\"og:locale\" content=\"de_DE\" \/>\n<meta property=\"og:type\" content=\"article\" \/>\n<meta property=\"og:title\" content=\"Glass Liquor Bottle FAQ | Customization, MOQ &amp; Shipping\" \/>\n<meta property=\"og:description\" content=\"We produce glass bottles in various colors and sizes. If you have any questions about purchasing glass bottles, please contact us.\" \/>\n<meta property=\"og:url\" content=\"https:\/\/ruishengglassco.com\/de\/faq\" \/>\n<meta property=\"article:publisher\" content=\"https:\/\/www.facebook.com\/ruishengglassbottles\" \/>\n<meta property=\"article:modified_time\" content=\"2026-01-07T09:09:54+00:00\" \/>\n<meta name=\"twitter:card\" content=\"summary_large_image\" \/>\n<meta name=\"twitter:label1\" content=\"Gesch\u00e4tzte Lesezeit\" \/>\n\t<meta name=\"twitter:data1\" content=\"3\u00a0Minuten\" \/>\n<script type=\"application\/ld+json\" class=\"yoast-schema-graph\">{\"@context\":\"https:\/\/schema.org\",\"@graph\":[{\"@type\":\"WebPage\",\"@id\":\"https:\/\/ruishengglassco.com\/faq\",\"url\":\"https:\/\/ruishengglassco.com\/faq\",\"name\":\"Glass Liquor Bottle FAQ | Customization, MOQ & Shipping\",\"isPartOf\":{\"@id\":\"https:\/\/ruishengglassco.com\/#website\"},\"datePublished\":\"2023-02-01T06:34:04+00:00\",\"dateModified\":\"2026-01-07T09:09:54+00:00\",\"description\":\"We produce glass bottles in various colors and sizes. If you have any questions about purchasing glass bottles, please contact us.\",\"breadcrumb\":{\"@id\":\"https:\/\/ruishengglassco.com\/faq#breadcrumb\"},\"inLanguage\":\"de\",\"potentialAction\":[{\"@type\":\"ReadAction\",\"target\":[\"https:\/\/ruishengglassco.com\/faq\"]}]},{\"@type\":\"BreadcrumbList\",\"@id\":\"https:\/\/ruishengglassco.com\/faq#breadcrumb\",\"itemListElement\":[{\"@type\":\"ListItem\",\"position\":1,\"name\":\"Home\",\"item\":\"https:\/\/ruishengglassco.com\/\"},{\"@type\":\"ListItem\",\"position\":2,\"name\":\"FAQ\"}]},{\"@type\":\"WebSite\",\"@id\":\"https:\/\/ruishengglassco.com\/#website\",\"url\":\"https:\/\/ruishengglassco.com\/\",\"name\":\"Ruisheng Glass\",\"description\":\"\",\"publisher\":{\"@id\":\"https:\/\/ruishengglassco.com\/#organization\"},\"potentialAction\":[{\"@type\":\"SearchAction\",\"target\":{\"@type\":\"EntryPoint\",\"urlTemplate\":\"https:\/\/ruishengglassco.com\/?s={search_term_string}\"},\"query-input\":\"required name=search_term_string\"}],\"inLanguage\":\"de\"},{\"@type\":\"Organization\",\"@id\":\"https:\/\/ruishengglassco.com\/#organization\",\"name\":\"Shandong Yuncheng Ruisheng Glass Co., Ltd\",\"url\":\"https:\/\/ruishengglassco.com\/\",\"logo\":{\"@type\":\"ImageObject\",\"inLanguage\":\"de\",\"@id\":\"https:\/\/ruishengglassco.com\/#\/schema\/logo\/image\/\",\"url\":\"https:\/\/ruishengglassco.com\/wp-content\/uploads\/2023\/09\/ruisheng_logo_icon.webp\",\"contentUrl\":\"https:\/\/ruishengglassco.com\/wp-content\/uploads\/2023\/09\/ruisheng_logo_icon.webp\",\"width\":400,\"height\":233,\"caption\":\"Shandong Yuncheng Ruisheng Glass Co., Ltd\"},\"image\":{\"@id\":\"https:\/\/ruishengglassco.com\/#\/schema\/logo\/image\/\"},\"sameAs\":[\"https:\/\/www.facebook.com\/ruishengglassbottles\",\"https:\/\/www.instagram.com\/Ruishengglassbottlewholesales\/\",\"https:\/\/www.youtube.com\/channel\/UCMmbMNGwsL-XrtjfSFLCdVQ\"]}]}<\/script>\n<!-- \/ Yoast SEO plugin. -->","yoast_head_json":{"title":"Glass Liquor Bottle FAQ | Customization, MOQ & Shipping","description":"We produce glass bottles in various colors and sizes. If you have any questions about purchasing glass bottles, please contact us.","robots":{"index":"index","follow":"follow","max-snippet":"max-snippet:-1","max-image-preview":"max-image-preview:large","max-video-preview":"max-video-preview:-1"},"canonical":"https:\/\/ruishengglassco.com\/de\/faq","og_locale":"de_DE","og_type":"article","og_title":"Glass Liquor Bottle FAQ | Customization, MOQ & Shipping","og_description":"We produce glass bottles in various colors and sizes. If you have any questions about purchasing glass bottles, please contact us.","og_url":"https:\/\/ruishengglassco.com\/de\/faq","article_publisher":"https:\/\/www.facebook.com\/ruishengglassbottles","article_modified_time":"2026-01-07T09:09:54+00:00","twitter_card":"summary_large_image","twitter_misc":{"Gesch\u00e4tzte Lesezeit":"3\u00a0Minuten"},"schema":{"@context":"https:\/\/schema.org","@graph":[{"@type":"WebPage","@id":"https:\/\/ruishengglassco.com\/faq","url":"https:\/\/ruishengglassco.com\/faq","name":"Glass Liquor Bottle FAQ | Customization, MOQ & Shipping","isPartOf":{"@id":"https:\/\/ruishengglassco.com\/#website"},"datePublished":"2023-02-01T06:34:04+00:00","dateModified":"2026-01-07T09:09:54+00:00","description":"We produce glass bottles in various colors and sizes. If you have any questions about purchasing glass bottles, please contact us.","breadcrumb":{"@id":"https:\/\/ruishengglassco.com\/faq#breadcrumb"},"inLanguage":"de","potentialAction":[{"@type":"ReadAction","target":["https:\/\/ruishengglassco.com\/faq"]}]},{"@type":"BreadcrumbList","@id":"https:\/\/ruishengglassco.com\/faq#breadcrumb","itemListElement":[{"@type":"ListItem","position":1,"name":"Home","item":"https:\/\/ruishengglassco.com\/"},{"@type":"ListItem","position":2,"name":"FAQ"}]},{"@type":"WebSite","@id":"https:\/\/ruishengglassco.com\/#website","url":"https:\/\/ruishengglassco.com\/","name":"Ruisheng Glass","description":"","publisher":{"@id":"https:\/\/ruishengglassco.com\/#organization"},"potentialAction":[{"@type":"SearchAction","target":{"@type":"EntryPoint","urlTemplate":"https:\/\/ruishengglassco.com\/?s={search_term_string}"},"query-input":"required name=search_term_string"}],"inLanguage":"de"},{"@type":"Organization","@id":"https:\/\/ruishengglassco.com\/#organization","name":"Shandong Yuncheng Ruisheng Glass Co., Ltd","url":"https:\/\/ruishengglassco.com\/","logo":{"@type":"ImageObject","inLanguage":"de","@id":"https:\/\/ruishengglassco.com\/#\/schema\/logo\/image\/","url":"https:\/\/ruishengglassco.com\/wp-content\/uploads\/2023\/09\/ruisheng_logo_icon.webp","contentUrl":"https:\/\/ruishengglassco.com\/wp-content\/uploads\/2023\/09\/ruisheng_logo_icon.webp","width":400,"height":233,"caption":"Shandong Yuncheng Ruisheng Glass Co., Ltd"},"image":{"@id":"https:\/\/ruishengglassco.com\/#\/schema\/logo\/image\/"},"sameAs":["https:\/\/www.facebook.com\/ruishengglassbottles","https:\/\/www.instagram.com\/Ruishengglassbottlewholesales\/","https:\/\/www.youtube.com\/channel\/UCMmbMNGwsL-XrtjfSFLCdVQ"]}]}},"_links":{"self":[{"href":"https:\/\/ruishengglassco.com\/de\/wp-json\/wp\/v2\/pages\/1361","targetHints":{"allow":["GET"]}}],"collection":[{"href":"https:\/\/ruishengglassco.com\/de\/wp-json\/wp\/v2\/pages"}],"about":[{"href":"https:\/\/ruishengglassco.com\/de\/wp-json\/wp\/v2\/types\/page"}],"author":[{"embeddable":true,"href":"https:\/\/ruishengglassco.com\/de\/wp-json\/wp\/v2\/users\/11"}],"replies":[{"embeddable":true,"href":"https:\/\/ruishengglassco.com\/de\/wp-json\/wp\/v2\/comments?post=1361"}],"version-history":[{"count":37,"href":"https:\/\/ruishengglassco.com\/de\/wp-json\/wp\/v2\/pages\/1361\/revisions"}],"predecessor-version":[{"id":5324,"href":"https:\/\/ruishengglassco.com\/de\/wp-json\/wp\/v2\/pages\/1361\/revisions\/5324"}],"wp:attachment":[{"href":"https:\/\/ruishengglassco.com\/de\/wp-json\/wp\/v2\/media?parent=1361"}],"curies":[{"name":"wp","href":"https:\/\/api.w.org\/{rel}","templated":true}]}}